{"id":37134,"date":"2022-08-11T13:10:42","date_gmt":"2022-08-11T13:10:42","guid":{"rendered":"https:\/\/loosen.lt\/privacy-policy\/"},"modified":"2024-04-24T20:56:45","modified_gmt":"2024-04-24T20:56:45","slug":"privacy-policy","status":"publish","type":"page","link":"https:\/\/loosen.lt\/en\/privacy-policy\/","title":{"rendered":"Privacy policy"},"content":{"rendered":"\n\t<section class=\"section\" id=\"section_521711216\">\n\t\t<div class=\"section-bg fill\" >\n\t\t\t\t\t\t\t\t\t\n\t\t\t\n\n\t\t<\/div>\n\n\t\t\n\n\t\t<div class=\"section-content relative\">\n\t\t\t <div class=\"row\"  id=\"row-851850536\"> \n\t<div id=\"col-1751088611\" class=\"col small-12 large-12\"  >\n\t\t\t\t<div class=\"col-inner\"  >\n\t\t\t\n\t\t\t \t<div id=\"gap-1466897432\" class=\"gap-element clearfix\" style=\"display:block; height:auto;\">\n\t\t\n<style>\n#gap-1466897432 {\n  padding-top: 50px;\n}\n<\/style>\n\t<\/div>\n\t\r\n<h1 style=\"margin-bottom: 0px; text-align: center;\"><span style=\"font-size: 140%;\">Privacy policy<\/span><\/h1>\r\n\t<div id=\"gap-120958404\" class=\"gap-element clearfix\" style=\"display:block; height:auto;\">\n\t\t\n<style>\n#gap-120958404 {\n  padding-top: 30px;\n}\n<\/style>\n\t<\/div>\n\t \t\t<\/div>\n\t\t\t\t\t<\/div>\n\n\t <\/div> \t\t<\/div>\n\n\t\t\n<style>\n#section_521711216 {\n  padding-top: 0px;\n  padding-bottom: 0px;\n}\n<\/style>\n\t<\/section>\n\t \n\t<section class=\"section\" id=\"section_718287132\">\n\t\t<div class=\"section-bg fill\" >\n\t\t\t\t\t\t\t\t\t\n\t\t\t\n\n\t\t<\/div>\n\n\t\t\n\n\t\t<div class=\"section-content relative\">\n\t\t\t <div class=\"row\"  id=\"row-1126171237\"> \n\t<div id=\"col-1919756420\" class=\"col small-12 large-12\"  >\n\t\t\t\t<div class=\"col-inner\"  >\n\t\t\t\n\t\t\t\r\n<p>\r\n&#13;\r\n<p>This privacy policy presents the principles of processing personal data of users of Ajomus grupe, UAB <span style=\"color: var( --e-global-color-text ); font-family: var( --e-global-typography-text-font-family ), Sans-serif; font-weight: var( --e-global-typography-text-font-weight );\">electronic store (www.loosen.lt) in accordance with the General Personal Data Protection Regulation (EU) 2016\/679. <\/span><\/p>&#13;\r\n<p><\/p><\/p>\r\n<p>\r\n&#13;\r\n<p>Data processor and manager &#8211; Ajomus grupe, UAB, \u010d.k. 306526615, A. Baranauska a. 14, Anyk\u0161\u010diai., LT-29132, Tel.: +37066263620, E-mail Mr. info@loosen.lt<\/p>&#13;\r\n<p><\/p><\/p>\r\n<p>\r\n&#13;\r\n<p>We ensure that all your data is processed and stored in accordance with the requirements set out in the Personal Data Protection Act of the Republic of Lithuania and other legal acts regulating the protection of personal data in the Republic of Lithuania, applying the necessary organizational and technical measures to protect your data from accidental or illegal disclosure, destruction, alteration, as well as even from illegal handling actions.<\/p>&#13;\r\n<p><\/p><\/p>\r\n<p>\r\n&#13;\r\n<p><strong>1. What is personal data?<\/strong><\/p>&#13;\r\n<p><\/p><\/p>\r\n<p>\r\n&#13;\r\n<p>Personal data &#8211; any information related to a natural person &#8211; a data subject whose identity is known or can be directly or indirectly determined.<\/p>&#13;\r\n<p><\/p><\/p>\r\n<p>\r\n&#13;\r\n<p><strong>2. Data and their use in the online store www.loosen.lt<\/strong><\/p>&#13;\r\n<p><\/p><\/p>\r\n<p>\r\n&#13;\r\n<p><strong>2.1. Types of data collected<\/strong><\/p>&#13;\r\n<p><\/p><\/p>\r\n<p>\r\n&#13;\r\n<p>When registering in the online store www.loosen.lt, you provide the following data: <strong>first name, last name, date of birth, e-mail address, telephone, address. <\/strong><\/p>&#13;\r\n<p><\/p><\/p>\r\n<p>\r\n&#13;\r\n<p>Providing part of this data is necessary in order to use the services of the online store www.loosen.lt. By registering, you confirm that you are at least 18 years old and that the registration data provided is correct. Ajomus grupe, UAB does not assume responsibility for incorrect data provided during registration and the resulting disruptions in online store services.  <\/p>&#13;\r\n<p><\/p><\/p>\r\n<p>\r\n&#13;\r\n<p><strong>2.1.1. Use of Collected Data<\/strong><\/p>&#13;\r\n<p><\/p><\/p>\r\n<p>\r\n&#13;\r\n<p>The account data provided during registration in the www.loosen.lt online store are used for the following purposes:<\/p>&#13;\r\n<p><\/p><\/p>\r\n<p>\r\n&#13;\r\n<p><strong>&#8211; E-mail:<\/strong> used to connect the user to the e-store account, to identify the user in the e-store system, to inform the user about the changed status of the order execution, as well as for marketing purposes &#8211; to send newsletters.<\/p>&#13;\r\n<p><\/p><\/p>\r\n<p>\r\n&#13;\r\n<p><strong>&#8211; Name, surname, phone number and address:<\/strong> used to process the user&#8217;s order in the online store, together with the user to solve the problems of order fulfillment, to solve other questions that arise for users, as well as for marketing purposes.<\/p>&#13;\r\n<p><\/p><\/p>\r\n<p>\r\n&#13;\r\n<p>&#8211; <strong> Date of birth:<\/strong> used to confirm the user&#8217;s ability to use the services of the online store (the user must be at least 18 years old).<\/p>&#13;\r\n<p><\/p><\/p>\r\n<p>\r\n&#13;\r\n<p>You can unsubscribe from receiving newsletters at any time by clicking on the unsubscribe link in the newsletter.<\/p>&#13;\r\n<p><\/p><\/p>\r\n<p>\r\n&#13;\r\n<p>If your personal data has changed, please update it immediately by logging in to the online store www.loosen.lt account &#8211; failure to update this data may cause problems when using the services of the online store (for example, it is not possible to solve problems with order execution due to incorrectly specified contact information).<\/p>&#13;\r\n<p><\/p><\/p>\r\n<p>\r\n&#13;\r\n<p><strong>3. Duration of personal data storage<\/strong><\/p>&#13;\r\n<p><\/p><\/p>\r\n<p>\r\n&#13;\r\n<p>User account data provided in the electronic store www.loosen.lt are stored as long as the electronic store operates.<\/p>&#13;\r\n<p><b>4. Data Sharing<\/b><\/p>&#13;\r\n<p><\/p><\/p>\r\n<p>\r\n&#13;\r\n<p>We always keep your data secure and require that all our partners and service providers who have access to your data do so. Your data can be viewed by: &#8211; website content hosting providers &#8211; marketing service providers &#8211; project development team<\/p>&#13;\r\n<p><\/p><\/p>\r\n<p>\r\n&#13;\r\n<p>We accept payments via <strong>NEOPAY. <\/strong> If you have selected this payment, your data will be transferred to <strong>NEOPAY<\/strong>, including information necessary to process or support the payment, such as the purchase amount and billing information. For more information, see <a href=\"https:\/\/neopay.online\/lt\/privacy-policy.html\" target=\"_blank\" rel=\"noopener\">Neopay&#8217;s privacy policy.<\/a><\/p>&#13;\r\n<p><b>5. Your rights<\/b><\/p>&#13;\r\n<ul>&#13;\r\n<li>J\u016bs turite teis\u0119 su\u017einoti, kokius J\u016bs\u0173 asmeninius duomenis esame sukaup\u0119.<\/li>&#13;\r\n<li>J\u016bs turite teis\u0119 su\u017einoti, kokiems duomen\u0173 gav\u0117jams J\u016bs\u0173 asmens duomenys tiekiami ir buvo pateikti per paskutinius 1 (vienerius) metus.<\/li>&#13;\r\n<li>J\u016bs turite teis\u0119 papra\u0161yti i\u0161taisyti neteisingus, nei\u0161samius ar netikslius duomenis.<\/li>&#13;\r\n<li>J\u016bs turite teis\u0119 papra\u0161yti i\u0161trinti sukauptus asmeninius duomenis apie jus.<\/li>&#13;\r\n<li>J\u016bs turite teis\u0119 papra\u0161yti nustoti apdoroti sukauptus J\u016bs\u0173 asmeninius duomenis.<\/li>&#13;\r\n<\/ul>&#13;\r\n<p>If you want to receive information about the collected information about your personal data or to apply for the processing of incorrect, incomplete or inaccurate data and request correction, send us a request by e-mail. to the e-mail address info@loosen.lt, indicating &#8220;Request for data collection&#8221; in the header of the letter. <\/p>&#13;\r\n<p>We may ask you to confirm a personal identification document that allows you to be properly identified. After you confirm your identity, information about your processed data is provided within 30 (thirty) calendar days from the date of submission of the written request. <\/p>&#13;\r\n<p>The information is provided free of charge. If we determine that the requests are manifestly unreasonable or disproportionate, in particular due to their repetitive content, we may charge a reasonable fee, taking into account the administrative costs of providing the information or notifications or actions requested, or refuse to act on the request. <\/p>&#13;\r\n<p><b>6. Privacy Policy Validity and Updates<\/b><\/p>&#13;\r\n<p><\/p><\/p>\r\n<p>\r\n&#13;\r\n<p>This privacy policy is valid from 2023. December 31 <\/p>&#13;\r\n<p><\/p><\/p>\r\n<p>\r\n&#13;\r\n<p>Any updates to the Privacy Policy will be posted on this page.<\/p>&#13;\r\n<p><\/p><\/p>\r\n<p>\r\n&#13;\r\n<p>Privacy policy last updated: 2024 January 22 <\/p>&#13;\r\n<p><\/p><\/p>\r\n\t<div id=\"gap-1626371865\" class=\"gap-element clearfix\" style=\"display:block; height:auto;\">\n\t\t\n<style>\n#gap-1626371865 {\n  padding-top: 50px;\n}\n<\/style>\n\t<\/div>\n\t \t\t<\/div>\n\t\t\t\t\t<\/div>\n\n\t <\/div> \t\t<\/div>\n\n\t\t\n<style>\n#section_718287132 {\n  padding-top: 0px;\n  padding-bottom: 0px;\n}\n<\/style>\n\t<\/section>\n\t\r\n","protected":false},"excerpt":{"rendered":"","protected":false},"author":17,"featured_media":0,"parent":0,"menu_order":0,"comment_status":"closed","ping_status":"open","template":"page-blank.php","meta":{"inline_featured_image":false,"footnotes":""},"class_list":["post-37134","page","type-page","status-publish","hentry"],"_links":{"self":[{"href":"https:\/\/loosen.lt\/en\/wp-json\/wp\/v2\/pages\/37134","targetHints":{"allow":["GET"]}}],"collection":[{"href":"https:\/\/loosen.lt\/en\/wp-json\/wp\/v2\/pages"}],"about":[{"href":"https:\/\/loosen.lt\/en\/wp-json\/wp\/v2\/types\/page"}],"author":[{"embeddable":true,"href":"https:\/\/loosen.lt\/en\/wp-json\/wp\/v2\/users\/17"}],"replies":[{"embeddable":true,"href":"https:\/\/loosen.lt\/en\/wp-json\/wp\/v2\/comments?post=37134"}],"version-history":[{"count":0,"href":"https:\/\/loosen.lt\/en\/wp-json\/wp\/v2\/pages\/37134\/revisions"}],"wp:attachment":[{"href":"https:\/\/loosen.lt\/en\/wp-json\/wp\/v2\/media?parent=37134"}],"curies":[{"name":"wp","href":"https:\/\/api.w.org\/{rel}","templated":true}]}}