{"id":43042,"date":"2026-04-09T22:38:15","date_gmt":"2026-04-09T22:38:15","guid":{"rendered":"https:\/\/loosen.lt\/?post_type=product&#038;p=43042"},"modified":"2026-04-10T12:37:13","modified_gmt":"2026-04-10T12:37:13","slug":"ostrovit-hydro-out-diuretic-90-kapsuliu","status":"publish","type":"product","link":"https:\/\/loosen.lt\/en\/product\/ostrovit-hydro-out-diuretic-90-kapsuliu\/","title":{"rendered":"OstroVit Hydro Out Diuretic \u2013 90 kapsuli\u0173"},"content":{"rendered":"<div><strong>Sudedamosios dalys:<\/strong> dilg\u0117li\u0173 lap\u0173, kiaulpieni\u0173 \u0161akn\u0173 (3\u202f% flavonoid\u0173), guaranos s\u0117kl\u0173 (22\u202f% kofeino), spanguoli\u0173 vaisi\u0173 (10\u202f% proantocianidin\u0173), \u017ealiosios arbatos lap\u0173 (50\u202f% polifenoli\u0173), auksa\u017eol\u0117s ir asi\u016bklio ant\u017eemini\u0173 dali\u0173 (7\u202f% silicio dioksido), taip pat inulino ir aktyvios P\u20115\u2011P vitamino B6 formos.<\/div>\n<div><strong>Alergenai:<\/strong> gali tur\u0117ti p\u0117dsak\u0173 pieno (\u012fskaitant laktoz\u0119), soj\u0173, \u017eem\u0117s rie\u0161ut\u0173, kit\u0173 rie\u0161ut\u0173, sezamo s\u0117kl\u0173, glitimo turin\u010di\u0173 gr\u016bd\u0173, kiau\u0161ini\u0173, v\u0117\u017eiagyvi\u0173 ir \u017euvies.<\/div>\n<div><\/div>\n<div>\n<table>\n<tbody>\n<tr>\n<td width=\"214\">Maistin\u0117 vert\u0117<\/td>\n<td width=\"214\">3 kapsul\u0117se (1 porcijoje)<\/td>\n<td width=\"214\">RMV%*<\/td>\n<\/tr>\n<tr>\n<td width=\"214\">Dilg\u0117li\u0173 lap\u0173 ekstraktas<\/td>\n<td width=\"214\">350mg<\/td>\n<td width=\"214\">&#8211;<\/td>\n<\/tr>\n<tr>\n<td width=\"214\">Kiaulpieni\u0173 \u0161akn\u0173 ekstraktas:<\/td>\n<td width=\"214\">350mg<\/td>\n<td width=\"214\">&#8211;<\/td>\n<\/tr>\n<tr>\n<td width=\"214\">\u2013 i\u0161 kuri\u0173 flavonoidai (3 %)<\/td>\n<td width=\"214\">10,5mg<\/td>\n<td width=\"214\">&#8211;<\/td>\n<\/tr>\n<tr>\n<td width=\"214\">Guaranos s\u0117kl\u0173 ekstraktas:<\/td>\n<td width=\"214\">250mg<\/td>\n<td width=\"214\">&#8211;<\/td>\n<\/tr>\n<tr>\n<td width=\"214\">\u2013 i\u0161 j\u0173 kofeinas (22 %)<\/td>\n<td width=\"214\">55mg<\/td>\n<td width=\"214\">&#8211;<\/td>\n<\/tr>\n<tr>\n<td width=\"214\">Ekstraktas i\u0161 auksa\u017eol\u0117s ant\u017eemini\u0173 dali\u0173<\/td>\n<td width=\"214\">200mg<\/td>\n<td width=\"214\">&#8211;<\/td>\n<\/tr>\n<tr>\n<td width=\"214\">Spanguoli\u0173 vaisi\u0173 ekstraktas:<\/td>\n<td width=\"214\">200mg<\/td>\n<td width=\"214\">&#8211;<\/td>\n<\/tr>\n<tr>\n<td width=\"214\">\u2013 i\u0161 kuri\u0173 proantocianidinai (10 %)<\/td>\n<td width=\"214\">20mg<\/td>\n<td width=\"214\">&#8211;<\/td>\n<\/tr>\n<tr>\n<td width=\"214\">\u017daliosios arbatos lap\u0173 ekstraktas:<\/td>\n<td width=\"214\">200mg<\/td>\n<td width=\"214\">&#8211;<\/td>\n<\/tr>\n<tr>\n<td width=\"214\">\u2013 i\u0161 j\u0173 polifenoliai (50 %)<\/td>\n<td width=\"214\">100mg<\/td>\n<td width=\"214\">&#8211;<\/td>\n<\/tr>\n<tr>\n<td width=\"214\">Asi\u016bkl\u0117s ant\u017eemini\u0173 dali\u0173 esktraktas:<\/td>\n<td width=\"214\">150mg<\/td>\n<td width=\"214\">&#8211;<\/td>\n<\/tr>\n<tr>\n<td width=\"214\">\u2013 i\u0161 kuri\u0173 silicio dioksidas (7 %)<\/td>\n<td width=\"214\">10,5mg<\/td>\n<td width=\"214\">&#8211;<\/td>\n<\/tr>\n<tr>\n<td width=\"214\">Vitaminas B6 (piridoksalo 5\u2032-fosfatas P-5-P)<\/td>\n<td width=\"214\">12mg<\/td>\n<td width=\"214\">857%<\/td>\n<\/tr>\n<tr>\n<td width=\"214\">*RMV% \u2013 referencin\u0117 maistin\u0117 vert\u0117<\/td>\n<td width=\"214\"><\/td>\n<td width=\"214\"><\/td>\n<\/tr>\n<\/tbody>\n<\/table>\n<\/div>\n<p>&nbsp;<\/p>\n<div><strong>Vartojimas:<\/strong> suaugusieji turi gerti po vien\u0105 porcij\u0105 (3 kapsules) per dien\u0105.<\/div>\n<div><\/div>\n<div><strong>Laikymo s\u0105lygos:<\/strong><\/div>\n<div><\/div>\n<div>Laikyti v\u0117sioje, sausoje vietoje. Laikyti vaikams nepasiekiamoje vietoje.<\/div>\n<div>Gamintojas: Fitness Trading, Robert Szulborski, ul. Sitarska 16, 18-300 Zambr\u00f3w, Lenkija.<\/div>\n<div>Grynas kiekis: 58 g (90 kapsuli\u0173).<\/div>\n<div>Geriausias iki (termino pabaigos): geriausias vartoti iki termino, nurodyto ant pakuot\u0117s \u0161ono, vir\u0161aus arba jos apa\u010dioje.<\/div>\n<div>Partija: \u017er. ant pakuot\u0117s.<\/div>\n<div><\/div>\n<div><strong>\u012esp\u0117jimas:<\/strong><\/div>\n<div><\/div>\n<div>Maisto papildas n\u0117ra maisto pakaitalas. Svarbu \u012fvairi ir subalansuota mityba bei sveikas gyvenimo b\u016bdas. Jeigu esate n\u0117\u0161\u010dia, maitinate kr\u016btimi ar vartojate kitus vaistus, prie\u0161 vartojim\u0105 pasitarkite su gydytoju ar vaistininku. Nevir\u0161ykite nustatytos rekomenduojamos doz\u0117s.<\/div>\n","protected":false},"excerpt":{"rendered":"<div>OstroVit Hydro Out Diuretic \u2013 kapsuli\u0173 formos maisto papildas, kuriame derinami 8 ingredientai, \u012fskaitant dilg\u0117li\u0173, \u017ealiosios arbatos, guaranos, asi\u016bklio, auksa\u017eol\u0117s ir spanguoli\u0173 ekstraktus<\/div>\n<div><\/div>\n<div><strong>Pagrindin\u0117s savyb\u0117s:<\/strong><\/div>\n<div><\/div>\n<ul>\n<li>Padeda apsaugoti l\u0105steles nuo oksidacin\u0117s \u017ealos<\/li>\n<li>Padeda palaikyti normali\u0105 med\u017eiag\u0173 apykait\u0105<\/li>\n<li>Prisideda prie sveiko \u0161lapimo tak\u0173 funkcijos palaikymo<\/li>\n<li>Padeda palaikyti budrum\u0105 ir ma\u017einti nuovarg\u012f<\/li>\n<li>Pagalba palaikyti normali\u0105 skys\u010di\u0173 pusiausvyr\u0105 organizme<\/li>\n<li>Padeda palaikyti normali\u0105 imunin\u0117s sistemos veikl\u0105<\/li>\n<li>Prisideda prie normalaus energijos metabolizmo ir ma\u017eina nuovarg\u012f<\/li>\n<\/ul>\n","protected":false},"featured_media":43043,"comment_status":"open","ping_status":"closed","template":"","meta":{"inline_featured_image":false},"product_brand":[],"product_cat":[120],"product_tag":[],"class_list":{"0":"post-43042","1":"product","2":"type-product","3":"status-publish","4":"has-post-thumbnail","6":"product_cat-svorio-kontrolei","8":"first","9":"instock","10":"sale","11":"shipping-taxable","12":"purchasable","13":"product-type-simple"},"_links":{"self":[{"href":"https:\/\/loosen.lt\/en\/wp-json\/wp\/v2\/product\/43042","targetHints":{"allow":["GET"]}}],"collection":[{"href":"https:\/\/loosen.lt\/en\/wp-json\/wp\/v2\/product"}],"about":[{"href":"https:\/\/loosen.lt\/en\/wp-json\/wp\/v2\/types\/product"}],"replies":[{"embeddable":true,"href":"https:\/\/loosen.lt\/en\/wp-json\/wp\/v2\/comments?post=43042"}],"wp:featuredmedia":[{"embeddable":true,"href":"https:\/\/loosen.lt\/en\/wp-json\/wp\/v2\/media\/43043"}],"wp:attachment":[{"href":"https:\/\/loosen.lt\/en\/wp-json\/wp\/v2\/media?parent=43042"}],"wp:term":[{"taxonomy":"product_brand","embeddable":true,"href":"https:\/\/loosen.lt\/en\/wp-json\/wp\/v2\/product_brand?post=43042"},{"taxonomy":"product_cat","embeddable":true,"href":"https:\/\/loosen.lt\/en\/wp-json\/wp\/v2\/product_cat?post=43042"},{"taxonomy":"product_tag","embeddable":true,"href":"https:\/\/loosen.lt\/en\/wp-json\/wp\/v2\/product_tag?post=43042"}],"curies":[{"name":"wp","href":"https:\/\/api.w.org\/{rel}","templated":true}]}}