{"id":43059,"date":"2026-04-09T22:48:09","date_gmt":"2026-04-09T22:48:09","guid":{"rendered":"https:\/\/loosen.lt\/?post_type=product&#038;p=43059"},"modified":"2026-04-10T13:39:42","modified_gmt":"2026-04-10T13:39:42","slug":"ostrovit-glucosamine-msm-chondroitin-vitamin-c-90-kapsuliu","status":"publish","type":"product","link":"https:\/\/loosen.lt\/en\/product\/ostrovit-glucosamine-msm-chondroitin-vitamin-c-90-kapsuliu\/","title":{"rendered":"OstroVit Glucosamine + MSM + Chondroitin + Vitamin C \u2013 90 kapsuli\u0173"},"content":{"rendered":"<div><strong>Sudedamosios dalys:<\/strong> gliukozamino sulfatas 2KCL, metilsulfonilmetanas (MSM), mikrokristalin\u0117 celiulioz\u0117 (u\u017epildas), chondroitino sulfatas, vitaminas C (L-askorbo r\u016bg\u0161tis), krakmolas ir silicio dioksidas (lipnumo reguliatorius).<\/div>\n<div><strong>Alergenai:<\/strong> gali tur\u0117ti p\u0117dsak\u0173 pieno (\u012fskaitant laktoz\u0119), soj\u0173, \u017eem\u0117s rie\u0161ut\u0173, kit\u0173 rie\u0161ut\u0173, sezamo s\u0117kl\u0173, glitimo turin\u010di\u0173 gr\u016bd\u0173, kiau\u0161ini\u0173, v\u0117\u017eiagyvi\u0173 ir \u017euvies.<\/div>\n<div><\/div>\n<div>\n<table>\n<tbody>\n<tr>\n<td width=\"214\">Maistin\u0117 vert\u0117<\/td>\n<td width=\"214\">1 porcija (2 tablet\u0117s)<\/td>\n<\/tr>\n<tr>\n<td width=\"214\">Gliukozamino sulfatas 2KCL<\/td>\n<td width=\"214\">1000mg<\/td>\n<\/tr>\n<tr>\n<td width=\"214\">I\u0161 kurio gliukozamino<\/td>\n<td width=\"214\">590mg<\/td>\n<\/tr>\n<tr>\n<td width=\"214\">Metilsulfonilmetanas (MSM)<\/td>\n<td width=\"214\">600mg<\/td>\n<\/tr>\n<tr>\n<td width=\"214\">Chondroitino sulfatas<\/td>\n<td width=\"214\">400mg<\/td>\n<\/tr>\n<tr>\n<td width=\"214\">I\u0161 kurio chondroitino<\/td>\n<td width=\"214\">360mg<\/td>\n<\/tr>\n<tr>\n<td width=\"214\">Vitaminas C<\/td>\n<td width=\"214\">160 mg (200%*)<\/td>\n<\/tr>\n<\/tbody>\n<\/table>\n<\/div>\n<p>&nbsp;<\/p>\n<div><strong>Vartojimas:<\/strong> rekomenduojama vartoti po 1 porcij\u0105 (2 tabletes) kart\u0105 per dien\u0105.<\/div>\n<div><\/div>\n<div><strong>Laikymo s\u0105lygos:<\/strong><\/div>\n<div><\/div>\n<div>Laikyti v\u0117sioje, sausoje vietoje. Laikyti vaikams nepasiekiamoje vietoje.<\/div>\n<div>Gamintojas: Fitness Trading, Robert Szulborski, ul. Sitarska 16, 18-300 Zambr\u00f3w, Lenkija.<\/div>\n<div>Grynas kiekis: 132g (90 table\u010di\u0173).<\/div>\n<div>Geriausias iki (termino pabaigos): geriausias vartoti iki termino, nurodyto ant pakuot\u0117s \u0161ono, vir\u0161aus arba jos apa\u010dioje.<\/div>\n<div>Partija: \u017er. ant pakuot\u0117s.<\/div>\n<div><\/div>\n<div><strong>\u012esp\u0117jimas:<\/strong><\/div>\n<div><\/div>\n<div>Maisto papildas n\u0117ra maisto pakaitalas. Svarbu \u012fvairi ir subalansuota mityba bei sveikas gyvenimo b\u016bdas. Jeigu esate n\u0117\u0161\u010dia, maitinate kr\u016btimi ar vartojate kitus vaistus, prie\u0161 vartojim\u0105 pasitarkite su gydytoju ar vaistininku. Nevir\u0161ykite nustatytos rekomenduojamos doz\u0117s.<\/div>\n","protected":false},"excerpt":{"rendered":"<div>Glucosamine + MSM + Chondroitin + Vitamin C \u2013 tai maisto papildas tablet\u0117mis<\/div>\n<div><\/div>\n<div><strong>Pagrindin\u0117s savyb\u0117s:<\/strong><\/div>\n<div><\/div>\n<ul>\n<li>Padeda palaikyti normali\u0105 kolageno sintez\u0119, reikaling\u0105 normaliai kaul\u0173 funkcijai<\/li>\n<li>Padeda apsaugoti l\u0105steles nuo oksidacin\u0117s pa\u017eaidos<\/li>\n<li>Padeda ma\u017einti pavargimo jausm\u0105 ir nuovarg\u012f<\/li>\n<li>Padeda palaikyti normali\u0105 imunin\u0117s sistemos veikl\u0105<\/li>\n<\/ul>\n","protected":false},"featured_media":43060,"comment_status":"open","ping_status":"closed","template":"","meta":{"inline_featured_image":false},"product_brand":[],"product_cat":[159,116],"product_tag":[],"class_list":{"0":"post-43059","1":"product","2":"type-product","3":"status-publish","4":"has-post-thumbnail","6":"product_cat-akcijos","7":"product_cat-kaulams-ir-sanariams","9":"first","10":"instock","11":"sale","12":"shipping-taxable","13":"purchasable","14":"product-type-simple"},"_links":{"self":[{"href":"https:\/\/loosen.lt\/en\/wp-json\/wp\/v2\/product\/43059","targetHints":{"allow":["GET"]}}],"collection":[{"href":"https:\/\/loosen.lt\/en\/wp-json\/wp\/v2\/product"}],"about":[{"href":"https:\/\/loosen.lt\/en\/wp-json\/wp\/v2\/types\/product"}],"replies":[{"embeddable":true,"href":"https:\/\/loosen.lt\/en\/wp-json\/wp\/v2\/comments?post=43059"}],"wp:featuredmedia":[{"embeddable":true,"href":"https:\/\/loosen.lt\/en\/wp-json\/wp\/v2\/media\/43060"}],"wp:attachment":[{"href":"https:\/\/loosen.lt\/en\/wp-json\/wp\/v2\/media?parent=43059"}],"wp:term":[{"taxonomy":"product_brand","embeddable":true,"href":"https:\/\/loosen.lt\/en\/wp-json\/wp\/v2\/product_brand?post=43059"},{"taxonomy":"product_cat","embeddable":true,"href":"https:\/\/loosen.lt\/en\/wp-json\/wp\/v2\/product_cat?post=43059"},{"taxonomy":"product_tag","embeddable":true,"href":"https:\/\/loosen.lt\/en\/wp-json\/wp\/v2\/product_tag?post=43059"}],"curies":[{"name":"wp","href":"https:\/\/api.w.org\/{rel}","templated":true}]}}