{"id":43075,"date":"2026-04-09T23:26:46","date_gmt":"2026-04-09T23:26:46","guid":{"rendered":"https:\/\/loosen.lt\/?post_type=product&#038;p=43075"},"modified":"2026-04-09T23:26:47","modified_gmt":"2026-04-09T23:26:47","slug":"ostrovit-garlic","status":"publish","type":"product","link":"https:\/\/loosen.lt\/en\/product\/ostrovit-garlic\/","title":{"rendered":"OstroVit Garlic"},"content":{"rendered":"<div><strong>Sudedamosios dalys:<\/strong> soj\u0173 pupeli\u0173 aliejus, \u017eelatinos kapsul\u0117s apvalkalas, glicerolis (dr\u0117gm\u0117s i\u0161laikymo med\u017eiaga), vanduo, bekvapis \u010desnako aliejus (Allium sativum L.) DER 500:1.<\/div>\n<div><strong>Alergenai:<\/strong> gali tur\u0117ti p\u0117dsak\u0173 pieno (\u012fskaitant laktoz\u0119), soj\u0173, \u017eem\u0117s rie\u0161ut\u0173, kit\u0173 rie\u0161ut\u0173, sezamo s\u0117kl\u0173, glitimo turin\u010di\u0173 gr\u016bd\u0173, kiau\u0161ini\u0173, v\u0117\u017eiagyvi\u0173 ir \u017euvies.<\/div>\n<div><\/div>\n<div>\n<table>\n<tbody>\n<tr>\n<td width=\"214\">Maistin\u0117 vert\u0117<\/td>\n<td width=\"214\">1 kapsul\u0117je<\/td>\n<\/tr>\n<tr>\n<td width=\"214\">Nekvapnus \u010desnak\u0173 aliejus DER 500:1<\/td>\n<td width=\"214\">2 mg (atitinka 1000 mg \u0161vie\u017eio \u010desnako svog\u016bn\u0117lio)<\/td>\n<\/tr>\n<tr>\n<td width=\"214\">\u2013 \u012fskaitant alicin\u0105 (50 %)<\/td>\n<td width=\"214\">1mg<\/td>\n<\/tr>\n<\/tbody>\n<\/table>\n<p>&nbsp;<\/p>\n<\/div>\n<div><strong>Vartojimas:<\/strong> rekomenduojama vartoti po 1 kapsul\u0119 per dien\u0105, geriausia valgant.<\/div>\n<div><\/div>\n<div><strong>Laikymo s\u0105lygos:<\/strong><\/div>\n<div><\/div>\n<div>Laikyti v\u0117sioje, sausoje vietoje. Laikyti vaikams nepasiekiamoje vietoje.<\/div>\n<div>Gamintojas: Fitness Trading, Robert Szulborski, ul. Sitarska 16, 18-300 Zambr\u00f3w, Lenkija.<\/div>\n<div>Grynas kiekis: 90 kapsuli\u0173 (20 g).<\/div>\n<div>Geriausias iki (termino pabaigos): geriausias vartoti iki termino, nurodyto ant pakuot\u0117s \u0161ono, vir\u0161aus arba jos apa\u010dioje.<\/div>\n<div>Partija: \u017er. ant pakuot\u0117s.<\/div>\n<div><\/div>\n<div><strong>\u012esp\u0117jimas:<\/strong><\/div>\n<div><\/div>\n<div>Maisto papildas n\u0117ra maisto pakaitalas. Svarbu \u012fvairi ir subalansuota mityba bei sveikas gyvenimo b\u016bdas. Jeigu esate n\u0117\u0161\u010dia, maitinate kr\u016btimi ar vartojate kitus vaistus, prie\u0161 vartojim\u0105 pasitarkite su gydytoju ar vaistininku. Nevir\u0161ykite nustatytos rekomenduojamos doz\u0117s.<\/div>\n","protected":false},"excerpt":{"rendered":"<div>Ostrovit Garlic \u2013 \u010desnak\u0173 aliejus kapsul\u0117se, kuri\u0173 kiekviena porcija atitinka 1000 mg \u0161vie\u017eio \u010desnako<\/div>\n<div><\/div>\n<div><strong>Pagrindin\u0117s savyb\u0117s:<\/strong><\/div>\n<div><\/div>\n<ul>\n<li>\u010cesnakas yra nat\u016bralus antioksidant\u0173 \u0161altinis ir gali pad\u0117ti palaikyti l\u0105steles nuo oksidacin\u0117s \u017ealos<\/li>\n<li>\u010cesnako sud\u0117tyje esantys bioaktyv\u016bs junginiai yra tyrin\u0117jami d\u0117l antioksidacini\u0173 ir imunin\u0117s sistemos funkcijos palaikymo<\/li>\n<\/ul>\n","protected":false},"featured_media":43076,"comment_status":"open","ping_status":"closed","template":"","meta":{"inline_featured_image":false},"product_brand":[],"product_cat":[159,126],"product_tag":[],"class_list":{"0":"post-43075","1":"product","2":"type-product","3":"status-publish","4":"has-post-thumbnail","6":"product_cat-akcijos","7":"product_cat-ilgaamziskumui","9":"first","10":"instock","11":"sale","12":"shipping-taxable","13":"purchasable","14":"product-type-simple"},"_links":{"self":[{"href":"https:\/\/loosen.lt\/en\/wp-json\/wp\/v2\/product\/43075","targetHints":{"allow":["GET"]}}],"collection":[{"href":"https:\/\/loosen.lt\/en\/wp-json\/wp\/v2\/product"}],"about":[{"href":"https:\/\/loosen.lt\/en\/wp-json\/wp\/v2\/types\/product"}],"replies":[{"embeddable":true,"href":"https:\/\/loosen.lt\/en\/wp-json\/wp\/v2\/comments?post=43075"}],"wp:featuredmedia":[{"embeddable":true,"href":"https:\/\/loosen.lt\/en\/wp-json\/wp\/v2\/media\/43076"}],"wp:attachment":[{"href":"https:\/\/loosen.lt\/en\/wp-json\/wp\/v2\/media?parent=43075"}],"wp:term":[{"taxonomy":"product_brand","embeddable":true,"href":"https:\/\/loosen.lt\/en\/wp-json\/wp\/v2\/product_brand?post=43075"},{"taxonomy":"product_cat","embeddable":true,"href":"https:\/\/loosen.lt\/en\/wp-json\/wp\/v2\/product_cat?post=43075"},{"taxonomy":"product_tag","embeddable":true,"href":"https:\/\/loosen.lt\/en\/wp-json\/wp\/v2\/product_tag?post=43075"}],"curies":[{"name":"wp","href":"https:\/\/api.w.org\/{rel}","templated":true}]}}