{"id":43099,"date":"2026-04-09T23:02:36","date_gmt":"2026-04-09T23:02:36","guid":{"rendered":"https:\/\/loosen.lt\/?post_type=product&#038;p=43099"},"modified":"2026-04-10T12:09:50","modified_gmt":"2026-04-10T12:09:50","slug":"ostrovit-biotin-plus-100-tableciu","status":"publish","type":"product","link":"https:\/\/loosen.lt\/en\/product\/ostrovit-biotin-plus-100-tableciu\/","title":{"rendered":"OstroVit Biotin Plus \u2013 100 table\u010di\u0173"},"content":{"rendered":"<div><strong>Sudedamosios dalys:<\/strong> mikrokristalin\u0117 celiulioz\u0117, krakmolas, cinko pikolinatas, L-selenometioninas, kalcio karbonatas, silicio dioksidas, magnio druskos riebal\u0173 r\u016bg\u0161tims, D-biotinas, pteroilmonoglutamo r\u016bg\u0161tis.<\/div>\n<div><strong>Alergenai:<\/strong> gali tur\u0117ti p\u0117dsak\u0173 pieno (\u012fskaitant laktoz\u0119), soj\u0173, \u017eem\u0117s rie\u0161ut\u0173, kit\u0173 rie\u0161ut\u0173, sezamo s\u0117kl\u0173, glitimo turin\u010di\u0173 gr\u016bd\u0173, kiau\u0161ini\u0173, v\u0117\u017eiagyvi\u0173 ir \u017euvies.<\/div>\n<div><\/div>\n<div>\n<table>\n<tbody>\n<tr>\n<td width=\"214\">Maistin\u0117 vert\u0117<\/td>\n<td width=\"214\">1 porcijoje<\/td>\n<td width=\"214\">RMV%*<\/td>\n<\/tr>\n<tr>\n<td width=\"214\">Biotinas<\/td>\n<td width=\"214\">2500 \u00b5g<\/td>\n<td width=\"214\">5000%<\/td>\n<\/tr>\n<tr>\n<td width=\"214\">Cinkas<\/td>\n<td width=\"214\">15mg<\/td>\n<td width=\"214\">150<\/td>\n<\/tr>\n<tr>\n<td width=\"214\">Selenas<\/td>\n<td width=\"214\">100 \u00b5g<\/td>\n<td width=\"214\">182<\/td>\n<\/tr>\n<tr>\n<td width=\"214\">Folio r\u016bg\u0161tis<\/td>\n<td width=\"214\">800 \u00b5g<\/td>\n<td width=\"214\">400<\/td>\n<\/tr>\n<tr>\n<td width=\"214\">* RMV% \u2013 referencin\u0117 maistin\u0117 vert\u0117<\/td>\n<td width=\"214\">&nbsp;<\/td>\n<td width=\"214\">&nbsp;<\/td>\n<\/tr>\n<\/tbody>\n<\/table>\n<\/div>\n<p>&nbsp;<\/p>\n<div><strong>Vartojimas:<\/strong> vartokite 1 tablet\u0119 per dien\u0105. Produktas skirtas suaugusiems asmenims.<\/div>\n<div><\/div>\n<div><strong>Laikymo s\u0105lygos:<\/strong><\/div>\n<div><\/div>\n<div>Laikyti v\u0117sioje, sausoje vietoje. Laikyti vaikams nepasiekiamoje vietoje.<\/div>\n<div>Gamintojas: Fitness Trading, Robert Szulborski, ul. Sitarska 16, 18-300 Zambr\u00f3w, Lenkija.<\/div>\n<div>Grynas kiekis:\u00a0 100 table\u010di\u0173 (38g).<\/div>\n<div>Geriausias iki (termino pabaigos): geriausias vartoti iki termino, nurodyto ant pakuot\u0117s \u0161ono, vir\u0161aus arba jos apa\u010dioje.<\/div>\n<div>Partija: \u017er. ant pakuot\u0117s.<\/div>\n<div><\/div>\n<div><strong>\u012esp\u0117jimas:<\/strong><\/div>\n<div><\/div>\n<div>Maisto papildas n\u0117ra maisto pakaitalas. Svarbu \u012fvairi ir subalansuota mityba bei sveikas gyvenimo b\u016bdas. Jeigu esate n\u0117\u0161\u010dia, maitinate kr\u016btimi ar vartojate kitus vaistus, prie\u0161 vartojim\u0105 pasitarkite su gydytoju ar vaistininku. Nevir\u0161ykite nustatytos rekomenduojamos doz\u0117s.<\/div>\n","protected":false},"excerpt":{"rendered":"<p>Sudedamosios dalys: mikrokristalin\u0117 celiulioz\u0117, krakmolas, cinko pikolinatas, L-selenometioninas, kalcio karbonatas, silicio dioksidas, magnio druskos riebal\u0173 r\u016bg\u0161tims, D-biotinas, pteroilmonoglutamo r\u016bg\u0161tis. Alergenai: gali tur\u0117ti p\u0117dsak\u0173 pieno (\u012fskaitant laktoz\u0119), soj\u0173, \u017eem\u0117s rie\u0161ut\u0173, kit\u0173 rie\u0161ut\u0173, sezamo s\u0117kl\u0173, glitimo turin\u010di\u0173 gr\u016bd\u0173, kiau\u0161ini\u0173, v\u0117\u017eiagyvi\u0173 ir \u017euvies. Maistin\u0117 vert\u0117 1 porcijoje RMV%* Biotinas 2500 \u00b5g 5000% Cinkas 15mg 150 Selenas 100 \u00b5g [&#8230;]\n","protected":false},"featured_media":43100,"comment_status":"open","ping_status":"closed","template":"","meta":{"inline_featured_image":false},"product_brand":[],"product_cat":[159,121],"product_tag":[],"class_list":{"0":"post-43099","1":"product","2":"type-product","3":"status-publish","4":"has-post-thumbnail","6":"product_cat-akcijos","7":"product_cat-groziui","9":"first","10":"instock","11":"sale","12":"shipping-taxable","13":"purchasable","14":"product-type-simple"},"_links":{"self":[{"href":"https:\/\/loosen.lt\/en\/wp-json\/wp\/v2\/product\/43099","targetHints":{"allow":["GET"]}}],"collection":[{"href":"https:\/\/loosen.lt\/en\/wp-json\/wp\/v2\/product"}],"about":[{"href":"https:\/\/loosen.lt\/en\/wp-json\/wp\/v2\/types\/product"}],"replies":[{"embeddable":true,"href":"https:\/\/loosen.lt\/en\/wp-json\/wp\/v2\/comments?post=43099"}],"wp:featuredmedia":[{"embeddable":true,"href":"https:\/\/loosen.lt\/en\/wp-json\/wp\/v2\/media\/43100"}],"wp:attachment":[{"href":"https:\/\/loosen.lt\/en\/wp-json\/wp\/v2\/media?parent=43099"}],"wp:term":[{"taxonomy":"product_brand","embeddable":true,"href":"https:\/\/loosen.lt\/en\/wp-json\/wp\/v2\/product_brand?post=43099"},{"taxonomy":"product_cat","embeddable":true,"href":"https:\/\/loosen.lt\/en\/wp-json\/wp\/v2\/product_cat?post=43099"},{"taxonomy":"product_tag","embeddable":true,"href":"https:\/\/loosen.lt\/en\/wp-json\/wp\/v2\/product_tag?post=43099"}],"curies":[{"name":"wp","href":"https:\/\/api.w.org\/{rel}","templated":true}]}}