{"id":43103,"date":"2026-04-09T22:57:59","date_gmt":"2026-04-09T22:57:59","guid":{"rendered":"https:\/\/loosen.lt\/?post_type=product&#038;p=43103"},"modified":"2026-04-09T22:57:59","modified_gmt":"2026-04-09T22:57:59","slug":"ostrovit-braintus-focus-90-kapsuliu","status":"publish","type":"product","link":"https:\/\/loosen.lt\/en\/product\/ostrovit-braintus-focus-90-kapsuliu\/","title":{"rendered":"OstroVit Braintus Focus \u2013 90 kapsuli\u0173"},"content":{"rendered":"<div><strong>Sudedamosios dalys:<\/strong> kapsul\u0117s apvalkalas (hidroksipropilmetilceliulioz\u0117), guaranos s\u0117kl\u0173 ekstraktas (55 mg kofeino), L-tirozinas, m\u0117lyn\u017eied\u0117s ta\u0161kuon\u0117s ekstraktas (Bacopa monnieri, 50% bakozid\u0173), a\u0161vaganda \u0161aknies ekstraktas (7,2% vitanolid\u0173, 1% alkaloid\u0173, 0,25% vitaferino A), rausvosios rodiol\u0117s ekstraktas (1% salidrosid\u0173), cholino bitartratas, \u017een\u0161enio \u0161akn\u0173 ekstraktas (20% ginsenosid\u0173), vitaminas B6 (piridoksin-5\u2032-fosfatas).<\/div>\n<div><strong>Alergenai:<\/strong> gali tur\u0117ti p\u0117dsak\u0173 pieno (\u012fskaitant laktoz\u0119), soj\u0173, \u017eem\u0117s rie\u0161ut\u0173, kit\u0173 rie\u0161ut\u0173, sezamo s\u0117kl\u0173, glitimo turin\u010di\u0173 gr\u016bd\u0173, kiau\u0161ini\u0173, v\u0117\u017eiagyvi\u0173 ir \u017euvies.<\/div>\n<div><\/div>\n<div>\n<table>\n<tbody>\n<tr>\n<td width=\"214\">Maistin\u0117 vert\u0117<\/td>\n<td width=\"214\">1 porcijoje (3 kapsul\u0117se)<\/td>\n<td width=\"214\">RMV%*<\/td>\n<\/tr>\n<tr>\n<td width=\"214\">Guaranos s\u0117kl\u0173 ekstraktas<\/td>\n<td width=\"214\">250mg<\/td>\n<td width=\"214\">&#8211;<\/td>\n<\/tr>\n<tr>\n<td width=\"214\">\u2013 i\u0161 kurio 22% kofeino<\/td>\n<td width=\"214\">55mg<\/td>\n<td width=\"214\">&#8211;<\/td>\n<\/tr>\n<tr>\n<td width=\"214\">L-tirozinas<\/td>\n<td width=\"214\">200mg<\/td>\n<td width=\"214\">&#8211;<\/td>\n<\/tr>\n<tr>\n<td width=\"214\">L-teaninas<\/td>\n<td width=\"214\">200mg<\/td>\n<td width=\"214\">&#8211;<\/td>\n<\/tr>\n<tr>\n<td width=\"214\">M\u0117lyn\u017eied\u0117s ta\u0161kuon\u0117s ekstraktas (Bacopa monnieri) (50% bakozidai)<\/td>\n<td width=\"214\">150mg<\/td>\n<td width=\"214\">&#8211;<\/td>\n<\/tr>\n<tr>\n<td width=\"214\">A\u0161vaganda \u0161aknies ekstraktas<\/td>\n<td width=\"214\">135mg<\/td>\n<td width=\"214\">&#8211;<\/td>\n<\/tr>\n<tr>\n<td width=\"214\">Rausvosios rodiol\u0117s ekstraktas (1% salidrozid\u0173)<\/td>\n<td width=\"214\">100mg<\/td>\n<td width=\"214\">&#8211;<\/td>\n<\/tr>\n<tr>\n<td width=\"214\">Cholino bitartratas<\/td>\n<td width=\"214\">100mg<\/td>\n<td width=\"214\">&#8211;<\/td>\n<\/tr>\n<tr>\n<td width=\"214\">\u017den\u0161enio \u0161aknies ekstraktas (20% ginsenozidai)<\/td>\n<td width=\"214\">100mg<\/td>\n<td width=\"214\">&#8211;<\/td>\n<\/tr>\n<tr>\n<td width=\"214\">Vitaminas B6<\/td>\n<td width=\"214\">18mg<\/td>\n<td width=\"214\">1268%<\/td>\n<\/tr>\n<tr>\n<td width=\"214\">*RMV% \u2013 referencin\u0117 maistin\u0117 vert\u0117<\/td>\n<td width=\"214\">&nbsp;<\/td>\n<td width=\"214\">&nbsp;<\/td>\n<\/tr>\n<\/tbody>\n<\/table>\n<\/div>\n<p>&nbsp;<\/p>\n<div><strong>Vartojimas:<\/strong> vartokite 3 kapsules per dien\u0105. Maisto papildas skirtas tik suaugusiems.<\/div>\n<div><\/div>\n<div><strong>Laikymo s\u0105lygos:<\/strong><\/div>\n<div><\/div>\n<div>Laikyti v\u0117sioje, sausoje vietoje. Laikyti vaikams nepasiekiamoje vietoje.<\/div>\n<div>Gamintojas: Fitness Trading, Robert Szulborski, ul. Sitarska 16, 18-300 Zambr\u00f3w, Lenkija.<\/div>\n<div>Grynas kiekis:\u00a0 42 g. (90 kapsuli\u0173).<\/div>\n<div>Geriausias iki (termino pabaigos): geriausias vartoti iki termino, nurodyto ant pakuot\u0117s \u0161ono, vir\u0161aus arba jos apa\u010dioje.<\/div>\n<div>Partija: \u017er. ant pakuot\u0117s.<\/div>\n<div><\/div>\n<div><strong>\u012esp\u0117jimas:<\/strong><\/div>\n<div><\/div>\n<div>Maisto papildas n\u0117ra maisto pakaitalas. Svarbu \u012fvairi ir subalansuota mityba bei sveikas gyvenimo b\u016bdas. Jeigu esate n\u0117\u0161\u010dia, maitinate kr\u016btimi ar vartojate kitus vaistus, prie\u0161 vartojim\u0105 pasitarkite su gydytoju ar vaistininku. Nevir\u0161ykite nustatytos rekomenduojamos doz\u0117s.<\/div>\n","protected":false},"excerpt":{"rendered":"<div>OstroVit Braintus Focus 90 kapsuli\u0173 \u2013 maisto papildas su 9 veikliosiomis med\u017eiagomis<\/div>\n<div><\/div>\n<div><strong>Pagrindin\u0117s savyb\u0117s:<\/strong><\/div>\n<p>&nbsp;<\/p>\n<ul>\n<li>A\u0161vaganda turi adaptogenin\u012f poveik\u012f<\/li>\n<li>A\u0161vaganda padeda palaikyti normali\u0105 nerv\u0173 sistemos veikl\u0105<\/li>\n<li>A\u0161vaganda padeda i\u0161laikyti normali\u0105 psichologin\u0119 b\u016bkl\u0119<\/li>\n<li>A\u0161vaganda gali pagerinti miego kokyb\u0119<\/li>\n<li>A\u0161vaganda prisideda prie pa\u017einimo funkcij\u0173 palaikymo<\/li>\n<li>A\u0161vaganda padeda palaikyti normali\u0105 energijos apykait\u0105<\/li>\n<\/ul>\n","protected":false},"featured_media":43104,"comment_status":"open","ping_status":"closed","template":"","meta":{"inline_featured_image":false},"product_brand":[],"product_cat":[159,123],"product_tag":[],"class_list":{"0":"post-43103","1":"product","2":"type-product","3":"status-publish","4":"has-post-thumbnail","6":"product_cat-akcijos","7":"product_cat-protinei-veiklai","9":"first","10":"instock","11":"sale","12":"shipping-taxable","13":"purchasable","14":"product-type-simple"},"_links":{"self":[{"href":"https:\/\/loosen.lt\/en\/wp-json\/wp\/v2\/product\/43103","targetHints":{"allow":["GET"]}}],"collection":[{"href":"https:\/\/loosen.lt\/en\/wp-json\/wp\/v2\/product"}],"about":[{"href":"https:\/\/loosen.lt\/en\/wp-json\/wp\/v2\/types\/product"}],"replies":[{"embeddable":true,"href":"https:\/\/loosen.lt\/en\/wp-json\/wp\/v2\/comments?post=43103"}],"wp:featuredmedia":[{"embeddable":true,"href":"https:\/\/loosen.lt\/en\/wp-json\/wp\/v2\/media\/43104"}],"wp:attachment":[{"href":"https:\/\/loosen.lt\/en\/wp-json\/wp\/v2\/media?parent=43103"}],"wp:term":[{"taxonomy":"product_brand","embeddable":true,"href":"https:\/\/loosen.lt\/en\/wp-json\/wp\/v2\/product_brand?post=43103"},{"taxonomy":"product_cat","embeddable":true,"href":"https:\/\/loosen.lt\/en\/wp-json\/wp\/v2\/product_cat?post=43103"},{"taxonomy":"product_tag","embeddable":true,"href":"https:\/\/loosen.lt\/en\/wp-json\/wp\/v2\/product_tag?post=43103"}],"curies":[{"name":"wp","href":"https:\/\/api.w.org\/{rel}","templated":true}]}}