{"id":43163,"date":"2026-04-14T14:55:49","date_gmt":"2026-04-14T14:55:49","guid":{"rendered":"https:\/\/loosen.lt\/?post_type=product&#038;p=43163"},"modified":"2026-04-14T15:52:28","modified_gmt":"2026-04-14T15:52:28","slug":"ostrovit-magnesium-glycinate-90-kapsuliu","status":"publish","type":"product","link":"https:\/\/loosen.lt\/en\/product\/ostrovit-magnesium-glycinate-90-kapsuliu\/","title":{"rendered":"OstroVit Magnesium Glycinate \u2013 90 kapsuli\u0173"},"content":{"rendered":"<div><strong>Sudedamosios dalys:<\/strong> magnio bisglicinatas (magnis), inulinas, u\u017epildas: hidroksipropilmetilceliulioz\u0117; lipnum\u0105 reguliuojanti med\u017eiaga: magnio riebal\u0173 r\u016bg\u0161\u010di\u0173 druskos.<\/div>\n<div><strong>Alergenai:<\/strong> gali tur\u0117ti p\u0117dsak\u0173 pieno (\u012fskaitant laktoz\u0119), soj\u0173, \u017eem\u0117s rie\u0161ut\u0173, kit\u0173 rie\u0161ut\u0173, sezamo s\u0117kl\u0173, glitimo turin\u010di\u0173 gr\u016bd\u0173, kiau\u0161ini\u0173, v\u0117\u017eiagyvi\u0173 ir \u017euvies.<\/div>\n<div><\/div>\n<div>\n<table>\n<tbody>\n<tr>\n<td width=\"214\">Maistin\u0117 vert\u0117<\/td>\n<td width=\"214\">3 kapsul\u0117se (1 porcijoje)<\/td>\n<td width=\"214\">RMV%*<\/td>\n<\/tr>\n<tr>\n<td width=\"214\">Magnis<\/td>\n<td width=\"214\">400mg<\/td>\n<td width=\"214\">107%<\/td>\n<\/tr>\n<tr>\n<td width=\"214\">*RMV% \u2013 referencin\u0117 maistin\u0117 vert\u0117<\/td>\n<td width=\"214\">&nbsp;<\/td>\n<td width=\"214\">&nbsp;<\/td>\n<\/tr>\n<\/tbody>\n<\/table>\n<\/div>\n<div><\/div>\n<div><strong>Vartojimas:<\/strong> suvartokite 3 kapsules per dien\u0105.<\/div>\n<div><\/div>\n<div><strong>Laikymo s\u0105lygos:<\/strong><\/div>\n<div><\/div>\n<div>Laikyti v\u0117sioje, sausoje vietoje. Laikyti vaikams nepasiekiamoje vietoje.<\/div>\n<div>Gamintojas: Fitness Trading, Robert Szulborski, ul. Sitarska 16, 18-300 Zambr\u00f3w, Lenkija.<\/div>\n<div>Grynas kiekis:\u00a0 84 g (90 kapsuli\u0173).<\/div>\n<div>Geriausias iki (termino pabaigos): geriausias vartoti iki termino, nurodyto ant pakuot\u0117s \u0161ono, vir\u0161aus arba jos apa\u010dioje.<\/div>\n<div>Partija: \u017er. ant pakuot\u0117s.<\/div>\n<div><\/div>\n<div><strong>\u012esp\u0117jimas:<\/strong><\/div>\n<div><\/div>\n<div>Maisto papildas n\u0117ra maisto pakaitalas. Svarbu \u012fvairi ir subalansuota mityba bei sveikas gyvenimo b\u016bdas. Jeigu esate n\u0117\u0161\u010dia, maitinate kr\u016btimi ar vartojate kitus vaistus, prie\u0161 vartojim\u0105 pasitarkite su gydytoju ar vaistininku. Nevir\u0161ykite nustatytos rekomenduojamos doz\u0117s.<\/div>\n","protected":false},"excerpt":{"rendered":"<div>OstroVit Magnesium Glycinate \u2013 maisto papildas su magnio glicinatu kapsul\u0117se<\/div>\n<div><\/div>\n<div><strong>Pagrindin\u0117s savyb\u0117s:<\/strong><\/div>\n<div><\/div>\n<ul>\n<li>Magnis ma\u017eina nuovarg\u012f ir pavargimo jausm\u0105<\/li>\n<li>Palaiko elektrolit\u0173 pusiausvyr\u0105 organizme<\/li>\n<li>Skatina energijos apykait\u0105<\/li>\n<li>Palaiko nerv\u0173 sistemos funkcij\u0105<\/li>\n<li>Turi teigiam\u0105 poveik\u012f raumen\u0173 veiklai<\/li>\n<li>Padeda baltym\u0173 sintez\u0117je<\/li>\n<li>Palaiko psichologin\u0119 gerov\u0119<\/li>\n<li>Skatina kaul\u0173 ir dant\u0173 sveikat\u0105<\/li>\n<li>Dalyvauja l\u0105steli\u0173 dalijimosi procese<\/li>\n<\/ul>\n","protected":false},"featured_media":43164,"comment_status":"open","ping_status":"closed","template":"","meta":{"inline_featured_image":false},"product_brand":[],"product_cat":[159,117],"product_tag":[],"class_list":{"0":"post-43163","1":"product","2":"type-product","3":"status-publish","4":"has-post-thumbnail","6":"product_cat-akcijos","7":"product_cat-nervu-sistemai","9":"first","10":"instock","11":"sale","12":"shipping-taxable","13":"purchasable","14":"product-type-simple"},"_links":{"self":[{"href":"https:\/\/loosen.lt\/en\/wp-json\/wp\/v2\/product\/43163","targetHints":{"allow":["GET"]}}],"collection":[{"href":"https:\/\/loosen.lt\/en\/wp-json\/wp\/v2\/product"}],"about":[{"href":"https:\/\/loosen.lt\/en\/wp-json\/wp\/v2\/types\/product"}],"replies":[{"embeddable":true,"href":"https:\/\/loosen.lt\/en\/wp-json\/wp\/v2\/comments?post=43163"}],"wp:featuredmedia":[{"embeddable":true,"href":"https:\/\/loosen.lt\/en\/wp-json\/wp\/v2\/media\/43164"}],"wp:attachment":[{"href":"https:\/\/loosen.lt\/en\/wp-json\/wp\/v2\/media?parent=43163"}],"wp:term":[{"taxonomy":"product_brand","embeddable":true,"href":"https:\/\/loosen.lt\/en\/wp-json\/wp\/v2\/product_brand?post=43163"},{"taxonomy":"product_cat","embeddable":true,"href":"https:\/\/loosen.lt\/en\/wp-json\/wp\/v2\/product_cat?post=43163"},{"taxonomy":"product_tag","embeddable":true,"href":"https:\/\/loosen.lt\/en\/wp-json\/wp\/v2\/product_tag?post=43163"}],"curies":[{"name":"wp","href":"https:\/\/api.w.org\/{rel}","templated":true}]}}