{"id":43170,"date":"2026-04-14T15:50:27","date_gmt":"2026-04-14T15:50:27","guid":{"rendered":"https:\/\/loosen.lt\/?post_type=product&#038;p=43170"},"modified":"2026-04-14T15:50:28","modified_gmt":"2026-04-14T15:50:28","slug":"ostrovit-marine-collagen-hyaluronic-acid-vitamin-c-90-tableciu","status":"publish","type":"product","link":"https:\/\/loosen.lt\/en\/product\/ostrovit-marine-collagen-hyaluronic-acid-vitamin-c-90-tableciu\/","title":{"rendered":"OstroVit Marine Collagen + Hyaluronic Acid + Vitamin C \u2013 90 table\u010di\u0173"},"content":{"rendered":"<div><strong>Sudedamosios dalys:<\/strong> hidrolizuoti \u017euv\u0173 kolageno peptidai, mikrokristalin\u0117 celiulioz\u0117, krakmolas, natrio hialuronatas (hialurono r\u016bg\u0161tis), L-askorbo r\u016bg\u0161tis (vitaminas C), riebal\u0173 r\u016bg\u0161\u010di\u0173 magnio druskos (lipnum\u0105 ma\u017einan\u010dios med\u017eiagos), silicio dioksidas.<\/div>\n<div><strong>Alergenai<\/strong>: gali tur\u0117ti p\u0117dsak\u0173 pieno (\u012fskaitant laktoz\u0119), soj\u0173, \u017eem\u0117s rie\u0161ut\u0173, kit\u0173 rie\u0161ut\u0173, sezamo s\u0117kl\u0173, glitimo turin\u010di\u0173 gr\u016bd\u0173, kiau\u0161ini\u0173, v\u0117\u017eiagyvi\u0173 ir \u017euvies.<\/div>\n<div><\/div>\n<div>\n<table>\n<tbody>\n<tr>\n<td width=\"214\">Maistin\u0117 vert\u0117<\/td>\n<td width=\"214\">1 porcijoje (4 tablet\u0117se)<\/td>\n<\/tr>\n<tr>\n<td width=\"214\">\u017duv\u0173 kolageno peptidai (hidrolizuoti)<\/td>\n<td width=\"214\">2200mg<\/td>\n<\/tr>\n<tr>\n<td width=\"214\">Hialurono r\u016bg\u0161tis<\/td>\n<td width=\"214\">120mg<\/td>\n<\/tr>\n<tr>\n<td width=\"214\">Vitaminas C<\/td>\n<td width=\"214\">80 mg (100%*)<\/td>\n<\/tr>\n<tr>\n<td width=\"214\">*referencin\u0117 maistin\u0117 vert\u0117<\/td>\n<td width=\"214\">&nbsp;<\/td>\n<\/tr>\n<\/tbody>\n<\/table>\n<\/div>\n<p>&nbsp;<\/p>\n<div><strong>Vartojimas:<\/strong> vartokite 4 tabletes per dien\u0105. Nevartokite daugiau nei nurodyta rekomendacija.<\/div>\n<div><\/div>\n<div><strong>Laikymo s\u0105lygos:<\/strong><\/div>\n<div><\/div>\n<div>Laikyti v\u0117sioje, sausoje vietoje. Laikyti vaikams nepasiekiamoje vietoje.<\/div>\n<div>Gamintojas: Fitness Trading, Robert Szulborski, ul. Sitarska 16, 18-300 Zambr\u00f3w, Lenkija.<\/div>\n<div>Grynas kiekis: 103 g (90 table\u010di\u0173).<\/div>\n<div>Geriausias iki (termino pabaigos): geriausias vartoti iki termino, nurodyto ant pakuot\u0117s \u0161ono, vir\u0161aus arba jos apa\u010dioje.<\/div>\n<div>Partija: \u017er. ant pakuot\u0117s.<\/div>\n<div><\/div>\n<div><strong>\u012esp\u0117jimas:<\/strong><\/div>\n<div><\/div>\n<div>Maisto papildas n\u0117ra maisto pakaitalas. Svarbu \u012fvairi ir subalansuota mityba bei sveikas gyvenimo b\u016bdas. Jeigu esate n\u0117\u0161\u010dia, maitinate kr\u016btimi ar vartojate kitus vaistus, prie\u0161 vartojim\u0105 pasitarkite su gydytoju ar vaistininku. Nevir\u0161ykite nustatytos rekomenduojamos doz\u0117s.<\/div>\n","protected":false},"excerpt":{"rendered":"<div>OstroVit Marine Collagen + Hyaluronic Acid + Vitamin C \u2013 maisto papildas su I tipo j\u016briniu kolagenu, hialurono r\u016bg\u0161timi ir vitaminu C<\/div>\n<div><\/div>\n<div><strong>Pagrindin\u0117s savyb\u0117s:<\/strong><\/div>\n<div><\/div>\n<ul>\n<li>Kolagenas ir hialurono r\u016bg\u0161tis<\/li>\n<li>Da\u017enai naudojamos odos elastingumo ir s\u0105nari\u0173 judrumo palaikymo formul\u0117se<\/li>\n<li>Pla\u010diai vertinamos gro\u017eio ir s\u0105nari\u0173 prie\u017ei\u016bros sritys<\/li>\n<\/ul>\n<div><strong>Vitaminas C:<\/strong><\/div>\n<div><\/div>\n<ul>\n<li>Kolageno sintez\u0117s skatinimas<\/li>\n<\/ul>\n","protected":false},"featured_media":43171,"comment_status":"open","ping_status":"closed","template":"","meta":{"inline_featured_image":false},"product_brand":[],"product_cat":[159,121],"product_tag":[],"class_list":{"0":"post-43170","1":"product","2":"type-product","3":"status-publish","4":"has-post-thumbnail","6":"product_cat-akcijos","7":"product_cat-groziui","9":"first","10":"instock","11":"sale","12":"shipping-taxable","13":"purchasable","14":"product-type-simple"},"_links":{"self":[{"href":"https:\/\/loosen.lt\/en\/wp-json\/wp\/v2\/product\/43170","targetHints":{"allow":["GET"]}}],"collection":[{"href":"https:\/\/loosen.lt\/en\/wp-json\/wp\/v2\/product"}],"about":[{"href":"https:\/\/loosen.lt\/en\/wp-json\/wp\/v2\/types\/product"}],"replies":[{"embeddable":true,"href":"https:\/\/loosen.lt\/en\/wp-json\/wp\/v2\/comments?post=43170"}],"wp:featuredmedia":[{"embeddable":true,"href":"https:\/\/loosen.lt\/en\/wp-json\/wp\/v2\/media\/43171"}],"wp:attachment":[{"href":"https:\/\/loosen.lt\/en\/wp-json\/wp\/v2\/media?parent=43170"}],"wp:term":[{"taxonomy":"product_brand","embeddable":true,"href":"https:\/\/loosen.lt\/en\/wp-json\/wp\/v2\/product_brand?post=43170"},{"taxonomy":"product_cat","embeddable":true,"href":"https:\/\/loosen.lt\/en\/wp-json\/wp\/v2\/product_cat?post=43170"},{"taxonomy":"product_tag","embeddable":true,"href":"https:\/\/loosen.lt\/en\/wp-json\/wp\/v2\/product_tag?post=43170"}],"curies":[{"name":"wp","href":"https:\/\/api.w.org\/{rel}","templated":true}]}}