{"id":43186,"date":"2026-04-15T18:37:37","date_gmt":"2026-04-15T18:37:37","guid":{"rendered":"https:\/\/loosen.lt\/?post_type=product&#038;p=43186"},"modified":"2026-04-15T18:37:38","modified_gmt":"2026-04-15T18:37:38","slug":"ostrovit-omega-3-6-9-30-kapsuliu","status":"publish","type":"product","link":"https:\/\/loosen.lt\/en\/product\/ostrovit-omega-3-6-9-30-kapsuliu\/","title":{"rendered":"OstroVit Omega 3-6-9 \u2013 30 kapsuli\u0173"},"content":{"rendered":"<div><strong>Sudedamosios dalys:<\/strong> \u017euv\u0173 taukai, lin\u0173 s\u0117men\u0173 aliejus, saul\u0117gr\u0105\u017e\u0173 aliejus, \u017eelatina, dr\u0117gm\u0117s reguliatorius \u2013 glicerolis, vanduo, DL-alfa-tokoferilacetatas (vitaminas E).<\/div>\n<div><strong>Alergenai:<\/strong> gali tur\u0117ti p\u0117dsak\u0173 pieno (\u012fskaitant laktoz\u0119), soj\u0173, \u017eem\u0117s rie\u0161ut\u0173, kit\u0173 rie\u0161ut\u0173, sezamo s\u0117kl\u0173, glitimo turin\u010di\u0173 gr\u016bd\u0173, kiau\u0161ini\u0173, v\u0117\u017eiagyvi\u0173 ir \u017euvies.<\/div>\n<div><\/div>\n<div>\n<table>\n<tbody>\n<tr>\n<td width=\"214\">Maistin\u0117 vert\u0117<\/td>\n<td width=\"214\">1 porcijoje (1 kapsul\u0117je)<\/td>\n<td width=\"214\">%RMV*<\/td>\n<\/tr>\n<tr>\n<td width=\"214\">\u017duv\u0173 taukai<\/td>\n<td width=\"214\">400mg<\/td>\n<td width=\"214\">&#8211;<\/td>\n<\/tr>\n<tr>\n<td width=\"214\">\u2013 \u012fskaitant EPR eikozapentaeno r\u016bg\u0161t\u012f<\/td>\n<td width=\"214\">72mg<\/td>\n<td width=\"214\">&#8211;<\/td>\n<\/tr>\n<tr>\n<td width=\"214\">\u2013 \u012fskaitant DHR dokozaheksaeno r\u016bg\u0161t\u012f<\/td>\n<td width=\"214\">48mg<\/td>\n<td width=\"214\">&#8211;<\/td>\n<\/tr>\n<tr>\n<td width=\"214\">Lin\u0173 s\u0117men\u0173 aliejus:<\/td>\n<td width=\"214\">300mg<\/td>\n<td width=\"214\">&#8211;<\/td>\n<\/tr>\n<tr>\n<td width=\"214\">\u2013 \u012fskaitant alfa-linoleno r\u016bg\u0161t\u012f ALR<\/td>\n<td width=\"214\">150mg<\/td>\n<td width=\"214\">&#8211;<\/td>\n<\/tr>\n<tr>\n<td width=\"214\">\u2013 \u012fskaitant linolo r\u016bg\u0161t\u012f LR<\/td>\n<td width=\"214\">45mg<\/td>\n<td width=\"214\">&#8211;<\/td>\n<\/tr>\n<tr>\n<td width=\"214\">\u2013 \u012fskaitant oleino r\u016bg\u0161t\u012f OR<\/td>\n<td width=\"214\">60mg<\/td>\n<td width=\"214\">&#8211;<\/td>\n<\/tr>\n<tr>\n<td width=\"214\">Saul\u0117gr\u0105\u017e\u0173 s\u0117kl\u0173 aliejus:<\/td>\n<td width=\"214\">290mg<\/td>\n<td width=\"214\">&#8211;<\/td>\n<\/tr>\n<tr>\n<td width=\"214\">\u2013 \u012fskaitant linolo r\u016bg\u0161t\u012f LR<\/td>\n<td width=\"214\">145mg<\/td>\n<td width=\"214\">&#8211;<\/td>\n<\/tr>\n<tr>\n<td width=\"214\">\u2013 \u012fskaitant oleino r\u016bg\u0161t\u012f OR<\/td>\n<td width=\"214\">43,5mg<\/td>\n<td width=\"214\">&#8211;<\/td>\n<\/tr>\n<tr>\n<td width=\"214\">Vitaminas E<\/td>\n<td width=\"214\">10,5mg<\/td>\n<td width=\"214\">88%<\/td>\n<\/tr>\n<tr>\n<td width=\"214\">*referencin\u0117 maistin\u0117 vert\u0117<\/td>\n<td width=\"214\">&nbsp;<\/td>\n<td width=\"214\">&nbsp;<\/td>\n<\/tr>\n<\/tbody>\n<\/table>\n<\/div>\n<div><\/div>\n<div><\/div>\n<div><strong>Vartojimas:<\/strong> Vartokite 1 kapsul\u0119 per dien\u0105 po valgio, u\u017esigeriant vandeniu.<\/div>\n<div><\/div>\n<div><strong>Laikymo s\u0105lygos:<\/strong><\/div>\n<div><\/div>\n<div>Laikyti v\u0117sioje, sausoje vietoje. Laikyti vaikams nepasiekiamoje vietoje.<\/div>\n<div>Gamintojas: Fitness Trading, Robert Szulborski, ul. Sitarska 16, 18-300 Zambr\u00f3w, Lenkija.<\/div>\n<div>Grynas kiekis: 120g (90 kapsuli\u0173).<\/div>\n<div>Geriausias iki (termino pabaigos): geriausias vartoti iki termino, nurodyto ant pakuot\u0117s \u0161ono, vir\u0161aus arba jos apa\u010dioje.<\/div>\n<div>Partija: \u017er. ant pakuot\u0117s.<\/div>\n<div><\/div>\n<div><strong>\u012esp\u0117jimas:<\/strong><\/div>\n<div><\/div>\n<div>Maisto papildas n\u0117ra maisto pakaitalas. Svarbu \u012fvairi ir subalansuota mityba bei sveikas gyvenimo b\u016bdas. Jeigu esate n\u0117\u0161\u010dia, maitinate kr\u016btimi ar vartojate kitus vaistus, prie\u0161 vartojim\u0105 pasitarkite su gydytoju ar vaistininku. Nevir\u0161ykite nustatytos rekomenduojamos doz\u0117s.<\/div>\n","protected":false},"excerpt":{"rendered":"<div>OstroVit Omega 3-6-9 \u2013 maisto papildas su neso\u010diomis riebal\u0173 r\u016bg\u0161timis omega-3, omega-6, omega-9 ir vitaminu E<\/div>\n<div><\/div>\n<div><strong>Pagrindin\u0117s savyb\u0117s:<\/strong><\/div>\n<div><\/div>\n<ul>\n<li>EPR ir DHR prisideda prie \u0161irdies sveikatos<\/li>\n<li>DHR palaiko smegen\u0173 funkcij\u0105<\/li>\n<li>DHR padeda i\u0161laikyti normal\u0173 reg\u0117jim\u0105<\/li>\n<\/ul>\n","protected":false},"featured_media":43187,"comment_status":"open","ping_status":"closed","template":"","meta":{"inline_featured_image":false},"product_brand":[],"product_cat":[159,115],"product_tag":[],"class_list":{"0":"post-43186","1":"product","2":"type-product","3":"status-publish","4":"has-post-thumbnail","6":"product_cat-akcijos","7":"product_cat-sirdziai-ir-kraujotakai","9":"first","10":"instock","11":"sale","12":"shipping-taxable","13":"purchasable","14":"product-type-simple"},"_links":{"self":[{"href":"https:\/\/loosen.lt\/en\/wp-json\/wp\/v2\/product\/43186","targetHints":{"allow":["GET"]}}],"collection":[{"href":"https:\/\/loosen.lt\/en\/wp-json\/wp\/v2\/product"}],"about":[{"href":"https:\/\/loosen.lt\/en\/wp-json\/wp\/v2\/types\/product"}],"replies":[{"embeddable":true,"href":"https:\/\/loosen.lt\/en\/wp-json\/wp\/v2\/comments?post=43186"}],"wp:featuredmedia":[{"embeddable":true,"href":"https:\/\/loosen.lt\/en\/wp-json\/wp\/v2\/media\/43187"}],"wp:attachment":[{"href":"https:\/\/loosen.lt\/en\/wp-json\/wp\/v2\/media?parent=43186"}],"wp:term":[{"taxonomy":"product_brand","embeddable":true,"href":"https:\/\/loosen.lt\/en\/wp-json\/wp\/v2\/product_brand?post=43186"},{"taxonomy":"product_cat","embeddable":true,"href":"https:\/\/loosen.lt\/en\/wp-json\/wp\/v2\/product_cat?post=43186"},{"taxonomy":"product_tag","embeddable":true,"href":"https:\/\/loosen.lt\/en\/wp-json\/wp\/v2\/product_tag?post=43186"}],"curies":[{"name":"wp","href":"https:\/\/api.w.org\/{rel}","templated":true}]}}