{"id":43191,"date":"2026-04-15T18:35:50","date_gmt":"2026-04-15T18:35:50","guid":{"rendered":"https:\/\/loosen.lt\/?post_type=product&#038;p=43191"},"modified":"2026-04-15T18:35:50","modified_gmt":"2026-04-15T18:35:50","slug":"ostrovit-pro-60-biotic-lactospore-60-kapsuliu","status":"publish","type":"product","link":"https:\/\/loosen.lt\/en\/product\/ostrovit-pro-60-biotic-lactospore-60-kapsuliu\/","title":{"rendered":"OstroVit PRO-60 BIOTIC LactoSpore 60 kapsuli\u0173"},"content":{"rendered":"<div><strong>Sudedamosios dalys:<\/strong> LactoSpore\u00ae (1 x 10^9 Bacillus coagulans MTCC 5856 kolonijas sudarantys vienetai vienoje kapsul\u0117je), kapsul\u0117s apvalkalas (hidroksipropilmetilceliulioz\u0117), cikorij\u0173 inulinas (prebiotikas).<\/div>\n<div><strong>Alergenai:<\/strong> gali tur\u0117ti p\u0117dsak\u0173 pieno (\u012fskaitant laktoz\u0119), soj\u0173, \u017eem\u0117s rie\u0161ut\u0173, kit\u0173 rie\u0161ut\u0173, sezamo s\u0117kl\u0173, glitimo turin\u010di\u0173 gr\u016bd\u0173, kiau\u0161ini\u0173, v\u0117\u017eiagyvi\u0173 ir \u017euvies.<\/div>\n<div><\/div>\n<div>\n<table>\n<tbody>\n<tr>\n<td width=\"214\">Maistin\u0117 vert\u0117<\/td>\n<td width=\"214\">Vienoje porcijoje<\/td>\n<\/tr>\n<tr>\n<td width=\"214\">Bacillus coagulans \u2013 MTCC 5856<\/td>\n<td width=\"214\">1 x 109 CFU*<\/td>\n<\/tr>\n<tr>\n<td width=\"214\">Inulinas<\/td>\n<td width=\"214\">150mg<\/td>\n<\/tr>\n<tr>\n<td width=\"214\">*Colony Forming Unit \u2013 kolonijas sudarantis vienetas<\/td>\n<td width=\"214\">&nbsp;<\/td>\n<\/tr>\n<\/tbody>\n<\/table>\n<\/div>\n<p>&nbsp;<\/p>\n<div><strong>Vartojimas:<\/strong> rekomenduojama vartoti po 1 kapsul\u0119 per dien\u0105, po valgio. Produktas skirtas suaugusiems \u017emon\u0117ms.<\/div>\n<div><\/div>\n<div><strong>Laikymo s\u0105lygos:<\/strong><\/div>\n<div><\/div>\n<div>Laikyti v\u0117sioje, sausoje vietoje. Laikyti vaikams nepasiekiamoje vietoje.<\/div>\n<div>Gamintojas: Fitness Trading, Robert Szulborski, ul. Sitarska 16, 18-300 Zambr\u00f3w, Lenkija.<\/div>\n<div>Grynas kiekis:\u00a0 60 kapsuli\u0173 (24g).<\/div>\n<div>Geriausias iki (termino pabaigos): geriausias vartoti iki termino, nurodyto ant pakuot\u0117s \u0161ono, vir\u0161aus arba jos apa\u010dioje.<\/div>\n<div>Partija: \u017er. ant pakuot\u0117s.<\/div>\n<div><\/div>\n<div><strong>\u012esp\u0117jimas:<\/strong><\/div>\n<div><\/div>\n<div>Maisto papildas n\u0117ra maisto pakaitalas. Svarbu \u012fvairi ir subalansuota mityba bei sveikas gyvenimo b\u016bdas. Jeigu esate n\u0117\u0161\u010dia, maitinate kr\u016btimi ar vartojate kitus vaistus, prie\u0161 vartojim\u0105 pasitarkite su gydytoju ar vaistininku. Nevir\u0161ykite nustatytos rekomenduojamos doz\u0117s.<\/div>\n","protected":false},"excerpt":{"rendered":"<div>OstroVit PRO-60 BIOTIC LactoSpore \u2013 maisto papildas su Bacillus coagulans LactoSpore bakterijomis ir cikorij\u0173 inulinu<\/div>\n<div><\/div>\n<div><strong>Pagrindin\u0117s savyb\u0117s:<\/strong><\/div>\n<div><\/div>\n<ul>\n<li>Padeda palaikyti \u017earnyno mikroflor\u0105<\/li>\n<li>Skatina vir\u0161kinimo sveikat\u0105<\/li>\n<li>Gali pad\u0117ti atstatyti \u017earnyno mikroflor\u0105 po antibiotik\u0173 vartojimo<\/li>\n<\/ul>\n","protected":false},"featured_media":43192,"comment_status":"open","ping_status":"closed","template":"","meta":{"inline_featured_image":false},"product_brand":[],"product_cat":[159,114],"product_tag":[],"class_list":{"0":"post-43191","1":"product","2":"type-product","3":"status-publish","4":"has-post-thumbnail","6":"product_cat-akcijos","7":"product_cat-virskinimui-ir-zarnynui","9":"first","10":"instock","11":"sale","12":"shipping-taxable","13":"purchasable","14":"product-type-simple"},"_links":{"self":[{"href":"https:\/\/loosen.lt\/en\/wp-json\/wp\/v2\/product\/43191","targetHints":{"allow":["GET"]}}],"collection":[{"href":"https:\/\/loosen.lt\/en\/wp-json\/wp\/v2\/product"}],"about":[{"href":"https:\/\/loosen.lt\/en\/wp-json\/wp\/v2\/types\/product"}],"replies":[{"embeddable":true,"href":"https:\/\/loosen.lt\/en\/wp-json\/wp\/v2\/comments?post=43191"}],"wp:featuredmedia":[{"embeddable":true,"href":"https:\/\/loosen.lt\/en\/wp-json\/wp\/v2\/media\/43192"}],"wp:attachment":[{"href":"https:\/\/loosen.lt\/en\/wp-json\/wp\/v2\/media?parent=43191"}],"wp:term":[{"taxonomy":"product_brand","embeddable":true,"href":"https:\/\/loosen.lt\/en\/wp-json\/wp\/v2\/product_brand?post=43191"},{"taxonomy":"product_cat","embeddable":true,"href":"https:\/\/loosen.lt\/en\/wp-json\/wp\/v2\/product_cat?post=43191"},{"taxonomy":"product_tag","embeddable":true,"href":"https:\/\/loosen.lt\/en\/wp-json\/wp\/v2\/product_tag?post=43191"}],"curies":[{"name":"wp","href":"https:\/\/api.w.org\/{rel}","templated":true}]}}