{"id":43208,"date":"2026-04-15T18:28:11","date_gmt":"2026-04-15T18:28:11","guid":{"rendered":"https:\/\/loosen.lt\/?post_type=product&#038;p=43208"},"modified":"2026-04-15T18:28:11","modified_gmt":"2026-04-15T18:28:11","slug":"ostrovit-shilajit-90-kapsuliu","status":"publish","type":"product","link":"https:\/\/loosen.lt\/en\/product\/ostrovit-shilajit-90-kapsuliu\/","title":{"rendered":"OstroVit Shilajit \u2013 90 kapsuli\u0173"},"content":{"rendered":"<div>OstroVit Shilajit \u2013 auk\u0161tos kokyb\u0117s maisto papildas, kuriame yra nat\u016bralus \u0161ilad\u017eito ekstraktas. \u0160ilad\u017eitas \u2013 tai mineralin\u0117 derva, susidariusi kalnuose ir vertinama tradicin\u0117se mitybos praktikose. Papildas skirtas papildyti kasdien\u0119 mityb\u0105 vertingais nat\u016braliais junginiais.<\/div>\n<div><\/div>\n<div><strong>Sudedamosios dalys:<\/strong> \u0160ila\u017eito ekstraktas (Asphaltum panjabinum), standartizuotas iki 20% fulvo r\u016bg\u0161\u010di\u0173; u\u017epildas: hidroksipropilmetilceliulioz\u0117, inulinas, lipnum\u0105 reguliuojanti med\u017eiaga: riebal\u0173 r\u016bg\u0161\u010di\u0173 magnio druskos.<\/div>\n<div><strong>Alergenai:<\/strong> gali tur\u0117ti p\u0117dsak\u0173 pieno (\u012fskaitant laktoz\u0119), soj\u0173, \u017eem\u0117s rie\u0161ut\u0173, kit\u0173 rie\u0161ut\u0173, sezamo s\u0117kl\u0173, glitimo turin\u010di\u0173 gr\u016bd\u0173, kiau\u0161ini\u0173, v\u0117\u017eiagyvi\u0173 ir \u017euvies.<\/div>\n<div><\/div>\n<div>\n<table>\n<tbody>\n<tr>\n<td width=\"214\">Maistin\u0117 vert\u0117<\/td>\n<td width=\"214\">1 porcijoje<\/td>\n<\/tr>\n<tr>\n<td width=\"214\">\u0160ila\u017eito ekstraktas:<\/td>\n<td width=\"214\">250mg<\/td>\n<\/tr>\n<tr>\n<td width=\"214\">\u2013 i\u0161 kuri\u0173 fulvo r\u016bg\u0161tys (20 %)<\/td>\n<td width=\"214\">50mg<\/td>\n<\/tr>\n<\/tbody>\n<\/table>\n<\/div>\n<p>&nbsp;<\/p>\n<div><strong>Vartojimas:<\/strong> Rekomenduojama vartoti po 1 kapsul\u0119 per dien\u0105.<\/div>\n<div><\/div>\n<div><strong>Laikymo s\u0105lygos:<\/strong><\/div>\n<div><\/div>\n<div>Laikyti v\u0117sioje, sausoje vietoje. Laikyti vaikams nepasiekiamoje vietoje.<\/div>\n<div>Gamintojas: Fitness Trading, Robert Szulborski, ul. Sitarska 16, 18-300 Zambr\u00f3w, Lenkija.<\/div>\n<div>Grynas kiekis: 35 g (90 kapsuli\u0173).<\/div>\n<div>Geriausias iki (termino pabaigos): geriausias vartoti iki termino, nurodyto ant pakuot\u0117s \u0161ono, vir\u0161aus arba jos apa\u010dioje.<\/div>\n<div>Partija: \u017er. ant pakuot\u0117s.<\/div>\n<div><\/div>\n<div><strong>\u012esp\u0117jimas:<\/strong><\/div>\n<div><\/div>\n<div>Maisto papildas n\u0117ra maisto pakaitalas. Svarbu \u012fvairi ir subalansuota mityba bei sveikas gyvenimo b\u016bdas. Jeigu esate n\u0117\u0161\u010dia, maitinate kr\u016btimi ar vartojate kitus vaistus, prie\u0161 vartojim\u0105 pasitarkite su gydytoju ar vaistininku. Nevir\u0161ykite nustatytos rekomenduojamos doz\u0117s.<\/div>\n","protected":false},"excerpt":{"rendered":"<div>OstroVit Shilajit \u2013 auk\u0161tos kokyb\u0117s kapsul\u0117s su nat\u016braliu \u0161ilad\u017eito ekstraktu, vertinamu tradicin\u0117se mitybos praktikose, skirtos papildyti mityb\u0105<\/div>\n<div><\/div>\n<div><strong>Pagrindin\u0117s savyb\u0117s:<\/strong><\/div>\n<div><\/div>\n<ul>\n<li>Antioksidacin\u0117 veikla<\/li>\n<li>Energijos lygio palaikymas<\/li>\n<li>Imunin\u0117s sistemos palaikymas<\/li>\n<li>Detoksikacijos procesai<\/li>\n<li>Mineral\u0173 papildymas<\/li>\n<li>Bendras gerov\u0117s jausmas<\/li>\n<\/ul>\n","protected":false},"featured_media":43209,"comment_status":"open","ping_status":"closed","template":"","meta":{"inline_featured_image":false},"product_brand":[],"product_cat":[159,124],"product_tag":[],"class_list":{"0":"post-43208","1":"product","2":"type-product","3":"status-publish","4":"has-post-thumbnail","6":"product_cat-akcijos","7":"product_cat-bendrai-sveikatai","9":"first","10":"instock","11":"sale","12":"shipping-taxable","13":"purchasable","14":"product-type-simple"},"_links":{"self":[{"href":"https:\/\/loosen.lt\/en\/wp-json\/wp\/v2\/product\/43208","targetHints":{"allow":["GET"]}}],"collection":[{"href":"https:\/\/loosen.lt\/en\/wp-json\/wp\/v2\/product"}],"about":[{"href":"https:\/\/loosen.lt\/en\/wp-json\/wp\/v2\/types\/product"}],"replies":[{"embeddable":true,"href":"https:\/\/loosen.lt\/en\/wp-json\/wp\/v2\/comments?post=43208"}],"wp:featuredmedia":[{"embeddable":true,"href":"https:\/\/loosen.lt\/en\/wp-json\/wp\/v2\/media\/43209"}],"wp:attachment":[{"href":"https:\/\/loosen.lt\/en\/wp-json\/wp\/v2\/media?parent=43208"}],"wp:term":[{"taxonomy":"product_brand","embeddable":true,"href":"https:\/\/loosen.lt\/en\/wp-json\/wp\/v2\/product_brand?post=43208"},{"taxonomy":"product_cat","embeddable":true,"href":"https:\/\/loosen.lt\/en\/wp-json\/wp\/v2\/product_cat?post=43208"},{"taxonomy":"product_tag","embeddable":true,"href":"https:\/\/loosen.lt\/en\/wp-json\/wp\/v2\/product_tag?post=43208"}],"curies":[{"name":"wp","href":"https:\/\/api.w.org\/{rel}","templated":true}]}}