{"id":43220,"date":"2026-04-15T18:22:43","date_gmt":"2026-04-15T18:22:43","guid":{"rendered":"https:\/\/loosen.lt\/?post_type=product&#038;p=43220"},"modified":"2026-04-15T21:43:31","modified_gmt":"2026-04-15T21:43:31","slug":"ostrovit-vitamin-d3-4000-iu-k2-100-tableciu","status":"publish","type":"product","link":"https:\/\/loosen.lt\/en\/product\/ostrovit-vitamin-d3-4000-iu-k2-100-tableciu\/","title":{"rendered":"OstroVit Vitamin D3 4000 IU + K2 \u2013 100 table\u010di\u0173"},"content":{"rendered":"<div><strong>Sudedamosios dalys:<\/strong> u\u017epildas \u2013 mikrokristalin\u0117 celiulioz\u0117, krakmolas, cholekalciferolis (vit. D), menachinonas-7 (vit. K) i\u0161 Bacillus subtilis natto, lipnum\u0105 ma\u017einan\u010dios med\u017eiagos \u2013 magnio druskos riebal\u0173 r\u016bg\u0161\u010di\u0173, silicio dioksidas.<\/div>\n<div><strong>Alergenai:<\/strong> gali tur\u0117ti p\u0117dsak\u0173 pieno (\u012fskaitant laktoz\u0119), soj\u0173, \u017eem\u0117s rie\u0161ut\u0173, kit\u0173 rie\u0161ut\u0173, sezamo s\u0117kl\u0173, glitimo turin\u010di\u0173 gr\u016bd\u0173, kiau\u0161ini\u0173, v\u0117\u017eiagyvi\u0173 ir \u017euvies.<\/div>\n<div><\/div>\n<div>\n<table>\n<tbody>\n<tr>\n<td width=\"214\">Maistin\u0117 vert\u0117<\/td>\n<td width=\"214\">1 tablet\u0117je<\/td>\n<\/tr>\n<tr>\n<td width=\"214\">Vitaminas D<\/td>\n<td width=\"214\">100 \u00b5g (133%*)<\/td>\n<\/tr>\n<tr>\n<td width=\"214\">Vitaminas K<\/td>\n<td width=\"214\">100 \u00b5g \/ 4000 TV (2000%*)<\/td>\n<\/tr>\n<tr>\n<td width=\"214\">*referencin\u0117 maistin\u0117 vert\u0117.<\/td>\n<td width=\"214\">&nbsp;<\/td>\n<\/tr>\n<\/tbody>\n<\/table>\n<\/div>\n<p>&nbsp;<\/p>\n<div><strong>Vartojimas:<\/strong> Rekomenduojama vartoti po 1 tablet\u0119 per dien\u0105 valgio metu. Produktas tinka asmenims, vyresniems nei 75 met\u0173.<\/div>\n<div><\/div>\n<div><strong>Laikymo s\u0105lygos:<\/strong><\/div>\n<div><\/div>\n<div>Laikyti v\u0117sioje, sausoje vietoje. Laikyti vaikams nepasiekiamoje vietoje.<\/div>\n<div>Gamintojas: Fitness Trading, Robert Szulborski, ul. Sitarska 16, 18-300 Zambr\u00f3w, Lenkija.<\/div>\n<div>Grynas kiekis: 100 table\u010di\u0173 (29 g).<\/div>\n<div>Geriausias iki (termino pabaigos): geriausias vartoti iki termino, nurodyto ant pakuot\u0117s \u0161ono, vir\u0161aus arba jos apa\u010dioje.<\/div>\n<div>Partija: \u017er. ant pakuot\u0117s.<\/div>\n<div><\/div>\n<div><strong>\u012esp\u0117jimas:<\/strong><\/div>\n<div><\/div>\n<div>Maisto papildas n\u0117ra maisto pakaitalas. Svarbu \u012fvairi ir subalansuota mityba bei sveikas gyvenimo b\u016bdas. Jeigu esate n\u0117\u0161\u010dia, maitinate kr\u016btimi ar vartojate kitus vaistus, prie\u0161 vartojim\u0105 pasitarkite su gydytoju ar vaistininku. Nevir\u0161ykite nustatytos rekomenduojamos doz\u0117s.<\/div>\n","protected":false},"excerpt":{"rendered":"<div>OstroVit Vitaminas D3 4000 IU + K2\u2013 tai cholekalciferolis (vitaminas D3), papildytas vitaminu K2<\/div>\n<div><\/div>\n<div><strong>Pagrindin\u0117s savyb\u0117s:<\/strong><\/div>\n<div><\/div>\n<div><strong>Vitaminas D:<\/strong><\/div>\n<div><\/div>\n<ul>\n<li>Palaiko kalcio ir fosforo absorbcij\u0105<\/li>\n<li>Padeda i\u0161laikyti normal\u0173 kalcio kiek\u012f kraujyje<\/li>\n<li>Turi teigiam\u0105 poveik\u012f kaul\u0173 ir raumen\u0173 b\u016bklei<\/li>\n<li>Stiprina imunin\u0119 sistem\u0105<\/li>\n<li>Palaiko dant\u0173 b\u016bkl\u0119<\/li>\n<\/ul>\n<div><\/div>\n<div><strong>Vitaminas K:<\/strong><\/div>\n<div><\/div>\n<ul>\n<li>Palaiko normal\u0173 kraujo kre\u0161\u0117jim\u0105<\/li>\n<li>Palaiko kaul\u0173 b\u016bkl\u0119<\/li>\n<\/ul>\n","protected":false},"featured_media":43221,"comment_status":"open","ping_status":"closed","template":"","meta":{"inline_featured_image":false},"product_brand":[],"product_cat":[159,116],"product_tag":[],"class_list":{"0":"post-43220","1":"product","2":"type-product","3":"status-publish","4":"has-post-thumbnail","6":"product_cat-akcijos","7":"product_cat-kaulams-ir-sanariams","9":"first","10":"instock","11":"sale","12":"shipping-taxable","13":"purchasable","14":"product-type-simple"},"_links":{"self":[{"href":"https:\/\/loosen.lt\/en\/wp-json\/wp\/v2\/product\/43220","targetHints":{"allow":["GET"]}}],"collection":[{"href":"https:\/\/loosen.lt\/en\/wp-json\/wp\/v2\/product"}],"about":[{"href":"https:\/\/loosen.lt\/en\/wp-json\/wp\/v2\/types\/product"}],"replies":[{"embeddable":true,"href":"https:\/\/loosen.lt\/en\/wp-json\/wp\/v2\/comments?post=43220"}],"wp:featuredmedia":[{"embeddable":true,"href":"https:\/\/loosen.lt\/en\/wp-json\/wp\/v2\/media\/43221"}],"wp:attachment":[{"href":"https:\/\/loosen.lt\/en\/wp-json\/wp\/v2\/media?parent=43220"}],"wp:term":[{"taxonomy":"product_brand","embeddable":true,"href":"https:\/\/loosen.lt\/en\/wp-json\/wp\/v2\/product_brand?post=43220"},{"taxonomy":"product_cat","embeddable":true,"href":"https:\/\/loosen.lt\/en\/wp-json\/wp\/v2\/product_cat?post=43220"},{"taxonomy":"product_tag","embeddable":true,"href":"https:\/\/loosen.lt\/en\/wp-json\/wp\/v2\/product_tag?post=43220"}],"curies":[{"name":"wp","href":"https:\/\/api.w.org\/{rel}","templated":true}]}}