{"id":43248,"date":"2026-04-21T19:40:15","date_gmt":"2026-04-21T19:40:15","guid":{"rendered":"https:\/\/loosen.lt\/?post_type=product&#038;p=43248"},"modified":"2026-04-21T19:40:15","modified_gmt":"2026-04-21T19:40:15","slug":"swanson-biotinas-5000mcg-100-kapsuliu","status":"publish","type":"product","link":"https:\/\/loosen.lt\/en\/product\/swanson-biotinas-5000mcg-100-kapsuliu\/","title":{"rendered":"Swanson BIOTINAS 5000MCG \u2013 100 kapsuli\u0173"},"content":{"rendered":"<p><strong>Sudedamosios dalys:<\/strong> ry\u017ei\u0173 milt\u0173 pagrindas; kapsul\u0117s ir strukt\u016br\u0105 formuojantys komponentai \u2013 akacij\u0173 derva bei \u017eelatina; veiklioji med\u017eiaga \u2013 D-biotinas<\/p>\n<table>\n<tbody>\n<tr>\n<td width=\"214\">Maistin\u0117 vert\u0117<\/td>\n<td width=\"214\">1 kapsul\u0117je<\/td>\n<\/tr>\n<tr>\n<td width=\"214\">Biotino<\/td>\n<td width=\"214\">5000mcg*<\/td>\n<\/tr>\n<\/tbody>\n<\/table>\n<p>&nbsp;<\/p>\n<div><strong>Vartojimas:<\/strong> Rekomenduojama suaugusiesiems vartoti po vien\u0105 kapsul\u0119 per par\u0105, nuryjant j\u0105 ir u\u017egeriant vandeniu.<\/div>\n<div><\/div>\n<div><strong>Laikymo s\u0105lygos:<\/strong><\/div>\n<div><\/div>\n<div>Laikyti v\u0117sioje, sausoje vietoje. Laikyti vaikams nepasiekiamoje vietoje.<\/div>\n<div>Gamintojas: Swanson Health Products Inc., JAV.<\/div>\n<div>Grynas kiekis: (100 kapsuli\u0173).<\/div>\n<div>Geriausias iki (termino pabaigos): geriausias vartoti iki termino, nurodyto ant pakuot\u0117s \u0161ono, vir\u0161aus arba jos apa\u010dioje.<\/div>\n<div><\/div>\n<div><strong>\u012esp\u0117jimas:<\/strong><\/div>\n<div><\/div>\n<div>Maisto papildas n\u0117ra maisto pakaitalas. Svarbu \u012fvairi ir subalansuota mityba bei sveikas gyvenimo b\u016bdas. Jeigu esate n\u0117\u0161\u010dia, maitinate kr\u016btimi ar vartojate kitus vaistus, prie\u0161 vartojim\u0105 pasitarkite su gydytoju ar vaistininku. Nevir\u0161ykite nustatytos rekomenduojamos doz\u0117s.<\/div>\n","protected":false},"excerpt":{"rendered":"<div>Swanson biotinas gaminamas JAV, remiantis ilgamete patirtimi ir grie\u017eta kokyb\u0117s kontrole, u\u017etikrinan\u010dia patikim\u0105 produkto kokyb\u0119<\/div>\n<div><\/div>\n<div><strong>Pagrindin\u0117s savyb\u0117s:<\/strong><\/div>\n<div><\/div>\n<div><strong>Biotinas padeda palaikyti<\/strong><\/div>\n<div><\/div>\n<ul>\n<li>normali\u0105 odos b\u016bkl\u0119<\/li>\n<li>sveik\u0105 plauk\u0173 b\u016bkl\u0119<\/li>\n<li>gleivini\u0173 vientisum\u0105 ir sveikat\u0105<\/li>\n<li>tinkam\u0105 maistini\u0173 makromed\u017eiag\u0173 apykait\u0105<\/li>\n<li>nerv\u0173 sistemos normal\u0173 funkcionavim\u0105<\/li>\n<li>psichologin\u0117s veiklos stabilum\u0105<\/li>\n<li>efektyvi\u0105 energijos apykait\u0105<\/li>\n<\/ul>\n","protected":false},"featured_media":43249,"comment_status":"open","ping_status":"closed","template":"","meta":{"inline_featured_image":false},"product_brand":[],"product_cat":[121],"product_tag":[],"class_list":{"0":"post-43248","1":"product","2":"type-product","3":"status-publish","4":"has-post-thumbnail","6":"product_cat-groziui","8":"first","9":"instock","10":"sale","11":"shipping-taxable","12":"purchasable","13":"product-type-simple"},"_links":{"self":[{"href":"https:\/\/loosen.lt\/en\/wp-json\/wp\/v2\/product\/43248","targetHints":{"allow":["GET"]}}],"collection":[{"href":"https:\/\/loosen.lt\/en\/wp-json\/wp\/v2\/product"}],"about":[{"href":"https:\/\/loosen.lt\/en\/wp-json\/wp\/v2\/types\/product"}],"replies":[{"embeddable":true,"href":"https:\/\/loosen.lt\/en\/wp-json\/wp\/v2\/comments?post=43248"}],"wp:featuredmedia":[{"embeddable":true,"href":"https:\/\/loosen.lt\/en\/wp-json\/wp\/v2\/media\/43249"}],"wp:attachment":[{"href":"https:\/\/loosen.lt\/en\/wp-json\/wp\/v2\/media?parent=43248"}],"wp:term":[{"taxonomy":"product_brand","embeddable":true,"href":"https:\/\/loosen.lt\/en\/wp-json\/wp\/v2\/product_brand?post=43248"},{"taxonomy":"product_cat","embeddable":true,"href":"https:\/\/loosen.lt\/en\/wp-json\/wp\/v2\/product_cat?post=43248"},{"taxonomy":"product_tag","embeddable":true,"href":"https:\/\/loosen.lt\/en\/wp-json\/wp\/v2\/product_tag?post=43248"}],"curies":[{"name":"wp","href":"https:\/\/api.w.org\/{rel}","templated":true}]}}