{"id":43252,"date":"2026-04-21T19:38:58","date_gmt":"2026-04-21T19:38:58","guid":{"rendered":"https:\/\/loosen.lt\/?post_type=product&#038;p=43252"},"modified":"2026-04-21T19:38:58","modified_gmt":"2026-04-21T19:38:58","slug":"swanson-gliukozaminas-chondroitinas-ir-msm-120-tableciu","status":"publish","type":"product","link":"https:\/\/loosen.lt\/en\/product\/swanson-gliukozaminas-chondroitinas-ir-msm-120-tableciu\/","title":{"rendered":"Swanson GLIUKOZAMINAS, CHONDROITINAS IR MSM \u2013 120 table\u010di\u0173"},"content":{"rendered":"<p><strong>Sudedamosios dalys:<\/strong> Produkte yra gliukozamino sulfatas, gaunamas i\u0161 v\u0117\u017eiagyvi\u0173, kartu su metilsulfonilmetanu ir chondroitino sulfatu. Taip pat naudojamos pagalbin\u0117s med\u017eiagos: mikrokristalin\u0117 celiulioz\u0117 kaip u\u017epildas, kalcio karbonatas lipnumui reguliuoti, riebal\u0173 r\u016bg\u0161tys bei j\u0173 magnio druskos emulsinimui. Formulei stabilum\u0105 suteikia skersini\u0173 ry\u0161i\u0173 natrio karboksimetilceliulioz\u0117, o tablet\u0117s pavir\u0161iui padengti naudojamas \u0161elakas.<\/p>\n<table>\n<tbody>\n<tr>\n<td width=\"321\">Maistin\u0117 vert\u0117<\/td>\n<td width=\"321\">3 kapsul\u0117se<\/td>\n<\/tr>\n<tr>\n<td width=\"321\">Gliukozamino sulfato<\/td>\n<td width=\"321\">750mg<\/td>\n<\/tr>\n<tr>\n<td width=\"321\">Chondroitino sulfatas<\/td>\n<td width=\"321\">600mg<\/td>\n<\/tr>\n<tr>\n<td width=\"321\">Metilsulfonilmetanas<\/td>\n<td width=\"321\">450mg<\/td>\n<\/tr>\n<\/tbody>\n<\/table>\n<p>&nbsp;<\/p>\n<div><strong>Vartojimas:<\/strong> Rekomenduojama vartoti po 3 tabletes vienu kartu, tai darant 1\u20132 kartus per dien\u0105. Tabletes reikia gerti valgant ir u\u017esigerti vandeniu.<\/div>\n<div><\/div>\n<div><strong>Laikymo s\u0105lygos:<\/strong><\/div>\n<div><\/div>\n<div>Laikyti v\u0117sioje, sausoje vietoje. Laikyti vaikams nepasiekiamoje vietoje.<\/div>\n<div>Gamintojas: Swanson Health Products Inc., JAV.<\/div>\n<div>Grynas kiekis: 120 kapsuli\u0173<\/div>\n<div>Geriausias iki (termino pabaigos): geriausias vartoti iki termino, nurodyto ant pakuot\u0117s \u0161ono, vir\u0161aus arba jos apa\u010dioje.<\/div>\n<div><\/div>\n<div><strong>\u012esp\u0117jimas:<\/strong><\/div>\n<div><\/div>\n<div>Maisto papildas n\u0117ra maisto pakaitalas. Svarbu \u012fvairi ir subalansuota mityba bei sveikas gyvenimo b\u016bdas. Jeigu esate n\u0117\u0161\u010dia, maitinate kr\u016btimi ar vartojate kitus vaistus, prie\u0161 vartojim\u0105 pasitarkite su gydytoju ar vaistininku. Nevir\u0161ykite nustatytos rekomenduojamos doz\u0117s.<\/div>\n","protected":false},"excerpt":{"rendered":"<div>Swanson maisto papildas su gliukozaminu, chondroitinu ir MSM yra gaminamas JAV pagal grie\u017etus kokyb\u0117s reikalavimus<\/div>\n<div><\/div>\n<div><strong>Pagrindin\u0117s savyb\u0117s:<\/strong><\/div>\n<div><\/div>\n<ul>\n<li>Sud\u0117tyje yra gliukozamino, chondroitino ir MSM \u2013 med\u017eiag\u0173, nat\u016braliai randam\u0173 jungiamajame audinyje<\/li>\n<\/ul>\n","protected":false},"featured_media":43253,"comment_status":"open","ping_status":"closed","template":"","meta":{"inline_featured_image":false},"product_brand":[],"product_cat":[116],"product_tag":[],"class_list":{"0":"post-43252","1":"product","2":"type-product","3":"status-publish","4":"has-post-thumbnail","6":"product_cat-kaulams-ir-sanariams","8":"first","9":"instock","10":"sale","11":"shipping-taxable","12":"purchasable","13":"product-type-simple"},"_links":{"self":[{"href":"https:\/\/loosen.lt\/en\/wp-json\/wp\/v2\/product\/43252","targetHints":{"allow":["GET"]}}],"collection":[{"href":"https:\/\/loosen.lt\/en\/wp-json\/wp\/v2\/product"}],"about":[{"href":"https:\/\/loosen.lt\/en\/wp-json\/wp\/v2\/types\/product"}],"replies":[{"embeddable":true,"href":"https:\/\/loosen.lt\/en\/wp-json\/wp\/v2\/comments?post=43252"}],"wp:featuredmedia":[{"embeddable":true,"href":"https:\/\/loosen.lt\/en\/wp-json\/wp\/v2\/media\/43253"}],"wp:attachment":[{"href":"https:\/\/loosen.lt\/en\/wp-json\/wp\/v2\/media?parent=43252"}],"wp:term":[{"taxonomy":"product_brand","embeddable":true,"href":"https:\/\/loosen.lt\/en\/wp-json\/wp\/v2\/product_brand?post=43252"},{"taxonomy":"product_cat","embeddable":true,"href":"https:\/\/loosen.lt\/en\/wp-json\/wp\/v2\/product_cat?post=43252"},{"taxonomy":"product_tag","embeddable":true,"href":"https:\/\/loosen.lt\/en\/wp-json\/wp\/v2\/product_tag?post=43252"}],"curies":[{"name":"wp","href":"https:\/\/api.w.org\/{rel}","templated":true}]}}