{"id":43256,"date":"2026-04-21T19:37:11","date_gmt":"2026-04-21T19:37:11","guid":{"rendered":"https:\/\/loosen.lt\/?post_type=product&#038;p=43256"},"modified":"2026-04-21T19:37:12","modified_gmt":"2026-04-21T19:37:12","slug":"swanson-kalis-120-kapsuliu","status":"publish","type":"product","link":"https:\/\/loosen.lt\/en\/product\/swanson-kalis-120-kapsuliu\/","title":{"rendered":"Swanson Kalis \u2013 120 kapsuli\u0173"},"content":{"rendered":"<p><strong>Sudedamosios dalys:<\/strong> ry\u017ei\u0173 miltai kaip u\u017epildas, kalio citratas kaip veiklioji med\u017eiaga, kapsul\u0117s apvalkalui naudojama \u017eelatina, o gaminio strukt\u016brai stabilizuoti \u2013 riebal\u0173 r\u016bg\u0161\u010di\u0173 magnio druskos kaip emulsiklis.<\/p>\n<table>\n<tbody>\n<tr>\n<td width=\"214\">Maistin\u0117 vert\u0117<\/td>\n<td width=\"214\">1 kapsul\u0117je<\/td>\n<\/tr>\n<tr>\n<td width=\"214\">Kalio<\/td>\n<td width=\"214\">99mg<\/td>\n<\/tr>\n<\/tbody>\n<\/table>\n<div>*Referencin\u0117 maistin\u0117 vert\u0117 4,9 proc.<\/div>\n<div><\/div>\n<div><strong>Vartojimas:<\/strong> Suaugusiesiems rekomenduojama vartoti po vien\u0105 kapsul\u0119 per dien\u0105, j\u0105 i\u0161geriant valgant ir u\u017egeriant vandeniu.<\/div>\n<div><\/div>\n<div><strong>Laikymo s\u0105lygos:<\/strong><\/div>\n<div><\/div>\n<div>Laikyti v\u0117sioje, sausoje vietoje. Laikyti vaikams nepasiekiamoje vietoje.<\/div>\n<div>Gamintojas: Swanson Health Products Inc., JAV.<\/div>\n<div>Grynas kiekis: (120 kapsuli\u0173).<\/div>\n<div>Geriausias iki (termino pabaigos): geriausias vartoti iki termino, nurodyto ant pakuot\u0117s \u0161ono, vir\u0161aus arba jos apa\u010dioje.<\/div>\n<div><\/div>\n<div><strong>\u012esp\u0117jimas:<\/strong><\/div>\n<div><\/div>\n<div>Maisto papildas n\u0117ra maisto pakaitalas. Svarbu \u012fvairi ir subalansuota mityba bei sveikas gyvenimo b\u016bdas. Jeigu esate n\u0117\u0161\u010dia, maitinate kr\u016btimi ar vartojate kitus vaistus, prie\u0161 vartojim\u0105 pasitarkite su gydytoju ar vaistininku. Nevir\u0161ykite nustatytos rekomenduojamos doz\u0117s.<\/div>\n","protected":false},"excerpt":{"rendered":"<div>Swanson kalio maisto papildas, pagamintas JAV pagal auk\u0161tus kokyb\u0117s reikalavimus, yra ilgamet\u0117s gamintojo patirties rezultatas, u\u017etikrinantis patikim\u0105 ir kokybi\u0161k\u0105 produkt\u0105<\/div>\n<div><\/div>\n<div><strong>Pagrindin\u0117s savyb\u0117s:<\/strong><\/div>\n<div><\/div>\n<ul>\n<li>Padeda palaikyti normali\u0105 kaul\u0173 b\u016bkl\u0119<\/li>\n<li>Padeda palaikyti normali\u0105 dant\u0173 b\u016bkl\u0119<\/li>\n<li>Prisideda prie normalios raumen\u0173 funkcijos<\/li>\n<li>Reikalingas normaliai nerv\u0173 sistemos veiklai<\/li>\n<li>Dalyvauja normaliame energijos apykaitos procese<\/li>\n<\/ul>\n","protected":false},"featured_media":43257,"comment_status":"open","ping_status":"closed","template":"","meta":{"inline_featured_image":false},"product_brand":[],"product_cat":[116],"product_tag":[],"class_list":{"0":"post-43256","1":"product","2":"type-product","3":"status-publish","4":"has-post-thumbnail","6":"product_cat-kaulams-ir-sanariams","8":"first","9":"instock","10":"sale","11":"shipping-taxable","12":"purchasable","13":"product-type-simple"},"_links":{"self":[{"href":"https:\/\/loosen.lt\/en\/wp-json\/wp\/v2\/product\/43256","targetHints":{"allow":["GET"]}}],"collection":[{"href":"https:\/\/loosen.lt\/en\/wp-json\/wp\/v2\/product"}],"about":[{"href":"https:\/\/loosen.lt\/en\/wp-json\/wp\/v2\/types\/product"}],"replies":[{"embeddable":true,"href":"https:\/\/loosen.lt\/en\/wp-json\/wp\/v2\/comments?post=43256"}],"wp:featuredmedia":[{"embeddable":true,"href":"https:\/\/loosen.lt\/en\/wp-json\/wp\/v2\/media\/43257"}],"wp:attachment":[{"href":"https:\/\/loosen.lt\/en\/wp-json\/wp\/v2\/media?parent=43256"}],"wp:term":[{"taxonomy":"product_brand","embeddable":true,"href":"https:\/\/loosen.lt\/en\/wp-json\/wp\/v2\/product_brand?post=43256"},{"taxonomy":"product_cat","embeddable":true,"href":"https:\/\/loosen.lt\/en\/wp-json\/wp\/v2\/product_cat?post=43256"},{"taxonomy":"product_tag","embeddable":true,"href":"https:\/\/loosen.lt\/en\/wp-json\/wp\/v2\/product_tag?post=43256"}],"curies":[{"name":"wp","href":"https:\/\/api.w.org\/{rel}","templated":true}]}}