{"id":43276,"date":"2026-04-21T19:27:37","date_gmt":"2026-04-21T19:27:37","guid":{"rendered":"https:\/\/loosen.lt\/?post_type=product&#038;p=43276"},"modified":"2026-04-21T19:27:37","modified_gmt":"2026-04-21T19:27:37","slug":"nutrend-flexit-gold-drink-400-g-juoduju-serbentu-skonio","status":"publish","type":"product","link":"https:\/\/loosen.lt\/en\/product\/nutrend-flexit-gold-drink-400-g-juoduju-serbentu-skonio\/","title":{"rendered":"Nutrend Flexit Gold Drink 400 g juod\u0173j\u0173 serbent\u0173 skonio"},"content":{"rendered":"<p><strong>Sudedamosios dalys:<\/strong> idrolizuoto kolageno baltymo, \u012fskaitant 2,5 % hidrolizuoto \u017euv\u0173 kolageno (Noticol\u00ae), taip pat maltodekstrino. Papilde naudojama gliukozamino sulfato kalio druska (i\u0161 v\u0117\u017eiagyvi\u0173), chondroitino sulfatas bei MSM (metilsulfonilmetanas). \u012etraukta ir bosvelijos ekstrakto forma (Boswellin\u00ae PS), standartizuota pagal beta-bosvelines ir acetil-keto-beta-bosvelines r\u016bg\u0161tis. R\u016bg\u0161tingumui reguliuoti naudojamos citrin\u0173 ir obuoli\u0173 r\u016bg\u0161tys, o stabilumui u\u017etikrinti \u2013 akacij\u0173 sakai bei ksantano derva. Sud\u0117tyje taip pat yra vitamino C (L-askorbo r\u016bg\u0161ties), vitamino B6 (piridoksino hidrochlorido) ir vitamino D (cholekalciferolio). Produktas papildytas hialurono r\u016bg\u0161ties natrio druska, nat\u016braliais da\u017ean\u010diais komponentais (burok\u0117li\u0173, spirulinos ir juodosios morkos koncentratais), kvapiosiomis med\u017eiagomis bei lipnum\u0105 reguliuojan\u010diomis med\u017eiagomis (monokalcio fosfatu ir silicio dioksidu). Saldumui suteikti naudojami sukraloz\u0117 ir steviolio glikozidai.<\/p>\n<table>\n<tbody>\n<tr>\n<td width=\"214\">Maistin\u0117 vert\u0117<\/td>\n<td width=\"214\">100mg<\/td>\n<td width=\"214\">1 porcijoje \u2013 20 g<\/td>\n<\/tr>\n<tr>\n<td width=\"214\">Vitamino C<\/td>\n<td width=\"214\">500 mg (625% RMV*)<\/td>\n<td width=\"214\">100 mg (125% RMV*)<\/td>\n<\/tr>\n<tr>\n<td width=\"214\">Vitamino B12<\/td>\n<td width=\"214\">25 mg (1786% RMV*)<\/td>\n<td width=\"214\">5 mg (357% RMV*)<\/td>\n<\/tr>\n<tr>\n<td width=\"214\">Vitamino D3<\/td>\n<td width=\"214\">37,5 \u00b5g (750% RMV*)<\/td>\n<td width=\"214\">7,5 \u00b5g (150% RMV*)<\/td>\n<\/tr>\n<tr>\n<td width=\"214\">Kolageno baltymo<\/td>\n<td width=\"214\">45 000mg<\/td>\n<td width=\"214\">9000mg<\/td>\n<\/tr>\n<tr>\n<td width=\"214\">Chondroitino sulfato<\/td>\n<td width=\"214\">6000mg<\/td>\n<td width=\"214\">1200mg<\/td>\n<\/tr>\n<tr>\n<td width=\"214\">Gliukozamino sulfato<\/td>\n<td width=\"214\">7500mg<\/td>\n<td width=\"214\">1500mg<\/td>\n<\/tr>\n<tr>\n<td width=\"214\">Metilsulfonilmetano (MSM)<\/td>\n<td width=\"214\">1500mg<\/td>\n<td width=\"214\">300mg<\/td>\n<\/tr>\n<tr>\n<td width=\"214\">Pluo\u0161tin\u0117s bosvelios<\/td>\n<td width=\"214\">1000mg<\/td>\n<td width=\"214\">200mg<\/td>\n<\/tr>\n<tr>\n<td width=\"214\">Hialurono r\u016bg\u0161ties (natrio druska)<\/td>\n<td width=\"214\">100mg<\/td>\n<td width=\"214\">20mg<\/td>\n<\/tr>\n<tr>\n<td width=\"214\">* RMV% \u2013 referencin\u0117 maistin\u0117 vert\u0117<\/td>\n<td width=\"214\">&nbsp;<\/td>\n<td width=\"214\">&nbsp;<\/td>\n<\/tr>\n<\/tbody>\n<\/table>\n<p>&nbsp;<\/p>\n<div><strong>Vartojimas:<\/strong> I\u0161mai\u0161ykite 20 g produkto (apie 3\/4 kau\u0161elio) 250\u2013300 ml vandens. Gerkite ryte, ant tu\u0161\u010dio skrand\u017eio, ir papildomai pasir\u016bpinkite pakankamu skys\u010di\u0173 vartojimu.<\/div>\n<div><\/div>\n<div><strong>Laikymo s\u0105lygos:<\/strong><\/div>\n<div><\/div>\n<div>Laikyti v\u0117sioje, sausoje vietoje. Laikyti vaikams nepasiekiamoje vietoje.<\/div>\n<div>Gamintojas: NUTREND D.S., a.s., Chv\u00e1lkovice 604, 779 00 Olomouc, \u010cekijos Respublika.<\/div>\n<div>Grynas kiekis: 400g.<\/div>\n<div>Geriausias iki (termino pabaigos): geriausias vartoti iki termino, nurodyto ant pakuot\u0117s \u0161ono, vir\u0161aus arba jos apa\u010dioje.<\/div>\n<div><\/div>\n<div><strong>\u012esp\u0117jimas:<\/strong><\/div>\n<div><\/div>\n<div>Maisto papildas n\u0117ra maisto pakaitalas. Svarbu \u012fvairi ir subalansuota mityba bei sveikas gyvenimo b\u016bdas. Jeigu esate n\u0117\u0161\u010dia, maitinate kr\u016btimi ar vartojate kitus vaistus, prie\u0161 vartojim\u0105 pasitarkite su gydytoju ar vaistininku. Nevir\u0161ykite nustatytos rekomenduojamos doz\u0117s.<\/div>\n","protected":false},"excerpt":{"rendered":"<div>NUTREND FLEXIT GOLD DRINK 400 g \u2013 maisto papildas, turintis net 8 kartus daugiau chondroitino ir 5 kartus daugiau glukozamino nei \u012fprastasis NUTREND FLEXIT<\/div>\n<div><\/div>\n<div><strong>Pagrindin\u0117s savyb\u0117s:<\/strong><\/div>\n<div><\/div>\n<ul>\n<li><strong>Vitaminas C:<\/strong> Prisideda prie normalaus kolageno susidarymo, kuris palaiko od\u0105, kremzles, kaulus, dantis ir kraujagysli\u0173 funkcij\u0105; prisideda prie normalaus imuniteto palaikymo ir apsaugos nuo oksidacinio streso<\/li>\n<li><strong>Vitaminas B6:<\/strong> Palaiko normali\u0105 baltym\u0173 ir glikogeno apykait\u0105, nerv\u0173 sistemos funkcij\u0105 ir hormono veikl\u0105<\/li>\n<li><strong>Vitaminas D3:<\/strong> Prisideda prie normalaus kalcio ir fosforo pasisavinimo, palaiko kaul\u0173 ir raumen\u0173 funkcij\u0105, imunitet\u0105 ir normali\u0105 dant\u0173 b\u016bkl\u0119<\/li>\n<li><strong>Kolagenas:<\/strong> palaiko odos b\u016bkl\u0119<\/li>\n<\/ul>\n","protected":false},"featured_media":43277,"comment_status":"open","ping_status":"closed","template":"","meta":{"inline_featured_image":false},"product_brand":[],"product_cat":[116],"product_tag":[],"class_list":{"0":"post-43276","1":"product","2":"type-product","3":"status-publish","4":"has-post-thumbnail","6":"product_cat-kaulams-ir-sanariams","8":"first","9":"instock","10":"sale","11":"shipping-taxable","12":"purchasable","13":"product-type-simple"},"_links":{"self":[{"href":"https:\/\/loosen.lt\/en\/wp-json\/wp\/v2\/product\/43276","targetHints":{"allow":["GET"]}}],"collection":[{"href":"https:\/\/loosen.lt\/en\/wp-json\/wp\/v2\/product"}],"about":[{"href":"https:\/\/loosen.lt\/en\/wp-json\/wp\/v2\/types\/product"}],"replies":[{"embeddable":true,"href":"https:\/\/loosen.lt\/en\/wp-json\/wp\/v2\/comments?post=43276"}],"wp:featuredmedia":[{"embeddable":true,"href":"https:\/\/loosen.lt\/en\/wp-json\/wp\/v2\/media\/43277"}],"wp:attachment":[{"href":"https:\/\/loosen.lt\/en\/wp-json\/wp\/v2\/media?parent=43276"}],"wp:term":[{"taxonomy":"product_brand","embeddable":true,"href":"https:\/\/loosen.lt\/en\/wp-json\/wp\/v2\/product_brand?post=43276"},{"taxonomy":"product_cat","embeddable":true,"href":"https:\/\/loosen.lt\/en\/wp-json\/wp\/v2\/product_cat?post=43276"},{"taxonomy":"product_tag","embeddable":true,"href":"https:\/\/loosen.lt\/en\/wp-json\/wp\/v2\/product_tag?post=43276"}],"curies":[{"name":"wp","href":"https:\/\/api.w.org\/{rel}","templated":true}]}}