{"id":43284,"date":"2026-04-21T19:24:16","date_gmt":"2026-04-21T19:24:16","guid":{"rendered":"https:\/\/loosen.lt\/?post_type=product&#038;p=43284"},"modified":"2026-04-21T19:24:16","modified_gmt":"2026-04-21T19:24:16","slug":"activlab-vitamin-c-1000mg-60-kapsuliu","status":"publish","type":"product","link":"https:\/\/loosen.lt\/en\/product\/activlab-vitamin-c-1000mg-60-kapsuliu\/","title":{"rendered":"ActivLab Vitamin C 1000mg \u2013 60 kapsuli\u0173"},"content":{"rendered":"<p><strong>Sudedamosios dalys:<\/strong> kapsul\u0117se yra vitaminas C (L-askorbo r\u016bg\u0161tis ir natrio L-askorbatas), o apvalkalas pagamintas i\u0161 \u017eelatinos. Formul\u0117je taip pat naudojamos riebal\u0173 r\u016bg\u0161\u010di\u0173 magnio druskos, padedan\u010dios i\u0161laikyti milteli\u0173 stabilum\u0105 ir skland\u0173 technologin\u012f apdorojim\u0105.<\/p>\n<table>\n<tbody>\n<tr>\n<td width=\"214\">Maistin\u0117 vert\u0117<\/td>\n<td width=\"214\">1 kapsul\u0117je<\/td>\n<\/tr>\n<tr>\n<td width=\"214\">Vitaminas C<\/td>\n<td width=\"214\">1000 mg (1250%*)<\/td>\n<\/tr>\n<\/tbody>\n<\/table>\n<p>&nbsp;<\/p>\n<div><strong>Vartojimas:<\/strong> Rekomenduojama vartoti po 1 kapsul\u0119 per dien\u0105.<\/div>\n<div><\/div>\n<div><strong>Laikymo s\u0105lygos:<\/strong><\/div>\n<div><\/div>\n<div>Laikyti v\u0117sioje, sausoje vietoje. Laikyti vaikams nepasiekiamoje vietoje.<\/div>\n<div>Gamintojas: Unipro Sp. Z o.o., Targowisko 553, 32-015 Klaj, Lenkija.<\/div>\n<div>Grynas kiekis:\u00a0 69,6g (60 kapsuli\u0173).<\/div>\n<div>Geriausias iki (termino pabaigos): geriausias vartoti iki termino, nurodyto ant pakuot\u0117s \u0161ono, vir\u0161aus arba jos apa\u010dioje.<\/div>\n<div><\/div>\n<div><strong>\u012esp\u0117jimas:<\/strong><\/div>\n<div><\/div>\n<div>Maisto papildas n\u0117ra maisto pakaitalas. Svarbu \u012fvairi ir subalansuota mityba bei sveikas gyvenimo b\u016bdas. Jeigu esate n\u0117\u0161\u010dia, maitinate kr\u016btimi ar vartojate kitus vaistus, prie\u0161 vartojim\u0105 pasitarkite su gydytoju ar vaistininku. Nevir\u0161ykite nustatytos rekomenduojamos doz\u0117s.<\/div>\n","protected":false},"excerpt":{"rendered":"<div>ActivLab Vitamin C 1000mg 60 kap. \u2013 stiprios 1000 mg vitamino C koncentracijos maisto papildas kapsul\u0117mis<\/div>\n<div><\/div>\n<div><strong>Pagrindin\u0117s savyb\u0117s:<\/strong><\/div>\n<div><\/div>\n<ul>\n<li>Palaiko normali\u0105 imunin\u0117s sistemos veikl\u0105<\/li>\n<li>Apsaugoto l\u0105steles nuo \u017ealingo oksidacinio streso<\/li>\n<li>U\u017etikrinta normali\u0105 energijos apykait\u0105<\/li>\n<li>Ma\u017einta nuovargio ir pavargimo jausm\u0105<\/li>\n<li>Palaikyto nerv\u0173 sistemos funkcij\u0105 ir psichologin\u0119 pusiausvyr\u0105<\/li>\n<li>Skatinta kolageno susidarym\u0105, kuris svarbus<\/li>\n<\/ul>\n","protected":false},"featured_media":43285,"comment_status":"open","ping_status":"closed","template":"","meta":{"inline_featured_image":false},"product_brand":[],"product_cat":[159,113],"product_tag":[],"class_list":{"0":"post-43284","1":"product","2":"type-product","3":"status-publish","4":"has-post-thumbnail","6":"product_cat-akcijos","7":"product_cat-imunitetui","9":"first","10":"instock","11":"sale","12":"shipping-taxable","13":"purchasable","14":"product-type-simple"},"_links":{"self":[{"href":"https:\/\/loosen.lt\/en\/wp-json\/wp\/v2\/product\/43284","targetHints":{"allow":["GET"]}}],"collection":[{"href":"https:\/\/loosen.lt\/en\/wp-json\/wp\/v2\/product"}],"about":[{"href":"https:\/\/loosen.lt\/en\/wp-json\/wp\/v2\/types\/product"}],"replies":[{"embeddable":true,"href":"https:\/\/loosen.lt\/en\/wp-json\/wp\/v2\/comments?post=43284"}],"wp:featuredmedia":[{"embeddable":true,"href":"https:\/\/loosen.lt\/en\/wp-json\/wp\/v2\/media\/43285"}],"wp:attachment":[{"href":"https:\/\/loosen.lt\/en\/wp-json\/wp\/v2\/media?parent=43284"}],"wp:term":[{"taxonomy":"product_brand","embeddable":true,"href":"https:\/\/loosen.lt\/en\/wp-json\/wp\/v2\/product_brand?post=43284"},{"taxonomy":"product_cat","embeddable":true,"href":"https:\/\/loosen.lt\/en\/wp-json\/wp\/v2\/product_cat?post=43284"},{"taxonomy":"product_tag","embeddable":true,"href":"https:\/\/loosen.lt\/en\/wp-json\/wp\/v2\/product_tag?post=43284"}],"curies":[{"name":"wp","href":"https:\/\/api.w.org\/{rel}","templated":true}]}}