{"id":43292,"date":"2026-04-21T19:21:38","date_gmt":"2026-04-21T19:21:38","guid":{"rendered":"https:\/\/loosen.lt\/?post_type=product&#038;p=43292"},"modified":"2026-04-21T19:21:38","modified_gmt":"2026-04-21T19:21:38","slug":"swanson-chromas-200mcg-100-kapsuliu","status":"publish","type":"product","link":"https:\/\/loosen.lt\/en\/product\/swanson-chromas-200mcg-100-kapsuliu\/","title":{"rendered":"Swanson CHROMAS 200MCG \u2013 100 kapsuli\u0173"},"content":{"rendered":"<p><strong>Sudedamosios dalys:<\/strong> chromo pikolinatas, ry\u017ei\u0173 miltai, \u017eelatina.<\/p>\n<table>\n<tbody>\n<tr>\n<td width=\"214\">Maistin\u0117 vert\u0117<\/td>\n<td width=\"214\">1 kapsul\u0117je<\/td>\n<\/tr>\n<tr>\n<td width=\"214\">Chromo<\/td>\n<td width=\"214\">200\u00b5g*<\/td>\n<\/tr>\n<\/tbody>\n<\/table>\n<div>*Referencin\u0117 maistin\u0117 vert\u0117 \u2013 500 proc.<\/div>\n<div><\/div>\n<div><strong>Vartojimas:<\/strong> po 1 kapsul\u0119 kart\u0105 per dien\u0105, u\u017egeriant vandeniu.<\/div>\n<div><\/div>\n<div><strong>Laikymo s\u0105lygos:<\/strong><\/div>\n<div><\/div>\n<div>Laikyti v\u0117sioje, sausoje vietoje. Laikyti vaikams nepasiekiamoje vietoje.<\/div>\n<div>Gamintojas: Swanson Health Products Inc., JAV.<\/div>\n<div>Grynas kiekis: 100 kapsuli\u0173<\/div>\n<div>Geriausias iki (termino pabaigos): geriausias vartoti iki termino, nurodyto ant pakuot\u0117s \u0161ono, vir\u0161aus arba jos apa\u010dioje.<\/div>\n<div><\/div>\n<div><strong>\u012esp\u0117jimas:<\/strong><\/div>\n<div><\/div>\n<div>Maisto papildas n\u0117ra maisto pakaitalas. Svarbu \u012fvairi ir subalansuota mityba bei sveikas gyvenimo b\u016bdas. Jeigu esate n\u0117\u0161\u010dia, maitinate kr\u016btimi ar vartojate kitus vaistus, prie\u0161 vartojim\u0105 pasitarkite su gydytoju ar vaistininku. Nevir\u0161ykite nustatytos rekomenduojamos doz\u0117s.<\/div>\n<p>&nbsp;<\/p>\n","protected":false},"excerpt":{"rendered":"<div>JAV pagamintas \u201eSwanson\u201c Chromas pasi\u017eymi auk\u0161ta kokybe<\/div>\n<div><\/div>\n<div><strong>Pagrindin\u0117s savyb\u0117s:<\/strong><\/div>\n<div><\/div>\n<ul>\n<li>Chromas prisideda prie normalaus gliukoz\u0117s kiekio kraujyje palaikymo<\/li>\n<li>Chromas padeda i\u0161laikyti normali\u0105 maistini\u0173 med\u017eiag\u0173 apykait\u0105<\/li>\n<\/ul>\n","protected":false},"featured_media":43293,"comment_status":"open","ping_status":"closed","template":"","meta":{"inline_featured_image":false},"product_brand":[],"product_cat":[159,120],"product_tag":[],"class_list":{"0":"post-43292","1":"product","2":"type-product","3":"status-publish","4":"has-post-thumbnail","6":"product_cat-akcijos","7":"product_cat-svorio-kontrolei","9":"first","10":"instock","11":"sale","12":"shipping-taxable","13":"purchasable","14":"product-type-simple"},"_links":{"self":[{"href":"https:\/\/loosen.lt\/en\/wp-json\/wp\/v2\/product\/43292","targetHints":{"allow":["GET"]}}],"collection":[{"href":"https:\/\/loosen.lt\/en\/wp-json\/wp\/v2\/product"}],"about":[{"href":"https:\/\/loosen.lt\/en\/wp-json\/wp\/v2\/types\/product"}],"replies":[{"embeddable":true,"href":"https:\/\/loosen.lt\/en\/wp-json\/wp\/v2\/comments?post=43292"}],"wp:featuredmedia":[{"embeddable":true,"href":"https:\/\/loosen.lt\/en\/wp-json\/wp\/v2\/media\/43293"}],"wp:attachment":[{"href":"https:\/\/loosen.lt\/en\/wp-json\/wp\/v2\/media?parent=43292"}],"wp:term":[{"taxonomy":"product_brand","embeddable":true,"href":"https:\/\/loosen.lt\/en\/wp-json\/wp\/v2\/product_brand?post=43292"},{"taxonomy":"product_cat","embeddable":true,"href":"https:\/\/loosen.lt\/en\/wp-json\/wp\/v2\/product_cat?post=43292"},{"taxonomy":"product_tag","embeddable":true,"href":"https:\/\/loosen.lt\/en\/wp-json\/wp\/v2\/product_tag?post=43292"}],"curies":[{"name":"wp","href":"https:\/\/api.w.org\/{rel}","templated":true}]}}