{"id":43308,"date":"2026-04-22T10:57:22","date_gmt":"2026-04-22T10:57:22","guid":{"rendered":"https:\/\/loosen.lt\/?post_type=product&#038;p=43308"},"modified":"2026-04-24T18:02:41","modified_gmt":"2026-04-24T18:02:41","slug":"swanson-naturalus-liuteinas-20mg-zeaksantinas-2mg-60-kapsuliu","status":"publish","type":"product","link":"https:\/\/loosen.lt\/en\/product\/swanson-naturalus-liuteinas-20mg-zeaksantinas-2mg-60-kapsuliu\/","title":{"rendered":"Swanson NAT\u016aRALUS LIUTEINAS 20mg &#038; ZEAKSANTINAS 2mg \u2013 60 kapsuli\u0173"},"content":{"rendered":"<p><strong>Sudedamosios dalys:<\/strong> medetk\u0173 \u017eied\u0173 ekstraktas (skystas), saul\u0117gr\u0105\u017e\u0173 aliejus, \u017eelatina, dr\u0117gm\u0119 sulaikanti med\u017eiaga \u2013 glicerolis, i\u0161grynintas vanduo, zeaksantinas.<\/p>\n<table>\n<tbody>\n<tr>\n<td width=\"321\">Maistin\u0117 vert\u0117<\/td>\n<td width=\"321\">1 kapsul\u0117je<\/td>\n<\/tr>\n<tr>\n<td width=\"321\">Luteino i\u0161 medetk\u0173 \u017eied\u0173 skystojo ekstrakto<\/td>\n<td width=\"321\">20mg<\/td>\n<\/tr>\n<tr>\n<td width=\"321\">Zeaksantino, i\u0161gauto i\u0161 paprik\u0173<\/td>\n<td width=\"321\">2000\u00b5g<\/td>\n<\/tr>\n<\/tbody>\n<\/table>\n<p>&nbsp;<\/p>\n<div><strong>Vartojimas:<\/strong> suaugusiesiems rekomenduojama vartoti po 1 kapsul\u0119 kart\u0105 per dien\u0105, u\u017egeriant vandeniu<\/div>\n<div><\/div>\n<div><strong>Laikymo s\u0105lygos:<\/strong><\/div>\n<div><\/div>\n<div>Laikyti v\u0117sioje, sausoje vietoje. Laikyti vaikams nepasiekiamoje vietoje.<\/div>\n<div>Gamintojas: Swanson Health Products Inc., JAV.<\/div>\n<div>Grynas kiekis: 60 kapsuli\u0173<\/div>\n<div>Geriausias iki (termino pabaigos): geriausias vartoti iki termino, nurodyto ant pakuot\u0117s \u0161ono, vir\u0161aus arba jos apa\u010dioje.<\/div>\n<div><\/div>\n<div><strong>\u012esp\u0117jimas:<\/strong><\/div>\n<div><\/div>\n<div>Maisto papildas n\u0117ra maisto pakaitalas. Svarbu \u012fvairi ir subalansuota mityba bei sveikas gyvenimo b\u016bdas. Jeigu esate n\u0117\u0161\u010dia, maitinate kr\u016btimi ar vartojate kitus vaistus, prie\u0161 vartojim\u0105 pasitarkite su gydytoju ar vaistininku. Nevir\u0161ykite nustatytos rekomenduojamos doz\u0117s.<\/div>\n","protected":false},"excerpt":{"rendered":"<div>Swanson Luteinas ir Zeaksantinas \u2013 JAV pagamintas, auk\u0161tos kokyb\u0117s ir veiksmingas maisto papildas<\/div>\n<div><\/div>\n<div><strong>Pagrindin\u0117s savyb\u0117s:<\/strong><\/div>\n<div><\/div>\n<ul>\n<li>Luteinas ir zeaksantinas yra nat\u016braliai randami aki\u0173 audiniuose<\/li>\n<\/ul>\n","protected":false},"featured_media":43309,"comment_status":"open","ping_status":"closed","template":"","meta":{"inline_featured_image":false},"product_brand":[],"product_cat":[159,124],"product_tag":[],"class_list":{"0":"post-43308","1":"product","2":"type-product","3":"status-publish","4":"has-post-thumbnail","6":"product_cat-akcijos","7":"product_cat-bendrai-sveikatai","9":"first","10":"instock","11":"sale","12":"shipping-taxable","13":"purchasable","14":"product-type-simple"},"_links":{"self":[{"href":"https:\/\/loosen.lt\/en\/wp-json\/wp\/v2\/product\/43308","targetHints":{"allow":["GET"]}}],"collection":[{"href":"https:\/\/loosen.lt\/en\/wp-json\/wp\/v2\/product"}],"about":[{"href":"https:\/\/loosen.lt\/en\/wp-json\/wp\/v2\/types\/product"}],"replies":[{"embeddable":true,"href":"https:\/\/loosen.lt\/en\/wp-json\/wp\/v2\/comments?post=43308"}],"wp:featuredmedia":[{"embeddable":true,"href":"https:\/\/loosen.lt\/en\/wp-json\/wp\/v2\/media\/43309"}],"wp:attachment":[{"href":"https:\/\/loosen.lt\/en\/wp-json\/wp\/v2\/media?parent=43308"}],"wp:term":[{"taxonomy":"product_brand","embeddable":true,"href":"https:\/\/loosen.lt\/en\/wp-json\/wp\/v2\/product_brand?post=43308"},{"taxonomy":"product_cat","embeddable":true,"href":"https:\/\/loosen.lt\/en\/wp-json\/wp\/v2\/product_cat?post=43308"},{"taxonomy":"product_tag","embeddable":true,"href":"https:\/\/loosen.lt\/en\/wp-json\/wp\/v2\/product_tag?post=43308"}],"curies":[{"name":"wp","href":"https:\/\/api.w.org\/{rel}","templated":true}]}}