{"id":43312,"date":"2026-04-22T10:59:11","date_gmt":"2026-04-22T10:59:11","guid":{"rendered":"https:\/\/loosen.lt\/?post_type=product&#038;p=43312"},"modified":"2026-04-22T10:59:12","modified_gmt":"2026-04-22T10:59:12","slug":"swanson-linu-semenu-aliejus-1000mg-100-kapsuliu","status":"publish","type":"product","link":"https:\/\/loosen.lt\/en\/product\/swanson-linu-semenu-aliejus-1000mg-100-kapsuliu\/","title":{"rendered":"Swanson LIN\u0172 S\u0116MEN\u0172 ALIEJUS 1000mg \u2013 100 kapsuli\u0173"},"content":{"rendered":"<p><strong>Sudedamosios dalys:<\/strong> lin\u0173 s\u0117men\u0173 aliejus, \u017eelatina, glicerolis (dr\u0117gm\u0119 i\u0161laikanti med\u017eiaga), i\u0161grynintas vanduo.<\/p>\n<table>\n<tbody>\n<tr>\n<td width=\"214\">Maistin\u0117 vert\u0117<\/td>\n<td width=\"214\">2 kapsul\u0117se<\/td>\n<\/tr>\n<tr>\n<td width=\"214\">Lin\u0173 s\u0117men\u0173 aliejaus, kuriame yra:<\/td>\n<td width=\"214\">2000mg<\/td>\n<\/tr>\n<tr>\n<td width=\"214\">Alfa linoleno r\u016bg\u0161tis (Omega-3)<\/td>\n<td width=\"214\">1160mg<\/td>\n<\/tr>\n<tr>\n<td width=\"214\">Lonolo r\u016bg\u0161tis (Omega-6)<\/td>\n<td width=\"214\">260mg<\/td>\n<\/tr>\n<tr>\n<td width=\"214\">Oleino r\u016bg\u0161tis (Omega-9)<\/td>\n<td width=\"214\">260mg<\/td>\n<\/tr>\n<\/tbody>\n<\/table>\n<p>&nbsp;<\/p>\n<div><strong>Vartojimas:<\/strong> Suaugusiesiems vartoti po vien\u0105 kapsul\u0119 2 arba 3 kartus per dien\u0105.<\/div>\n<div><\/div>\n<div><strong>Laikymo s\u0105lygos:<\/strong><\/div>\n<div><\/div>\n<div>Laikyti v\u0117sioje, sausoje vietoje. Laikyti vaikams nepasiekiamoje vietoje.<\/div>\n<div>Gamintojas: Swanson Health Products Inc., JAV.<\/div>\n<div>Grynas kiekis: 100 kapsuli\u0173<\/div>\n<div>Geriausias iki (termino pabaigos): geriausias vartoti iki termino, nurodyto ant pakuot\u0117s \u0161ono, vir\u0161aus arba jos apa\u010dioje.<\/div>\n<div><\/div>\n<div><strong>\u012esp\u0117jimas:<\/strong><\/div>\n<div><\/div>\n<div>Maisto papildas n\u0117ra maisto pakaitalas. Svarbu \u012fvairi ir subalansuota mityba bei sveikas gyvenimo b\u016bdas. Jeigu esate n\u0117\u0161\u010dia, maitinate kr\u016btimi ar vartojate kitus vaistus, prie\u0161 vartojim\u0105 pasitarkite su gydytoju ar vaistininku. Nevir\u0161ykite nustatytos rekomenduojamos doz\u0117s.<\/div>\n","protected":false},"excerpt":{"rendered":"<div>Swanson maisto papildas \u2013 lin\u0173 s\u0117men\u0173 aliejus i\u0161 JAV, pagamintas pagal auk\u0161\u010diausius kokyb\u0117s standartus<\/div>\n<div><\/div>\n<div><strong>Pagrindin\u0117s savyb\u0117s:<\/strong><\/div>\n<div><\/div>\n<ul>\n<li>Lin\u0173 s\u0117men\u0173 aliejus \u2013 nat\u016bralus Omega-3 \u0161altinis<\/li>\n<li>Kiekvienoje porcijoje yra ALA, prisidedan\u010dios prie normalaus \u0161irdies funkcijos<\/li>\n<li>Sud\u0117tyje Omega-3, Omega-6 ir Omega-9 riebal\u0173 r\u016bg\u0161\u010di\u0173<\/li>\n<\/ul>\n","protected":false},"featured_media":43313,"comment_status":"open","ping_status":"closed","template":"","meta":{"inline_featured_image":false},"product_brand":[],"product_cat":[115],"product_tag":[],"class_list":{"0":"post-43312","1":"product","2":"type-product","3":"status-publish","4":"has-post-thumbnail","6":"product_cat-sirdziai-ir-kraujotakai","8":"first","9":"instock","10":"sale","11":"shipping-taxable","12":"purchasable","13":"product-type-simple"},"_links":{"self":[{"href":"https:\/\/loosen.lt\/en\/wp-json\/wp\/v2\/product\/43312","targetHints":{"allow":["GET"]}}],"collection":[{"href":"https:\/\/loosen.lt\/en\/wp-json\/wp\/v2\/product"}],"about":[{"href":"https:\/\/loosen.lt\/en\/wp-json\/wp\/v2\/types\/product"}],"replies":[{"embeddable":true,"href":"https:\/\/loosen.lt\/en\/wp-json\/wp\/v2\/comments?post=43312"}],"wp:featuredmedia":[{"embeddable":true,"href":"https:\/\/loosen.lt\/en\/wp-json\/wp\/v2\/media\/43313"}],"wp:attachment":[{"href":"https:\/\/loosen.lt\/en\/wp-json\/wp\/v2\/media?parent=43312"}],"wp:term":[{"taxonomy":"product_brand","embeddable":true,"href":"https:\/\/loosen.lt\/en\/wp-json\/wp\/v2\/product_brand?post=43312"},{"taxonomy":"product_cat","embeddable":true,"href":"https:\/\/loosen.lt\/en\/wp-json\/wp\/v2\/product_cat?post=43312"},{"taxonomy":"product_tag","embeddable":true,"href":"https:\/\/loosen.lt\/en\/wp-json\/wp\/v2\/product_tag?post=43312"}],"curies":[{"name":"wp","href":"https:\/\/api.w.org\/{rel}","templated":true}]}}