{"id":43316,"date":"2026-04-22T11:04:52","date_gmt":"2026-04-22T11:04:52","guid":{"rendered":"https:\/\/loosen.lt\/?post_type=product&#038;p=43316"},"modified":"2026-04-22T11:04:52","modified_gmt":"2026-04-22T11:04:52","slug":"swanson-l-tirozinas-500mg-100-kapsuliu","status":"publish","type":"product","link":"https:\/\/loosen.lt\/en\/product\/swanson-l-tirozinas-500mg-100-kapsuliu\/","title":{"rendered":"Swanson L-TIROZINAS 500mg \u2013 100 kapsuli\u0173"},"content":{"rendered":"<p><strong>Sudedamosios dalys<\/strong>: L-tirozinas (L-Tyrosine), \u017eelatina, mikrokristalin\u0117 celiulioz\u0117, riebal\u0173 r\u016bg\u0161\u010di\u0173 magnio druskos, silicio dioksidas.<\/p>\n<table>\n<tbody>\n<tr>\n<td width=\"321\">Maistin\u0117 vert\u0117<\/td>\n<td width=\"321\">1 kapsul\u0117je<\/td>\n<\/tr>\n<tr>\n<td width=\"321\">L-Tirozinas<\/td>\n<td width=\"321\">500mg<\/td>\n<\/tr>\n<\/tbody>\n<\/table>\n<p>&nbsp;<\/p>\n<div><strong>Vartojimas:<\/strong> suaugusiesiems rekomenduojama vartoti po 1 kapsul\u0119 kart\u0105 per dien\u0105 valgio metu, u\u017egeriant vandeniu<\/div>\n<div><\/div>\n<div><strong>Laikymo s\u0105lygos:<\/strong><\/div>\n<div><\/div>\n<div>Laikyti v\u0117sioje, sausoje vietoje. Laikyti vaikams nepasiekiamoje vietoje.<\/div>\n<div>Gamintojas: Swanson Health Products Inc., JAV.<\/div>\n<div>Grynas kiekis: 100 kapsuli\u0173<\/div>\n<div>Geriausias iki (termino pabaigos): geriausias vartoti iki termino, nurodyto ant pakuot\u0117s \u0161ono, vir\u0161aus arba jos apa\u010dioje.<\/div>\n<div><\/div>\n<div><strong>\u012esp\u0117jimas:<\/strong><\/div>\n<div><\/div>\n<div>Maisto papildas n\u0117ra maisto pakaitalas. Svarbu \u012fvairi ir subalansuota mityba bei sveikas gyvenimo b\u016bdas. Jeigu esate n\u0117\u0161\u010dia, maitinate kr\u016btimi ar vartojate kitus vaistus, prie\u0161 vartojim\u0105 pasitarkite su gydytoju ar vaistininku. Nevir\u0161ykite nustatytos rekomenduojamos doz\u0117s.<\/div>\n","protected":false},"excerpt":{"rendered":"<div>Swanson L-Tirozinas \u2013 auk\u0161tos kokyb\u0117s maisto papildas, pagamintas JAV<\/div>\n<div><\/div>\n<div><strong>Pagrindin\u0117s savyb\u0117s:<\/strong><\/div>\n<div><\/div>\n<ul>\n<li>Kiekvienoje kapsul\u0117je yra L-tirozinas \u2013 nat\u016brali amino r\u016bg\u0161tis<\/li>\n<li>Papildas su L-tirozinu ir kitais pagalbiniais ingredientais<\/li>\n<\/ul>\n","protected":false},"featured_media":43317,"comment_status":"open","ping_status":"closed","template":"","meta":{"inline_featured_image":false},"product_brand":[],"product_cat":[117],"product_tag":[],"class_list":{"0":"post-43316","1":"product","2":"type-product","3":"status-publish","4":"has-post-thumbnail","6":"product_cat-nervu-sistemai","8":"first","9":"instock","10":"sale","11":"shipping-taxable","12":"purchasable","13":"product-type-simple"},"_links":{"self":[{"href":"https:\/\/loosen.lt\/en\/wp-json\/wp\/v2\/product\/43316","targetHints":{"allow":["GET"]}}],"collection":[{"href":"https:\/\/loosen.lt\/en\/wp-json\/wp\/v2\/product"}],"about":[{"href":"https:\/\/loosen.lt\/en\/wp-json\/wp\/v2\/types\/product"}],"replies":[{"embeddable":true,"href":"https:\/\/loosen.lt\/en\/wp-json\/wp\/v2\/comments?post=43316"}],"wp:featuredmedia":[{"embeddable":true,"href":"https:\/\/loosen.lt\/en\/wp-json\/wp\/v2\/media\/43317"}],"wp:attachment":[{"href":"https:\/\/loosen.lt\/en\/wp-json\/wp\/v2\/media?parent=43316"}],"wp:term":[{"taxonomy":"product_brand","embeddable":true,"href":"https:\/\/loosen.lt\/en\/wp-json\/wp\/v2\/product_brand?post=43316"},{"taxonomy":"product_cat","embeddable":true,"href":"https:\/\/loosen.lt\/en\/wp-json\/wp\/v2\/product_cat?post=43316"},{"taxonomy":"product_tag","embeddable":true,"href":"https:\/\/loosen.lt\/en\/wp-json\/wp\/v2\/product_tag?post=43316"}],"curies":[{"name":"wp","href":"https:\/\/api.w.org\/{rel}","templated":true}]}}