{"id":43320,"date":"2026-04-22T11:05:18","date_gmt":"2026-04-22T11:05:18","guid":{"rendered":"https:\/\/loosen.lt\/?post_type=product&#038;p=43320"},"modified":"2026-04-22T11:38:21","modified_gmt":"2026-04-22T11:38:21","slug":"swanson-super-multivitaminu-ir-mineralu-kompleksas-130-tableciu","status":"publish","type":"product","link":"https:\/\/loosen.lt\/en\/product\/swanson-super-multivitaminu-ir-mineralu-kompleksas-130-tableciu\/","title":{"rendered":"Swanson SUPER MULTIVITAMIN\u0172 IR MINERAL\u0172 KOMPLEKSAS \u2013 130 table\u010di\u0173"},"content":{"rendered":"<p><strong>Sudedamosios dalys:<\/strong> kalcio karbonatas, magnio oksidas, L-askorbo r\u016bg\u0161tis (vitaminas C), kalio chloridas, D-alfa-tokoferilio sukcinatas (vitaminas E), nikotinamidas (vitaminas B3), cinko sulfatas, kalcio D-pantotenatas (vitaminas B5), mangano sulfatas, piridoksino hidrochloridas (vitaminas B6), riboflavinas (vitaminas B2), tiamino mononitratas (vitaminas B1), vario gliukonatas, retinilo acetatas (vitaminas A), folio r\u016bg\u0161tis (vitaminas B9), kalio jodidas, gele\u017eies fumaratas, fitomenadionas (vitaminas K1), D-biotinas (vitaminas B7), natrio selenatas, chromo (III) chloridas, natrio molibdatas, cholekalciferolis (vitaminas D3), ciankobalaminas (vitaminas B12), stabilizatorius: skersinio ry\u0161io natrio karboksimetilceliulioz\u0117, emulsikliai: riebal\u0173 r\u016bg\u0161tys, tir\u0161tikliai: hidroksipropilmetilceliulioz\u0117 ir akacij\u0173 derva, maltodekstrinas, i\u0161grynintas vanduo.<\/p>\n<table>\n<tbody>\n<tr>\n<td width=\"214\">Maistin\u0117 vert\u0117<\/td>\n<td width=\"214\">1 kapsul\u0117je<\/td>\n<td width=\"214\">RMV %*<\/td>\n<\/tr>\n<tr>\n<td width=\"214\">Vitaminas A<\/td>\n<td width=\"214\">1500 \u00b5g<\/td>\n<td width=\"214\">188<\/td>\n<\/tr>\n<tr>\n<td width=\"214\">Vitaminas C<\/td>\n<td width=\"214\">90mg<\/td>\n<td width=\"214\">113<\/td>\n<\/tr>\n<tr>\n<td width=\"214\">Vitaminas D<\/td>\n<td width=\"214\">10 \u00b5g<\/td>\n<td width=\"214\">200<\/td>\n<\/tr>\n<tr>\n<td width=\"214\">Vitaminas E<\/td>\n<td width=\"214\">20 mg \u03b1-TE<\/td>\n<td width=\"214\">167<\/td>\n<\/tr>\n<tr>\n<td width=\"214\">Vitaminas K<\/td>\n<td width=\"214\">25 \u00b5g<\/td>\n<td width=\"214\">33<\/td>\n<\/tr>\n<tr>\n<td width=\"214\">Vitaminas B1<\/td>\n<td width=\"214\">2,3mg<\/td>\n<td width=\"214\">209<\/td>\n<\/tr>\n<tr>\n<td width=\"214\">Vitaminas B2<\/td>\n<td width=\"214\">2,6mg<\/td>\n<td width=\"214\">186<\/td>\n<\/tr>\n<tr>\n<td width=\"214\">Vitaminas B3<\/td>\n<td width=\"214\">20mg NE<\/td>\n<td width=\"214\">125<\/td>\n<\/tr>\n<tr>\n<td width=\"214\">Folios r\u016bg\u0161tis<\/td>\n<td width=\"214\">\u00a0400 \u00b5g<\/td>\n<td width=\"214\">200<\/td>\n<\/tr>\n<tr>\n<td width=\"214\">Vitaminas B12<\/td>\n<td width=\"214\">\u00a09 \u00b5g<\/td>\n<td width=\"214\">360<\/td>\n<\/tr>\n<tr>\n<td width=\"214\">Biotinas<\/td>\n<td width=\"214\">\u00a025 \u00b5g<\/td>\n<td width=\"214\">50<\/td>\n<\/tr>\n<tr>\n<td width=\"214\">Pantoteno r\u016bg\u0161ti<\/td>\n<td width=\"214\">10mg<\/td>\n<td width=\"214\">167<\/td>\n<\/tr>\n<tr>\n<td width=\"214\">Gele\u017eis<\/td>\n<td width=\"214\">27mg<\/td>\n<td width=\"214\">193<\/td>\n<\/tr>\n<tr>\n<td width=\"214\">Kalcis<\/td>\n<td width=\"214\">162mg<\/td>\n<td width=\"214\">20<\/td>\n<\/tr>\n<tr>\n<td width=\"214\">Jodas<\/td>\n<td width=\"214\">\u00a0150 \u00b5g<\/td>\n<td width=\"214\">100<\/td>\n<\/tr>\n<tr>\n<td width=\"214\">Magnis<\/td>\n<td width=\"214\">100mg<\/td>\n<td width=\"214\">27<\/td>\n<\/tr>\n<tr>\n<td width=\"214\">Cinkas<\/td>\n<td width=\"214\">15mg<\/td>\n<td width=\"214\">150<\/td>\n<\/tr>\n<tr>\n<td width=\"214\">Selenas<\/td>\n<td width=\"214\">\u00a025 \u00b5g<\/td>\n<td width=\"214\">46<\/td>\n<\/tr>\n<tr>\n<td width=\"214\">Varis<\/td>\n<td width=\"214\">\u00a02 \u00b5g<\/td>\n<td width=\"214\">200<\/td>\n<\/tr>\n<tr>\n<td width=\"214\">Manganas<\/td>\n<td width=\"214\">5mg<\/td>\n<td width=\"214\">250<\/td>\n<\/tr>\n<tr>\n<td width=\"214\">Chromas<\/td>\n<td width=\"214\">\u00a025 \u00b5g<\/td>\n<td width=\"214\">63<\/td>\n<\/tr>\n<tr>\n<td width=\"214\">Molibdenas<\/td>\n<td width=\"214\">\u00a025 \u00b5g<\/td>\n<td width=\"214\">50<\/td>\n<\/tr>\n<tr>\n<td width=\"214\">&nbsp;<\/td>\n<td width=\"214\">&nbsp;<\/td>\n<td width=\"214\">&nbsp;<\/td>\n<\/tr>\n<tr>\n<td width=\"214\">Vitaminas B6<\/td>\n<td width=\"214\">3mg<\/td>\n<td width=\"214\">214<\/td>\n<\/tr>\n<\/tbody>\n<\/table>\n<p>&nbsp;<\/p>\n<div>*referencin\u0117 maistin\u0117 vert\u0117 proc.<\/div>\n<div><\/div>\n<div><strong>Vartojimas:<\/strong> suaugusiems rekomenduojama vartoti po vien\u0105 tablet\u0119 per dien\u0105 valgio metu, u\u017egeriant stikline vandens<\/div>\n<div><\/div>\n<div><strong>Laikymo s\u0105lygos:<\/strong><\/div>\n<div><\/div>\n<div>Laikyti v\u0117sioje, sausoje vietoje. Laikyti vaikams nepasiekiamoje vietoje.<\/div>\n<div>Gamintojas: Swanson Health Products Inc., JAV.<\/div>\n<div>Grynas kiekis: 130 kapsuli\u0173<\/div>\n<div>Geriausias iki (termino pabaigos): geriausias vartoti iki termino, nurodyto ant pakuot\u0117s \u0161ono, vir\u0161aus arba jos apa\u010dioje.<\/div>\n<div><\/div>\n<div><strong>\u012esp\u0117jimas:<\/strong><\/div>\n<div><\/div>\n<div>Maisto papildas n\u0117ra maisto pakaitalas. Svarbu \u012fvairi ir subalansuota mityba bei sveikas gyvenimo b\u016bdas. Jeigu esate n\u0117\u0161\u010dia, maitinate kr\u016btimi ar vartojate kitus vaistus, prie\u0161 vartojim\u0105 pasitarkite su gydytoju ar vaistininku. Nevir\u0161ykite nustatytos rekomenduojamos doz\u0117s.<\/div>\n","protected":false},"excerpt":{"rendered":"<div>Swanson Super Multivitamin\u0173 N130 \u2013 auk\u0161tos kokyb\u0117s kompleksas i\u0161 JAV, gaminamas pagal ilgamet\u0119 patirt\u012f u\u017etikrinant efektyvum\u0105<\/div>\n<div><\/div>\n<div><strong>Pagrindin\u0117s savyb\u0117s:<\/strong><\/div>\n<div><\/div>\n<div><strong>Vitaminas A<\/strong><\/div>\n<ul>\n<li>Svarbus reg\u0117jimui<\/li>\n<li>Imunin\u0117s sistemos funkcijai<\/li>\n<li>Odos ir gleivini\u0173 sveikatai<\/li>\n<\/ul>\n<div><\/div>\n<div><strong>Vitaminas C (askorbo r\u016bg\u0161tis)<\/strong><\/div>\n<ul>\n<li>Antioksidantas<\/li>\n<li>B\u016btinas kolageno sintezei (odos, s\u0105nari\u0173)<\/li>\n<li>Padeda gele\u017eies pasisavinimui<\/li>\n<\/ul>\n<div><\/div>\n<div><strong>Vitaminas D<\/strong><\/div>\n<ul>\n<li>Palaiko kalcio ir fosforo apykait\u0105<\/li>\n<li>Reikalingas kaul\u0173 mineralizacijai<\/li>\n<li>Imunin\u0117s funkcijos reguliavimas<\/li>\n<\/ul>\n<div><\/div>\n<div><strong>Vitaminas E<\/strong><\/div>\n<ul>\n<li>Antioksidacinei apsaugai (l\u0105steli\u0173 membranos)<\/li>\n<\/ul>\n<div><\/div>\n<div><strong>Vitaminas K<\/strong><\/div>\n<ul>\n<li>Reikalingas normaliai kraujo kre\u0161\u0117jimui<\/li>\n<li>Kaul\u0173 metabolizmui<\/li>\n<\/ul>\n<div><\/div>\n<div><strong>Vitaminas B1 (tiaminas)<\/strong><\/div>\n<ul>\n<li>Normaliai energijos apykaitai<\/li>\n<li>Nerv\u0173 sistemos funkcijai<\/li>\n<\/ul>\n<div><\/div>\n<div><strong>Vitaminas B2 (riboflavinas)<\/strong><\/div>\n<ul>\n<li>Energijos apykaitai<\/li>\n<li>Antioksidacinei sistemai<\/li>\n<\/ul>\n<div><\/div>\n<div><strong>Vitaminas B3 (niacinas)<\/strong><\/div>\n<ul>\n<li>Normaliai energijos apykaitai<\/li>\n<li>Nerv\u0173 ir odos funkcijoms<\/li>\n<\/ul>\n<div><\/div>\n<div><strong>Vitaminas B6<\/strong><\/div>\n<ul>\n<li>Baltym\u0173 ir glikogeno metabolizmui<\/li>\n<li>Nerv\u0173 sistemos funkcijai<\/li>\n<\/ul>\n<div><\/div>\n<div><strong>Folio r\u016bg\u0161tis<\/strong><\/div>\n<ul>\n<li>Normaliai citozino ir DNR sintezei<\/li>\n<li>L\u0105steli\u0173 dalijimuisi<\/li>\n<\/ul>\n<div><\/div>\n<div><strong>Vitaminas B12<\/strong><\/div>\n<ul>\n<li>Normaliai nerv\u0173 sistemai<\/li>\n<li>Raudon\u0173j\u0173 kraujo k\u016bneli\u0173 formavimuisi<\/li>\n<\/ul>\n<div><\/div>\n<div><strong>Biotinas<\/strong><\/div>\n<ul>\n<li>Makroelement\u0173 apykaitai (angliav., rieb., aminor.)<\/li>\n<\/ul>\n<div><\/div>\n<div><strong>Pantoteno r\u016bg\u0161tis<\/strong><\/div>\n<ul>\n<li>Energijos i\u0161 maisto metabolizmui<\/li>\n<\/ul>\n<div><\/div>\n<div><strong>Gele\u017eis<\/strong><\/div>\n<ul>\n<li>Normaliai hemoglobino ir deguonies perne\u0161imui<\/li>\n<li>Energijos apykaitai<\/li>\n<\/ul>\n<div><\/div>\n<div><strong>Kalcis<\/strong><\/div>\n<ul>\n<li>Kaul\u0173 ir dant\u0173 mineralizacijai<\/li>\n<li>Raumen\u0173 funkcijai<\/li>\n<\/ul>\n<div><\/div>\n<div><strong>Jodas<\/strong><\/div>\n<ul>\n<li>Skydliauk\u0117s hormon\u0173 (T3, T4) sintezei<\/li>\n<\/ul>\n<div><\/div>\n<div><strong>Magnis<\/strong><\/div>\n<ul>\n<li>Normaliai raumen\u0173 funkcijai<\/li>\n<li>Energijos apykaitai<\/li>\n<\/ul>\n<div><\/div>\n<div><strong>Cinkas<\/strong><\/div>\n<ul>\n<li>Imunin\u0117s funkcijos palaikymui<\/li>\n<li>Baltym\u0173 sintezei<\/li>\n<\/ul>\n<div><\/div>\n<div><strong>Selenas<\/strong><\/div>\n<ul>\n<li>Antioksidacinei apsaugai (GPx)<\/li>\n<\/ul>\n<div><\/div>\n<div><strong>Varis<\/strong><\/div>\n<ul>\n<li>Gele\u017eies apykaitai<\/li>\n<\/ul>\n<div><\/div>\n<div><strong>Manganas<\/strong><\/div>\n<ul>\n<li>Kaul\u0173 strukt\u016brai<\/li>\n<li>Angliavandeni\u0173 apykaitai<\/li>\n<\/ul>\n<div><\/div>\n<div><strong>Chromas<\/strong><\/div>\n<ul>\n<li>Makroelement\u0173 metabolizmui<\/li>\n<\/ul>\n<div><\/div>\n<div><strong>Molibdenas<\/strong><\/div>\n<ul>\n<li>Fermentin\u0117ms reakcijoms<\/li>\n<\/ul>\n<div><\/div>\n<div><strong>Kalis<\/strong><\/div>\n<ul>\n<li>Elektrolit\u0173 balansui<\/li>\n<li>Normaliai nerv\u0173 ir raumen\u0173 funkcijai<\/li>\n<\/ul>\n","protected":false},"featured_media":43321,"comment_status":"open","ping_status":"closed","template":"","meta":{"inline_featured_image":false},"product_brand":[],"product_cat":[159,124],"product_tag":[],"class_list":{"0":"post-43320","1":"product","2":"type-product","3":"status-publish","4":"has-post-thumbnail","6":"product_cat-akcijos","7":"product_cat-bendrai-sveikatai","9":"first","10":"instock","11":"sale","12":"shipping-taxable","13":"purchasable","14":"product-type-simple"},"_links":{"self":[{"href":"https:\/\/loosen.lt\/en\/wp-json\/wp\/v2\/product\/43320","targetHints":{"allow":["GET"]}}],"collection":[{"href":"https:\/\/loosen.lt\/en\/wp-json\/wp\/v2\/product"}],"about":[{"href":"https:\/\/loosen.lt\/en\/wp-json\/wp\/v2\/types\/product"}],"replies":[{"embeddable":true,"href":"https:\/\/loosen.lt\/en\/wp-json\/wp\/v2\/comments?post=43320"}],"wp:featuredmedia":[{"embeddable":true,"href":"https:\/\/loosen.lt\/en\/wp-json\/wp\/v2\/media\/43321"}],"wp:attachment":[{"href":"https:\/\/loosen.lt\/en\/wp-json\/wp\/v2\/media?parent=43320"}],"wp:term":[{"taxonomy":"product_brand","embeddable":true,"href":"https:\/\/loosen.lt\/en\/wp-json\/wp\/v2\/product_brand?post=43320"},{"taxonomy":"product_cat","embeddable":true,"href":"https:\/\/loosen.lt\/en\/wp-json\/wp\/v2\/product_cat?post=43320"},{"taxonomy":"product_tag","embeddable":true,"href":"https:\/\/loosen.lt\/en\/wp-json\/wp\/v2\/product_tag?post=43320"}],"curies":[{"name":"wp","href":"https:\/\/api.w.org\/{rel}","templated":true}]}}