{"id":43344,"date":"2026-04-23T21:20:05","date_gmt":"2026-04-23T21:20:05","guid":{"rendered":"https:\/\/loosen.lt\/?post_type=product&#038;p=43344"},"modified":"2026-04-24T09:31:38","modified_gmt":"2026-04-24T09:31:38","slug":"swanson-l-lizinas-500mg-100-kapsuliu","status":"publish","type":"product","link":"https:\/\/loosen.lt\/en\/product\/swanson-l-lizinas-500mg-100-kapsuliu\/","title":{"rendered":"Swanson L-LIZINAS 500mg \u2013 100 kapsuli\u0173"},"content":{"rendered":"<p><strong>Sudedamosios dalys:<\/strong> L-lizinas (lizino hidrochlorido forma), ry\u017ei\u0173 miltai, kapsul\u0117s apvalkalas (\u017eelatina), magnio riebal\u0173 r\u016bg\u0161\u010di\u0173 druskos (emulsiklis).<\/p>\n<table>\n<tbody>\n<tr>\n<td width=\"214\">Maistin\u0117 vert\u0117<\/td>\n<td width=\"214\">2 kapsul\u0117se<\/td>\n<\/tr>\n<tr>\n<td width=\"214\">L-Lizino<\/td>\n<td width=\"214\">1000mg<\/td>\n<\/tr>\n<\/tbody>\n<\/table>\n<p>&nbsp;<\/p>\n<div><strong>Vartojimas:<\/strong> suaugusiesiems rekomenduojama vartoti po vien\u0105 kapsul\u0119 du ar tris kartus per dien\u0105, geriausia valgant ir u\u017esigeriant pakankamu kiekiu vandens.<\/div>\n<div><\/div>\n<div><strong>Laikymo s\u0105lygos:<\/strong><\/div>\n<div><\/div>\n<div>Laikyti v\u0117sioje, sausoje vietoje. Laikyti vaikams nepasiekiamoje vietoje.<\/div>\n<div>Gamintojas: Swanson Health Products Inc., JAV.<\/div>\n<div>Grynas kiekis: 100 kapsuli\u0173<\/div>\n<div>Geriausias iki (termino pabaigos): geriausias vartoti iki termino, nurodyto ant pakuot\u0117s \u0161ono, vir\u0161aus arba jos apa\u010dioje.<\/div>\n<div><\/div>\n<div><strong>\u012esp\u0117jimas:<\/strong><\/div>\n<div><\/div>\n<div>Maisto papildas n\u0117ra maisto pakaitalas. Svarbu \u012fvairi ir subalansuota mityba bei sveikas gyvenimo b\u016bdas. Jeigu esate n\u0117\u0161\u010dia, maitinate kr\u016btimi ar vartojate kitus vaistus, prie\u0161 vartojim\u0105 pasitarkite su gydytoju ar vaistininku. Nevir\u0161ykite nustatytos rekomenduojamos doz\u0117s.<\/div>\n","protected":false},"excerpt":{"rendered":"<div>Swanson L-lizino maisto papildas, pagamintas JAV pagal auk\u0161\u010diausius kokyb\u0117s standartus<\/div>\n<div><\/div>\n<div><strong>Pagrindin\u0117s savyb\u0117s:<\/strong><\/div>\n<div><\/div>\n<ul>\n<li>L-lizinas yra nepakei\u010diama aminor\u016bg\u0161tis<\/li>\n<li>Svarbus baltym\u0173 sintezei<\/li>\n<li>Dalyvauja kolageno sintez\u0117je<\/li>\n<li>Palaiko organizmo audini\u0173 atstatym\u0105 po fizinio kr\u016bvio ar su\u017eeidim\u0173.<\/li>\n<li>Susij\u0119s su kalcio apykaita organizme<\/li>\n<li>Tinka aktyviems \u017emon\u0117ms ir sportininkams<\/li>\n<li>Svarbus imunin\u0117s sistemos funkcijai<\/li>\n<\/ul>\n","protected":false},"featured_media":43345,"comment_status":"open","ping_status":"closed","template":"","meta":{"inline_featured_image":false},"product_brand":[],"product_cat":[118],"product_tag":[],"class_list":{"0":"post-43344","1":"product","2":"type-product","3":"status-publish","4":"has-post-thumbnail","6":"product_cat-raumenims","8":"first","9":"instock","10":"sale","11":"shipping-taxable","12":"purchasable","13":"product-type-simple"},"_links":{"self":[{"href":"https:\/\/loosen.lt\/en\/wp-json\/wp\/v2\/product\/43344","targetHints":{"allow":["GET"]}}],"collection":[{"href":"https:\/\/loosen.lt\/en\/wp-json\/wp\/v2\/product"}],"about":[{"href":"https:\/\/loosen.lt\/en\/wp-json\/wp\/v2\/types\/product"}],"replies":[{"embeddable":true,"href":"https:\/\/loosen.lt\/en\/wp-json\/wp\/v2\/comments?post=43344"}],"wp:featuredmedia":[{"embeddable":true,"href":"https:\/\/loosen.lt\/en\/wp-json\/wp\/v2\/media\/43345"}],"wp:attachment":[{"href":"https:\/\/loosen.lt\/en\/wp-json\/wp\/v2\/media?parent=43344"}],"wp:term":[{"taxonomy":"product_brand","embeddable":true,"href":"https:\/\/loosen.lt\/en\/wp-json\/wp\/v2\/product_brand?post=43344"},{"taxonomy":"product_cat","embeddable":true,"href":"https:\/\/loosen.lt\/en\/wp-json\/wp\/v2\/product_cat?post=43344"},{"taxonomy":"product_tag","embeddable":true,"href":"https:\/\/loosen.lt\/en\/wp-json\/wp\/v2\/product_tag?post=43344"}],"curies":[{"name":"wp","href":"https:\/\/api.w.org\/{rel}","templated":true}]}}