{"id":43353,"date":"2026-04-23T21:16:09","date_gmt":"2026-04-23T21:16:09","guid":{"rendered":"https:\/\/loosen.lt\/?post_type=product&#038;p=43353"},"modified":"2026-04-23T21:16:10","modified_gmt":"2026-04-23T21:16:10","slug":"swanson-folio-rugstis-foliatai-800-mcg-250-kapsuliu","status":"publish","type":"product","link":"https:\/\/loosen.lt\/en\/product\/swanson-folio-rugstis-foliatai-800-mcg-250-kapsuliu\/","title":{"rendered":"Swanson FOLIO R\u016aG\u0160TIS (FOLIATAI) 800 MCG \u2013 250 kapsuli\u0173"},"content":{"rendered":"<p><strong>Sudedamosios dalys:<\/strong> pteroilmonoglutamo r\u016bg\u0161tis (folatas), ry\u017ei\u0173 miltai, kapsul\u0117s apvalkalas (\u017eelatina) ir magnio riebal\u0173 r\u016bg\u0161\u010di\u0173 druskos (emulsiklis).<\/p>\n<table>\n<tbody>\n<tr>\n<td width=\"214\">Maistin\u0117 vert\u0117<\/td>\n<td width=\"214\">1 kapsul\u0117je<\/td>\n<\/tr>\n<tr>\n<td width=\"214\">Foliatai<\/td>\n<td width=\"214\">1335 \u00b5g<\/td>\n<\/tr>\n<tr>\n<td width=\"214\">kuri\u0173 sud\u0117tyje yra Folio r\u016bg\u0161ties<\/td>\n<td width=\"214\">800 \u00b5g*<\/td>\n<\/tr>\n<\/tbody>\n<\/table>\n<div>* \u2013 referencin\u0117 maistin\u0117 vert\u0117 400 proc.<\/div>\n<div><\/div>\n<div><strong>Vartojimas:<\/strong> suaugusiesiems rekomenduojama vartoti po vien\u0105 kapsul\u0119 kasdien, u\u017egeriant pakankamu kiekiu vandens.<\/div>\n<div><\/div>\n<div><strong>Laikymo s\u0105lygos:<\/strong><\/div>\n<div><\/div>\n<div>Laikyti v\u0117sioje, sausoje vietoje. Laikyti vaikams nepasiekiamoje vietoje.<\/div>\n<div>Gamintojas: Swanson Health Products Inc., JAV.<\/div>\n<div>Grynas kiekis: 250 kapsuli\u0173<\/div>\n<div>Geriausias iki (termino pabaigos): geriausias vartoti iki termino, nurodyto ant pakuot\u0117s \u0161ono, vir\u0161aus arba jos apa\u010dioje.<\/div>\n<div><\/div>\n<div><strong>\u012esp\u0117jimas:<\/strong><\/div>\n<div><\/div>\n<div>Maisto papildas n\u0117ra maisto pakaitalas. Svarbu \u012fvairi ir subalansuota mityba bei sveikas gyvenimo b\u016bdas. Jeigu esate n\u0117\u0161\u010dia, maitinate kr\u016btimi ar vartojate kitus vaistus, prie\u0161 vartojim\u0105 pasitarkite su gydytoju ar vaistininku. Nevir\u0161ykite nustatytos rekomenduojamos doz\u0117s.<\/div>\n<p>&nbsp;<\/p>\n","protected":false},"excerpt":{"rendered":"<div>Swanson folio r\u016bg\u0161ties (folatas) maisto papildas, pagamintas JAV pagal auk\u0161\u010diausius kokyb\u0117s standartus<\/div>\n<div><\/div>\n<div><strong>Pagrindin\u0117s savyb\u0117s:<\/strong><\/div>\n<div><\/div>\n<ul>\n<li>Padeda palaikyti normali\u0105 kraujo gamyb\u0105<\/li>\n<li>Palaiko normali\u0105 psichologin\u0119 funkcij\u0105<\/li>\n<li>Padeda palaikyti normali\u0105 imunin\u0117s sistemos veikl\u0105<\/li>\n<li>Palaiko normali\u0105 homocisteino apykait\u0105<\/li>\n<li>Svarbi n\u0117\u0161tumo metu vaisiaus vystymuisi<\/li>\n<\/ul>\n","protected":false},"featured_media":43354,"comment_status":"open","ping_status":"closed","template":"","meta":{"inline_featured_image":false},"product_brand":[],"product_cat":[115],"product_tag":[],"class_list":{"0":"post-43353","1":"product","2":"type-product","3":"status-publish","4":"has-post-thumbnail","6":"product_cat-sirdziai-ir-kraujotakai","8":"first","9":"instock","10":"sale","11":"shipping-taxable","12":"purchasable","13":"product-type-simple"},"_links":{"self":[{"href":"https:\/\/loosen.lt\/en\/wp-json\/wp\/v2\/product\/43353","targetHints":{"allow":["GET"]}}],"collection":[{"href":"https:\/\/loosen.lt\/en\/wp-json\/wp\/v2\/product"}],"about":[{"href":"https:\/\/loosen.lt\/en\/wp-json\/wp\/v2\/types\/product"}],"replies":[{"embeddable":true,"href":"https:\/\/loosen.lt\/en\/wp-json\/wp\/v2\/comments?post=43353"}],"wp:featuredmedia":[{"embeddable":true,"href":"https:\/\/loosen.lt\/en\/wp-json\/wp\/v2\/media\/43354"}],"wp:attachment":[{"href":"https:\/\/loosen.lt\/en\/wp-json\/wp\/v2\/media?parent=43353"}],"wp:term":[{"taxonomy":"product_brand","embeddable":true,"href":"https:\/\/loosen.lt\/en\/wp-json\/wp\/v2\/product_brand?post=43353"},{"taxonomy":"product_cat","embeddable":true,"href":"https:\/\/loosen.lt\/en\/wp-json\/wp\/v2\/product_cat?post=43353"},{"taxonomy":"product_tag","embeddable":true,"href":"https:\/\/loosen.lt\/en\/wp-json\/wp\/v2\/product_tag?post=43353"}],"curies":[{"name":"wp","href":"https:\/\/api.w.org\/{rel}","templated":true}]}}