{"id":43447,"date":"2026-04-28T14:39:16","date_gmt":"2026-04-28T14:39:16","guid":{"rendered":"https:\/\/loosen.lt\/?post_type=product&#038;p=43447"},"modified":"2026-04-28T14:39:16","modified_gmt":"2026-04-28T14:39:16","slug":"l-cell-magnio-bisglicinatas-milteliai-45g","status":"publish","type":"product","link":"https:\/\/loosen.lt\/en\/product\/l-cell-magnio-bisglicinatas-milteliai-45g\/","title":{"rendered":"L Cell Magnio Bisglicinatas (milteliai, 45g)"},"content":{"rendered":"<div><strong>Apie produkt\u0105:<\/strong><\/div>\n<div><\/div>\n<ul>\n<li>45 g lengvai salstel\u0117jusio skonio milteli\u0173 forma.<\/li>\n<li>Komplekte pridedamas ~1 ml t\u016brio matavimo \u0161auk\u0161telis, talpinantis apie 500 mg magnio bisglicinato<\/li>\n<li>Vienos pakuot\u0117s pakanka daugiau nei m\u0117nesiui pilnaver\u010di\u0173 dienos porcij\u0173.<\/li>\n<li>Magnis sudaro apie penktadal\u012f visos sud\u0117ties (20 %).<\/li>\n<li>\u017daliavos pagamintos laikantis auk\u0161t\u0173 farmacin\u0117s kokyb\u0117s reikalavim\u0173.<\/li>\n<li>U\u017etikrinamas stabilus veikli\u0173j\u0173 med\u017eiag\u0173 kiekis ir saugumas \u2013 reguliariai atliekami grynumo, sunki\u0173j\u0173 metal\u0173 bei mikotoksin\u0173 tyrimai.<\/li>\n<li>Tinka augalin\u0117s mitybos besilaikantiems vartotojams.<\/li>\n<li>Sud\u0117tyje n\u0117ra geneti\u0161kai modifikuot\u0173 ingredient\u0173, sintetini\u0173 da\u017eikli\u0173, konservant\u0173, kvapikli\u0173 ar da\u017eniausiai pasitaikan\u010di\u0173 alergen\u0173.<\/li>\n<\/ul>\n<div><\/div>\n<div><strong>Sudedamosios dalys:<\/strong> magnio bisglicinatas ir cinko gliukonatas.<\/div>\n<div><\/div>\n<div>\n<table>\n<tbody>\n<tr>\n<td width=\"214\">Maistin\u0117 vert\u0117<\/td>\n<td width=\"214\">3 kau\u0161ialiuose<\/td>\n<td width=\"214\">% RMV*<\/td>\n<\/tr>\n<tr>\n<td width=\"214\">Magnio Bisglicinatas<\/td>\n<td width=\"214\">1500mg<\/td>\n<td width=\"214\">**<\/td>\n<\/tr>\n<tr>\n<td width=\"214\">i\u0161 kurio magnis<\/td>\n<td width=\"214\">300mg<\/td>\n<td width=\"214\">81%<\/td>\n<\/tr>\n<tr>\n<td width=\"214\">Cinkas<\/td>\n<td width=\"214\">1,5mg<\/td>\n<td width=\"214\">15%<\/td>\n<\/tr>\n<\/tbody>\n<\/table>\n<div>* Referencin\u0117 maistin\u0117 vert\u0117<\/div>\n<div><\/div>\n<div>** RMV nenustatyta<\/div>\n<div><\/div>\n<div><strong>Vartojimas:<\/strong> ryte i\u0161gerkite vien\u0105 matavimo kau\u0161el\u012f milteli\u0173, vakare \u2013 du. Geriausia vartoti prie\u0161 valg\u012f, ta\u010diau jei skrandis jautresnis, rinkit\u0117s vartojim\u0105 po maisto. Miltelius i\u0161tirpinkite vandenyje ar kitame pasirinktame g\u0117rime ir suvartokite.<\/div>\n<div><\/div>\n<div><strong>Laikymo s\u0105lygos:<\/strong><\/div>\n<div><\/div>\n<div>Laikyti v\u0117sioje, sausoje vietoje. Laikyti vaikams nepasiekiamoje vietoje.<\/div>\n<div>Kilm\u0117s \u0161alis: ES<\/div>\n<div>Geriausias iki termino pabaigos.<\/div>\n<div><\/div>\n<div><strong>\u012esp\u0117jimas:<\/strong><\/div>\n<div><\/div>\n<div>Maisto papildas n\u0117ra maisto pakaitalas. Svarbu \u012fvairi ir subalansuota mityba bei sveikas gyvenimo b\u016bdas. Jeigu esate n\u0117\u0161\u010dia, maitinate kr\u016btimi ar vartojate kitus vaistus, prie\u0161 vartojim\u0105 pasitarkite su gydytoju ar vaistininku. Nevir\u0161ykite nustatytos rekomenduojamos doz\u0117s<\/div>\n<\/div>\n","protected":false},"excerpt":{"rendered":"<div>Kasdieniam vartojimui pritaikyta pa\u017eangi magnio bisglicinato formul\u0117, kurioje vienoje porcijoje yra 1500 mg<\/div>\n<div><\/div>\n<div><strong>Pagrindin\u0117s savyb\u0117s:<\/strong><\/div>\n<div><\/div>\n<ul>\n<li>Magnis padeda ma\u017einti nuovarg\u012f ir i\u0161sekim\u0105<\/li>\n<li>Palaiko normal\u0173 raumen\u0173 ir nerv\u0173 sistemos veikim\u0105<\/li>\n<li>Prisideda prie kaul\u0173 ir dant\u0173 sveikatos<\/li>\n<li>Padeda palaikyti psichologin\u012f funkcionavim\u0105<\/li>\n<\/ul>\n","protected":false},"featured_media":43449,"comment_status":"open","ping_status":"closed","template":"","meta":{"inline_featured_image":false},"product_brand":[],"product_cat":[159,119],"product_tag":[],"class_list":{"0":"post-43447","1":"product","2":"type-product","3":"status-publish","4":"has-post-thumbnail","6":"product_cat-akcijos","7":"product_cat-energijai","9":"first","10":"instock","11":"sale","12":"shipping-taxable","13":"purchasable","14":"product-type-simple"},"_links":{"self":[{"href":"https:\/\/loosen.lt\/en\/wp-json\/wp\/v2\/product\/43447","targetHints":{"allow":["GET"]}}],"collection":[{"href":"https:\/\/loosen.lt\/en\/wp-json\/wp\/v2\/product"}],"about":[{"href":"https:\/\/loosen.lt\/en\/wp-json\/wp\/v2\/types\/product"}],"replies":[{"embeddable":true,"href":"https:\/\/loosen.lt\/en\/wp-json\/wp\/v2\/comments?post=43447"}],"wp:featuredmedia":[{"embeddable":true,"href":"https:\/\/loosen.lt\/en\/wp-json\/wp\/v2\/media\/43449"}],"wp:attachment":[{"href":"https:\/\/loosen.lt\/en\/wp-json\/wp\/v2\/media?parent=43447"}],"wp:term":[{"taxonomy":"product_brand","embeddable":true,"href":"https:\/\/loosen.lt\/en\/wp-json\/wp\/v2\/product_brand?post=43447"},{"taxonomy":"product_cat","embeddable":true,"href":"https:\/\/loosen.lt\/en\/wp-json\/wp\/v2\/product_cat?post=43447"},{"taxonomy":"product_tag","embeddable":true,"href":"https:\/\/loosen.lt\/en\/wp-json\/wp\/v2\/product_tag?post=43447"}],"curies":[{"name":"wp","href":"https:\/\/api.w.org\/{rel}","templated":true}]}}