{"id":43472,"date":"2026-04-29T21:15:54","date_gmt":"2026-04-29T21:15:54","guid":{"rendered":"https:\/\/loosen.lt\/?post_type=product&#038;p=43472"},"modified":"2026-04-29T21:15:54","modified_gmt":"2026-04-29T21:15:54","slug":"scitec-caffeine-100-kapauliu","status":"publish","type":"product","link":"https:\/\/loosen.lt\/en\/product\/scitec-caffeine-100-kapauliu\/","title":{"rendered":"Scitec Caffeine \u2013 100 kapauli\u0173"},"content":{"rendered":"<div><strong>Sudedamosios dalys:<\/strong> dekstroz\u0117, bevandenis kofeinas (20 %), kapsul\u0117s apvalkalas (\u017eelatina, glaz\u016bravimo med\u017eiaga \u2013 \u0161elakas, da\u017eiklis \u2013 gele\u017eies oksidai ir hidroksidai, r\u016bg\u0161tingum\u0105 reguliuojan\u010dios med\u017eiagos \u2013 amonio hidroksidas ir kalio hidroksidas).<\/div>\n<div><\/div>\n<div><strong>Alergenai:<\/strong> Produktas pagamintas \u012fmon\u0117je, kurioje taip pat tvarkomi pieno, kiau\u0161ini\u0173, glitimo, sojos, \u017eem\u0117s rie\u0161ut\u0173, \u012fvairi\u0173 rie\u0161ut\u0173, salier\u0173, \u017euvies, v\u0117\u017eiagyvi\u0173, moliusk\u0173 bei sieros dioksido turintys produktai.<\/div>\n<div><\/div>\n<div>\n<table>\n<tbody>\n<tr>\n<td width=\"321\">Maistin\u0117 vert\u0117<\/td>\n<td width=\"321\">1 kapsul\u0117je<\/td>\n<\/tr>\n<tr>\n<td width=\"321\">Bevandenis kofeinas<\/td>\n<td width=\"321\">100mg<\/td>\n<\/tr>\n<\/tbody>\n<\/table>\n<\/div>\n<p>&nbsp;<\/p>\n<div><strong>Vartojimas:<\/strong> Rekomenduojama vartoti po 1 kapsul\u0119 per par\u0105, likus 30\u201360 minu\u010di\u0173 iki intensyvios fizin\u0117s ar protin\u0117s veiklos.<\/div>\n<div><\/div>\n<div><strong>Laikymo s\u0105lygos:<\/strong><\/div>\n<div><\/div>\n<div>Laikyti v\u0117sioje, sausoje vietoje. Laikyti vaikams nepasiekiamoje vietoje.<\/div>\n<div>Gamintojas: SCITEC NUTRITION, P.O. Box 431975, Majamis, Florida, 33243 USA.<\/div>\n<div>Grynas kiekis: 49,6 g (100 kapsuli\u0173).<\/div>\n<div>Geriausias iki (termino pabaigos): geriausias vartoti iki termino, nurodyto ant pakuot\u0117s \u0161ono, vir\u0161aus arba jos apa\u010dioje.<\/div>\n<div>Partija: \u017er. ant pakuot\u0117s.<\/div>\n<div><\/div>\n<div><strong>\u012esp\u0117jimas:<\/strong><\/div>\n<div><\/div>\n<div>Maisto papildas n\u0117ra maisto pakaitalas. Svarbu \u012fvairi ir subalansuota mityba bei sveikas gyvenimo b\u016bdas. Jeigu esate n\u0117\u0161\u010dia, maitinate kr\u016btimi ar vartojate kitus vaistus, prie\u0161 vartojim\u0105 pasitarkite su gydytoju ar vaistininku. Nevir\u0161ykite nustatytos rekomenduojamos doz\u0117s.<\/div>\n","protected":false},"excerpt":{"rendered":"<div>\u201eScitec Caffeine\u201c \u2013 tai maisto papildas kapsul\u0117mis, kurio veiklioji med\u017eiaga yra kofeinas<\/div>\n<div><\/div>\n<div><strong>Pagrindin\u0117s savyb\u0117s:<\/strong><\/div>\n<p>&nbsp;<\/p>\n<ul>\n<li>Padidina budrum\u0105 ir koncentracij\u0105<\/li>\n<li>Palaiko fizin\u0119 i\u0161tverm\u0119 ir i\u0161tverm\u0117s rezultatus<\/li>\n<li>Palaiko med\u017eiag\u0173 apykait\u0105<\/li>\n<\/ul>\n","protected":false},"featured_media":43474,"comment_status":"open","ping_status":"closed","template":"","meta":{"inline_featured_image":false},"product_brand":[],"product_cat":[119],"product_tag":[],"class_list":{"0":"post-43472","1":"product","2":"type-product","3":"status-publish","4":"has-post-thumbnail","6":"product_cat-energijai","8":"first","9":"instock","10":"shipping-taxable","11":"purchasable","12":"product-type-simple"},"_links":{"self":[{"href":"https:\/\/loosen.lt\/en\/wp-json\/wp\/v2\/product\/43472","targetHints":{"allow":["GET"]}}],"collection":[{"href":"https:\/\/loosen.lt\/en\/wp-json\/wp\/v2\/product"}],"about":[{"href":"https:\/\/loosen.lt\/en\/wp-json\/wp\/v2\/types\/product"}],"replies":[{"embeddable":true,"href":"https:\/\/loosen.lt\/en\/wp-json\/wp\/v2\/comments?post=43472"}],"wp:featuredmedia":[{"embeddable":true,"href":"https:\/\/loosen.lt\/en\/wp-json\/wp\/v2\/media\/43474"}],"wp:attachment":[{"href":"https:\/\/loosen.lt\/en\/wp-json\/wp\/v2\/media?parent=43472"}],"wp:term":[{"taxonomy":"product_brand","embeddable":true,"href":"https:\/\/loosen.lt\/en\/wp-json\/wp\/v2\/product_brand?post=43472"},{"taxonomy":"product_cat","embeddable":true,"href":"https:\/\/loosen.lt\/en\/wp-json\/wp\/v2\/product_cat?post=43472"},{"taxonomy":"product_tag","embeddable":true,"href":"https:\/\/loosen.lt\/en\/wp-json\/wp\/v2\/product_tag?post=43472"}],"curies":[{"name":"wp","href":"https:\/\/api.w.org\/{rel}","templated":true}]}}