{"id":43477,"date":"2026-04-29T21:16:52","date_gmt":"2026-04-29T21:16:52","guid":{"rendered":"https:\/\/loosen.lt\/?post_type=product&#038;p=43477"},"modified":"2026-04-29T21:16:52","modified_gmt":"2026-04-29T21:16:52","slug":"biotech-magnesium-bisglycinate-90-kapsuliu","status":"publish","type":"product","link":"https:\/\/loosen.lt\/en\/product\/biotech-magnesium-bisglycinate-90-kapsuliu\/","title":{"rendered":"BioTech Magnesium Bisglycinate \u2013 90 kapsuli\u0173"},"content":{"rendered":"<div><strong>Sudedamosios dalys:<\/strong> 84 % magnio bisglicinato, kapsul\u0117s apvalkalas i\u0161 \u017eelatinos, lipnum\u0105 reguliuojan\u010dios med\u017eiagos (magnio riebal\u0173 r\u016bg\u0161\u010di\u0173 druskos ir silicio dioksidas) bei 0,1 % piridoksino hidrochlorido.<\/div>\n<div><\/div>\n<div><strong>Alergenai:<\/strong> produktas pagamintas gamykloje, kurioje taip pat tvarkomi pienas, kiau\u0161iniai, glitimas, soja, \u017eem\u0117s rie\u0161utai, rie\u0161utai, salierai, \u017euvis, v\u0117\u017eiagyviai ir sieros dioksidas.<\/div>\n<div><\/div>\n<div>\n<table>\n<tbody>\n<tr>\n<td width=\"160\">Maistin\u0117 vert\u0117<\/td>\n<td width=\"160\">3 kapsul\u0117se<\/td>\n<td width=\"160\">RMV (3 kapsul\u0117s)<\/td>\n<\/tr>\n<tr>\n<td width=\"160\">Magnis (magnio glicinatas)<\/td>\n<td width=\"160\">250mg<\/td>\n<td width=\"160\">67%*<\/td>\n<\/tr>\n<tr>\n<td width=\"160\">Vitaminas B6<\/td>\n<td width=\"160\">2.0mg<\/td>\n<td width=\"160\">143%*<\/td>\n<\/tr>\n<\/tbody>\n<\/table>\n<\/div>\n<p>&nbsp;<\/p>\n<div><strong>Vartojimas:<\/strong> Vartojimas: rekomenduojama vartoti po 3 kapsules per par\u0105, u\u017egeriant jas stikline vandens. Nevir\u0161yti nustatytos dienos normos.<\/div>\n<div><\/div>\n<div><strong>Laikymo s\u0105lygos:<\/strong><\/div>\n<div><\/div>\n<div>Laikyti v\u0117sioje, sausoje vietoje. Laikyti vaikams nepasiekiamoje vietoje.<\/div>\n<div>Gamintojas: BioTech USA Kft. 1033 Budape\u0161tas, Huszti ut 60., Vengrija.<\/div>\n<div>Grynas kiekis:\u00a0 74 g (90 kapsuli\u0173)<\/div>\n<div>Geriausias iki (termino pabaigos): geriausias vartoti iki termino, nurodyto ant pakuot\u0117s \u0161ono, vir\u0161aus arba jos apa\u010dioje.<\/div>\n<div><\/div>\n<div><strong>\u012esp\u0117jimas:<\/strong><\/div>\n<div><\/div>\n<div>Maisto papildas n\u0117ra maisto pakaitalas. Svarbu \u012fvairi ir subalansuota mityba bei sveikas gyvenimo b\u016bdas. Jeigu esate n\u0117\u0161\u010dia, maitinate kr\u016btimi ar vartojate kitus vaistus, prie\u0161 vartojim\u0105 pasitarkite su gydytoju ar vaistininku. Nevir\u0161ykite nustatytos rekomenduojamos doz\u0117s.<\/div>\n","protected":false},"excerpt":{"rendered":"<div>\u201eBioTech Magnesium Bisglycinate\u201c \u2013 kapsul\u0117se pateiktas maisto papildas, kurio sud\u0117tyje yra gerai pasisavinama magnio forma (magnio bisglicinatas) kartu su vitaminu B6<\/div>\n<div><\/div>\n<div><strong>Pagrindin\u0117s savyb\u0117s:<\/strong><\/div>\n<div><\/div>\n<ul>\n<li>Magnis padeda ma\u017einti nuovarg\u012f ir i\u0161sekim\u0105<\/li>\n<li>Palaiko normal\u0173 raumen\u0173 ir nerv\u0173 sistemos veikim\u0105<\/li>\n<li>Prisideda prie kaul\u0173 ir dant\u0173 sveikatos<\/li>\n<li>Padeda palaikyti psichologin\u012f funkcionavim\u0105<\/li>\n<\/ul>\n","protected":false},"featured_media":43479,"comment_status":"open","ping_status":"closed","template":"","meta":{"inline_featured_image":false},"product_brand":[],"product_cat":[119],"product_tag":[],"class_list":{"0":"post-43477","1":"product","2":"type-product","3":"status-publish","4":"has-post-thumbnail","6":"product_cat-energijai","8":"first","9":"instock","10":"shipping-taxable","11":"purchasable","12":"product-type-simple"},"_links":{"self":[{"href":"https:\/\/loosen.lt\/en\/wp-json\/wp\/v2\/product\/43477","targetHints":{"allow":["GET"]}}],"collection":[{"href":"https:\/\/loosen.lt\/en\/wp-json\/wp\/v2\/product"}],"about":[{"href":"https:\/\/loosen.lt\/en\/wp-json\/wp\/v2\/types\/product"}],"replies":[{"embeddable":true,"href":"https:\/\/loosen.lt\/en\/wp-json\/wp\/v2\/comments?post=43477"}],"wp:featuredmedia":[{"embeddable":true,"href":"https:\/\/loosen.lt\/en\/wp-json\/wp\/v2\/media\/43479"}],"wp:attachment":[{"href":"https:\/\/loosen.lt\/en\/wp-json\/wp\/v2\/media?parent=43477"}],"wp:term":[{"taxonomy":"product_brand","embeddable":true,"href":"https:\/\/loosen.lt\/en\/wp-json\/wp\/v2\/product_brand?post=43477"},{"taxonomy":"product_cat","embeddable":true,"href":"https:\/\/loosen.lt\/en\/wp-json\/wp\/v2\/product_cat?post=43477"},{"taxonomy":"product_tag","embeddable":true,"href":"https:\/\/loosen.lt\/en\/wp-json\/wp\/v2\/product_tag?post=43477"}],"curies":[{"name":"wp","href":"https:\/\/api.w.org\/{rel}","templated":true}]}}