{"id":43492,"date":"2026-04-29T21:43:25","date_gmt":"2026-04-29T21:43:25","guid":{"rendered":"https:\/\/loosen.lt\/?post_type=product&#038;p=43492"},"modified":"2026-04-29T21:43:25","modified_gmt":"2026-04-29T21:43:25","slug":"swanson-cinkas-30mg-250-tableciu","status":"publish","type":"product","link":"https:\/\/loosen.lt\/en\/product\/swanson-cinkas-30mg-250-tableciu\/","title":{"rendered":"Swanson CINKAS 30mg \u2013 250 table\u010di\u0173"},"content":{"rendered":"<p><strong>Sudedamosios dalys:<\/strong> cinko \u0161altinis \u2013 cinko gliukonatas; u\u017epildas \u2013 mikrokristalin\u0117 celiulioz\u0117; emulsikliai \u2013 riebal\u0173 r\u016bg\u0161tys bei j\u0173 magnio druskos.<\/p>\n<table>\n<tbody>\n<tr>\n<td width=\"321\">Maistin\u0117 vert\u0117<\/td>\n<td width=\"321\">1 tablet\u0117je<\/td>\n<\/tr>\n<tr>\n<td width=\"321\">Cinkas<\/td>\n<td width=\"321\">30mg<\/td>\n<\/tr>\n<\/tbody>\n<\/table>\n<div>Referencin\u0117 maistin\u0117 vert\u0117 \u2013 300 proc.<\/div>\n<div><\/div>\n<div><strong>Vartojimas:<\/strong> Rekomenduojama vartoti suaugusiesiems \u2013 po vien\u0105 tablet\u0119 kart\u0105 per dien\u0105, geriausia po valgio, u\u017egeriant vandeniu.<\/div>\n<div><\/div>\n<div><strong>Laikymo s\u0105lygos:<\/strong><\/div>\n<div><\/div>\n<div>Laikyti v\u0117sioje, sausoje vietoje. Laikyti vaikams nepasiekiamoje vietoje.<\/div>\n<div>Gamintojas: Swanson Health Products Inc., JAV.<\/div>\n<div>Grynas kiekis: 250 table\u010di\u0173<\/div>\n<div>Geriausias iki (termino pabaigos): geriausias vartoti iki termino, nurodyto ant pakuot\u0117s \u0161ono, vir\u0161aus arba jos apa\u010dioje.<\/div>\n<div><\/div>\n<div><strong>\u012esp\u0117jimas:<\/strong><\/div>\n<div><\/div>\n<div>Maisto papildas n\u0117ra maisto pakaitalas. Svarbu \u012fvairi ir subalansuota mityba bei sveikas gyvenimo b\u016bdas. Jeigu esate n\u0117\u0161\u010dia, maitinate kr\u016btimi ar vartojate kitus vaistus, prie\u0161 vartojim\u0105 pasitarkite su gydytoju ar vaistininku. Nevir\u0161ykite nustatytos rekomenduojamos doz\u0117s.<\/div>\n<p>&nbsp;<\/p>\n","protected":false},"excerpt":{"rendered":"<div>\u201eSwanson\u201c cinko papildas, pagamintas JAV, pasi\u017eymi auk\u0161ta kokybe ir patikimu veiksmingumu, paremtu ilgamete gamybos patirtimi<\/div>\n<div><\/div>\n<div><strong>Pagrindin\u0117s savyb\u0117s:<\/strong><\/div>\n<div><\/div>\n<div><strong>Cinkas padeda:<\/strong><\/div>\n<div><\/div>\n<ul>\n<li>palaikyti normali\u0105 imunin\u0117s sistemos veikl\u0105<\/li>\n<li>palaikyti normali\u0105 odos, plauk\u0173 ir nag\u0173 b\u016bkl\u0119<\/li>\n<li>palaikyti normali\u0105 kaul\u0173 b\u016bkl\u0119<\/li>\n<li>palaikyti normali\u0105 reg\u0117jimo funkcij\u0105<\/li>\n<li>palaikyti normali\u0105 kognityvin\u0119 funkcij\u0105<\/li>\n<li>palaikyti normali\u0105 DNR sintez\u0119<\/li>\n<li>palaikyti normali\u0105 baltym\u0173 sintez\u0119<\/li>\n<li>palaikyti normali\u0105 vaisingumo ir reprodukcijos funkcij\u0105<\/li>\n<li>palaikyti normal\u0173 testosterono kiek\u012f kraujyje<\/li>\n<li>palaikyti normali\u0105 r\u016bg\u0161\u010di\u0173\u2013\u0161arm\u0173 apykait\u0105<\/li>\n<li>pad\u0117ti apsaugoti l\u0105steles nuo oksidacinio streso<\/li>\n<\/ul>\n","protected":false},"featured_media":43494,"comment_status":"open","ping_status":"closed","template":"","meta":{"inline_featured_image":false},"product_brand":[],"product_cat":[124],"product_tag":[],"class_list":{"0":"post-43492","1":"product","2":"type-product","3":"status-publish","4":"has-post-thumbnail","6":"product_cat-bendrai-sveikatai","8":"first","9":"instock","10":"sale","11":"shipping-taxable","12":"purchasable","13":"product-type-simple"},"_links":{"self":[{"href":"https:\/\/loosen.lt\/en\/wp-json\/wp\/v2\/product\/43492","targetHints":{"allow":["GET"]}}],"collection":[{"href":"https:\/\/loosen.lt\/en\/wp-json\/wp\/v2\/product"}],"about":[{"href":"https:\/\/loosen.lt\/en\/wp-json\/wp\/v2\/types\/product"}],"replies":[{"embeddable":true,"href":"https:\/\/loosen.lt\/en\/wp-json\/wp\/v2\/comments?post=43492"}],"wp:featuredmedia":[{"embeddable":true,"href":"https:\/\/loosen.lt\/en\/wp-json\/wp\/v2\/media\/43494"}],"wp:attachment":[{"href":"https:\/\/loosen.lt\/en\/wp-json\/wp\/v2\/media?parent=43492"}],"wp:term":[{"taxonomy":"product_brand","embeddable":true,"href":"https:\/\/loosen.lt\/en\/wp-json\/wp\/v2\/product_brand?post=43492"},{"taxonomy":"product_cat","embeddable":true,"href":"https:\/\/loosen.lt\/en\/wp-json\/wp\/v2\/product_cat?post=43492"},{"taxonomy":"product_tag","embeddable":true,"href":"https:\/\/loosen.lt\/en\/wp-json\/wp\/v2\/product_tag?post=43492"}],"curies":[{"name":"wp","href":"https:\/\/api.w.org\/{rel}","templated":true}]}}