{"id":43497,"date":"2026-04-29T21:42:33","date_gmt":"2026-04-29T21:42:33","guid":{"rendered":"https:\/\/loosen.lt\/?post_type=product&#038;p=43497"},"modified":"2026-04-29T21:42:33","modified_gmt":"2026-04-29T21:42:33","slug":"swanson-magnis-250-kapsuliu","status":"publish","type":"product","link":"https:\/\/loosen.lt\/en\/product\/swanson-magnis-250-kapsuliu\/","title":{"rendered":"Swanson MAGNIS \u2013 250 kapsuli\u0173"},"content":{"rendered":"<p><strong>Sudedamosios dalys:<\/strong> magnio \u0161altinis \u2013 magnio oksidas; pagalbin\u0117s med\u017eiagos \u2013 ry\u017ei\u0173 miltai ir \u017eelatina; emulsiklis \u2013 riebal\u0173 r\u016bg\u0161\u010di\u0173 magnio druskos<\/p>\n<table>\n<tbody>\n<tr>\n<td width=\"321\">Maistin\u0117 vert\u0117<\/td>\n<td width=\"321\">2 kapsul\u0117se<\/td>\n<\/tr>\n<tr>\n<td width=\"321\">Magnio oksido<\/td>\n<td width=\"321\">400mg<\/td>\n<\/tr>\n<\/tbody>\n<\/table>\n<div>* referencin\u0117 maistin\u0117 vert\u0117 107 proc.<\/div>\n<div><\/div>\n<div><strong>Vartojimas:<\/strong> Rekomenduojama suaugusiesiems vartoti po vien\u0105 kapsul\u0119 du kartus per dien\u0105, u\u017egeriant vandeniu.<\/div>\n<div><\/div>\n<div><strong>Laikymo s\u0105lygos:<\/strong><\/div>\n<div><\/div>\n<div>Laikyti v\u0117sioje, sausoje vietoje. Laikyti vaikams nepasiekiamoje vietoje.<\/div>\n<div>Gamintojas: Swanson Health Products Inc., JAV.<\/div>\n<div>Grynas kiekis: 250 kapsuli\u0173<\/div>\n<div>Geriausias iki (termino pabaigos): geriausias vartoti iki termino, nurodyto ant pakuot\u0117s \u0161ono, vir\u0161aus arba jos apa\u010dioje.<\/div>\n<div><\/div>\n<div><strong>\u012esp\u0117jimas:<\/strong><\/div>\n<div><\/div>\n<div>Maisto papildas n\u0117ra maisto pakaitalas. Svarbu \u012fvairi ir subalansuota mityba bei sveikas gyvenimo b\u016bdas. Jeigu esate n\u0117\u0161\u010dia, maitinate kr\u016btimi ar vartojate kitus vaistus, prie\u0161 vartojim\u0105 pasitarkite su gydytoju ar vaistininku. Nevir\u0161ykite nustatytos rekomenduojamos doz\u0117s.<\/div>\n<p>&nbsp;<\/p>\n","protected":false},"excerpt":{"rendered":"<div>\u201eSwanson\u201c magnio papildas N250, pagamintas JAV, i\u0161siskiria auk\u0161ta kokybe ir patikimu veiksmingumu, pagr\u012fstu ilgamete patirtimi<\/div>\n<div><\/div>\n<div><strong>Pagrindin\u0117s savyb\u0117s:<\/strong><\/div>\n<div><\/div>\n<ul>\n<li>Magnis padeda ma\u017einti nuovarg\u012f ir i\u0161sekim\u0105<\/li>\n<li>Palaiko normal\u0173 raumen\u0173 ir nerv\u0173 sistemos veikim\u0105<\/li>\n<li>Prisideda prie kaul\u0173 ir dant\u0173 sveikatos<\/li>\n<li>Padeda palaikyti psichologin\u012f funkcionavim\u0105<\/li>\n<\/ul>\n","protected":false},"featured_media":43499,"comment_status":"open","ping_status":"closed","template":"","meta":{"inline_featured_image":false},"product_brand":[],"product_cat":[119],"product_tag":[],"class_list":{"0":"post-43497","1":"product","2":"type-product","3":"status-publish","4":"has-post-thumbnail","6":"product_cat-energijai","8":"first","9":"instock","10":"sale","11":"shipping-taxable","12":"purchasable","13":"product-type-simple"},"_links":{"self":[{"href":"https:\/\/loosen.lt\/en\/wp-json\/wp\/v2\/product\/43497","targetHints":{"allow":["GET"]}}],"collection":[{"href":"https:\/\/loosen.lt\/en\/wp-json\/wp\/v2\/product"}],"about":[{"href":"https:\/\/loosen.lt\/en\/wp-json\/wp\/v2\/types\/product"}],"replies":[{"embeddable":true,"href":"https:\/\/loosen.lt\/en\/wp-json\/wp\/v2\/comments?post=43497"}],"wp:featuredmedia":[{"embeddable":true,"href":"https:\/\/loosen.lt\/en\/wp-json\/wp\/v2\/media\/43499"}],"wp:attachment":[{"href":"https:\/\/loosen.lt\/en\/wp-json\/wp\/v2\/media?parent=43497"}],"wp:term":[{"taxonomy":"product_brand","embeddable":true,"href":"https:\/\/loosen.lt\/en\/wp-json\/wp\/v2\/product_brand?post=43497"},{"taxonomy":"product_cat","embeddable":true,"href":"https:\/\/loosen.lt\/en\/wp-json\/wp\/v2\/product_cat?post=43497"},{"taxonomy":"product_tag","embeddable":true,"href":"https:\/\/loosen.lt\/en\/wp-json\/wp\/v2\/product_tag?post=43497"}],"curies":[{"name":"wp","href":"https:\/\/api.w.org\/{rel}","templated":true}]}}