{"id":43502,"date":"2026-04-29T21:41:25","date_gmt":"2026-04-29T21:41:25","guid":{"rendered":"https:\/\/loosen.lt\/?post_type=product&#038;p=43502"},"modified":"2026-04-29T21:41:25","modified_gmt":"2026-04-29T21:41:25","slug":"swanson-pieno-rugsties-bakterijos-probiotikai-4-60-kapsuliu","status":"publish","type":"product","link":"https:\/\/loosen.lt\/en\/product\/swanson-pieno-rugsties-bakterijos-probiotikai-4-60-kapsuliu\/","title":{"rendered":"Swanson PIENO R\u016aG\u0160TIES BAKTERIJOS (PROBIOTIKAI 4) \u2013 60 kapsuli\u0173"},"content":{"rendered":"<p><strong>Sudedamosios dalys:<\/strong> prebiotikas fruktooligosacharidai, taip pat kapsul\u0117s formavimui ir stabilumui naudojami tir\u0161tikliai (gelano derva, hidroksipropilmetilceliulioz\u0117, mikrokristalin\u0117 celiulioz\u0117). Sud\u0117tyje taip pat yra emulsiklis \u2013 riebal\u0173 r\u016bg\u0161\u010di\u0173 magnio druskos ir lipnum\u0105 ma\u017einanti med\u017eiaga \u2013 silicio dioksidas. Pagrindin\u0119 veikli\u0105j\u0105 dal\u012f sudaro pieno r\u016bg\u0161ties bakterij\u0173 mi\u0161inys: Bifidobacterium lactis, Lactobacillus casei, Lactobacillus acidophilus ir Bifidobacterium bifidum.<\/p>\n<table>\n<tbody>\n<tr>\n<td width=\"321\">Maistin\u0117 vert\u0117<\/td>\n<td width=\"321\">1 kapsul\u0117je<\/td>\n<\/tr>\n<tr>\n<td width=\"321\">Bifidobacterium lactis<\/td>\n<td width=\"321\">1,5mlrd<\/td>\n<\/tr>\n<tr>\n<td width=\"321\">Lactobacillus casei<\/td>\n<td width=\"321\">750mln<\/td>\n<\/tr>\n<tr>\n<td width=\"321\">Lactobacillus acidophilus<\/td>\n<td width=\"321\">350mln<\/td>\n<\/tr>\n<tr>\n<td width=\"321\">Bifidobacterium bifidum<\/td>\n<td width=\"321\">350mln<\/td>\n<\/tr>\n<tr>\n<td width=\"321\">Prebiotikai<\/td>\n<td width=\"321\">125mg<\/td>\n<\/tr>\n<\/tbody>\n<\/table>\n<div>* gyvybing\u0173 bakterij\u0173 kolonijas sudarantys vienetai.<\/div>\n<div><\/div>\n<div><strong>Vartojimas:<\/strong> suaugusiesiems \u2013 po 1 kapsul\u0119 per dien\u0105, u\u017egeriant vandeniu<\/div>\n<div><\/div>\n<div><strong>Laikymo s\u0105lygos:<\/strong><\/div>\n<div><\/div>\n<div>Laikyti v\u0117sioje, sausoje vietoje. Laikyti vaikams nepasiekiamoje vietoje.<\/div>\n<div>Gamintojas: Swanson Health Products Inc., JAV.<\/div>\n<div>Grynas kiekis: 60 kapsuli\u0173<\/div>\n<div>Geriausias iki (termino pabaigos): geriausias vartoti iki termino, nurodyto ant pakuot\u0117s \u0161ono, vir\u0161aus arba jos apa\u010dioje.<\/div>\n<div><\/div>\n<div><strong>\u012esp\u0117jimas:<\/strong><\/div>\n<div><\/div>\n<div>Maisto papildas n\u0117ra maisto pakaitalas. Svarbu \u012fvairi ir subalansuota mityba bei sveikas gyvenimo b\u016bdas. Jeigu esate n\u0117\u0161\u010dia, maitinate kr\u016btimi ar vartojate kitus vaistus, prie\u0161 vartojim\u0105 pasitarkite su gydytoju ar vaistininku. Nevir\u0161ykite nustatytos rekomenduojamos doz\u0117s.<\/div>\n","protected":false},"excerpt":{"rendered":"<div>\u201eSwanson\u201c probiotik\u0173 papildas Probiotikai-4, pagamintas JAV, pasi\u017eymi auk\u0161ta kokybe ir patikimu veiksmingumu, paremtais ilgamete gamybos patirtimi<\/div>\n<div><\/div>\n<div><strong>Pagrindin\u0117s savyb\u0117s:<\/strong><\/div>\n<div><\/div>\n<ul>\n<li>Lactobacillus acidophilus: gali pagerinti laktoz\u0117s vir\u0161kinim\u0105<\/li>\n<li>Fruktooligosacharidai (FOS): skatina bifidobakterij\u0173 augim\u0105 \u017earnyne<\/li>\n<\/ul>\n","protected":false},"featured_media":43504,"comment_status":"open","ping_status":"closed","template":"","meta":{"inline_featured_image":false},"product_brand":[],"product_cat":[114],"product_tag":[],"class_list":{"0":"post-43502","1":"product","2":"type-product","3":"status-publish","4":"has-post-thumbnail","6":"product_cat-virskinimui-ir-zarnynui","8":"first","9":"instock","10":"sale","11":"shipping-taxable","12":"purchasable","13":"product-type-simple"},"_links":{"self":[{"href":"https:\/\/loosen.lt\/en\/wp-json\/wp\/v2\/product\/43502","targetHints":{"allow":["GET"]}}],"collection":[{"href":"https:\/\/loosen.lt\/en\/wp-json\/wp\/v2\/product"}],"about":[{"href":"https:\/\/loosen.lt\/en\/wp-json\/wp\/v2\/types\/product"}],"replies":[{"embeddable":true,"href":"https:\/\/loosen.lt\/en\/wp-json\/wp\/v2\/comments?post=43502"}],"wp:featuredmedia":[{"embeddable":true,"href":"https:\/\/loosen.lt\/en\/wp-json\/wp\/v2\/media\/43504"}],"wp:attachment":[{"href":"https:\/\/loosen.lt\/en\/wp-json\/wp\/v2\/media?parent=43502"}],"wp:term":[{"taxonomy":"product_brand","embeddable":true,"href":"https:\/\/loosen.lt\/en\/wp-json\/wp\/v2\/product_brand?post=43502"},{"taxonomy":"product_cat","embeddable":true,"href":"https:\/\/loosen.lt\/en\/wp-json\/wp\/v2\/product_cat?post=43502"},{"taxonomy":"product_tag","embeddable":true,"href":"https:\/\/loosen.lt\/en\/wp-json\/wp\/v2\/product_tag?post=43502"}],"curies":[{"name":"wp","href":"https:\/\/api.w.org\/{rel}","templated":true}]}}