{"id":43507,"date":"2026-04-29T21:37:04","date_gmt":"2026-04-29T21:37:04","guid":{"rendered":"https:\/\/loosen.lt\/?post_type=product&#038;p=43507"},"modified":"2026-04-29T21:37:04","modified_gmt":"2026-04-29T21:37:04","slug":"swanson-selenas-100-mcg-200-kapsuliu","status":"publish","type":"product","link":"https:\/\/loosen.lt\/en\/product\/swanson-selenas-100-mcg-200-kapsuliu\/","title":{"rendered":"Swanson SELENAS 100 MCG \u2013 200 kapsuli\u0173"},"content":{"rendered":"<p><strong>Sudedamosios dalys:<\/strong> ry\u017ei\u0173 miltai, \u017eelatina, L-selenometioninas.<\/p>\n<table>\n<tbody>\n<tr>\n<td width=\"321\">Maistin\u0117 vert\u0117<\/td>\n<td width=\"321\">1 kapsul\u0117je<\/td>\n<\/tr>\n<tr>\n<td width=\"321\">Selenas (L-selenometioninas)<\/td>\n<td width=\"321\">100\u00b5g*<\/td>\n<\/tr>\n<\/tbody>\n<\/table>\n<div>*referencin\u0117 maistin\u0117 vert\u0117 182 proc.<\/div>\n<div><\/div>\n<div><strong>Vartojimas:<\/strong> Rekomenduojama vartoti po 1 kapsul\u0119 vien\u0105 arba du kartus per dien\u0105, u\u017egeriant vandeniu.<\/div>\n<div><\/div>\n<div><strong>Laikymo s\u0105lygos:<\/strong><\/div>\n<div><\/div>\n<div>Laikyti v\u0117sioje, sausoje vietoje. Laikyti vaikams nepasiekiamoje vietoje.<\/div>\n<div>Gamintojas: Swanson Health Products Inc., JAV.<\/div>\n<div>Grynas kiekis: (200 kapsuli\u0173).<\/div>\n<div>Geriausias iki (termino pabaigos): geriausias vartoti iki termino, nurodyto ant pakuot\u0117s \u0161ono, vir\u0161aus arba jos apa\u010dioje.<\/div>\n<div><\/div>\n<div><strong>\u012esp\u0117jimas:<\/strong><\/div>\n<div><\/div>\n<div>Maisto papildas n\u0117ra maisto pakaitalas. Svarbu \u012fvairi ir subalansuota mityba bei sveikas gyvenimo b\u016bdas. Jeigu esate n\u0117\u0161\u010dia, maitinate kr\u016btimi ar vartojate kitus vaistus, prie\u0161 vartojim\u0105 pasitarkite su gydytoju ar vaistininku. Nevir\u0161ykite nustatytos rekomenduojamos doz\u0117s.<\/div>\n<p>&nbsp;<\/p>\n","protected":false},"excerpt":{"rendered":"<div>\u201eSwanson\u201c maisto papildas Selenas yra pagamintas JAV, laikantis auk\u0161t\u0173 kokyb\u0117s reikalavim\u0173. Ilgamet\u0117 gamintojo patirtis u\u017etikrina nuosekliai auk\u0161t\u0105 produkt\u0173 kokyb\u0119, patikimum\u0105 ir veiksmingum\u0105<\/div>\n<div><\/div>\n<div><strong>Pagrindin\u0117s savyb\u0117s:<\/strong><\/div>\n<div><\/div>\n<ul>\n<li>Selenas palaiko spermatogenez\u0119<\/li>\n<li>Selenas palaiko plauk\u0173 b\u016bkl\u0119<\/li>\n<li>Selenas palaiko nag\u0173 b\u016bkl\u0119<\/li>\n<li>Selenas palaiko imunitet\u0105<\/li>\n<li>Selenas palaiko skydliauk\u0117s veikl\u0105<\/li>\n<li>Selenas saugo l\u0105steles nuo oksidacin\u0117s pa\u017eaidos<\/li>\n<\/ul>\n","protected":false},"featured_media":43509,"comment_status":"open","ping_status":"closed","template":"","meta":{"inline_featured_image":false},"product_brand":[],"product_cat":[113],"product_tag":[],"class_list":{"0":"post-43507","1":"product","2":"type-product","3":"status-publish","4":"has-post-thumbnail","6":"product_cat-imunitetui","8":"first","9":"instock","10":"sale","11":"shipping-taxable","12":"purchasable","13":"product-type-simple"},"_links":{"self":[{"href":"https:\/\/loosen.lt\/en\/wp-json\/wp\/v2\/product\/43507","targetHints":{"allow":["GET"]}}],"collection":[{"href":"https:\/\/loosen.lt\/en\/wp-json\/wp\/v2\/product"}],"about":[{"href":"https:\/\/loosen.lt\/en\/wp-json\/wp\/v2\/types\/product"}],"replies":[{"embeddable":true,"href":"https:\/\/loosen.lt\/en\/wp-json\/wp\/v2\/comments?post=43507"}],"wp:featuredmedia":[{"embeddable":true,"href":"https:\/\/loosen.lt\/en\/wp-json\/wp\/v2\/media\/43509"}],"wp:attachment":[{"href":"https:\/\/loosen.lt\/en\/wp-json\/wp\/v2\/media?parent=43507"}],"wp:term":[{"taxonomy":"product_brand","embeddable":true,"href":"https:\/\/loosen.lt\/en\/wp-json\/wp\/v2\/product_brand?post=43507"},{"taxonomy":"product_cat","embeddable":true,"href":"https:\/\/loosen.lt\/en\/wp-json\/wp\/v2\/product_cat?post=43507"},{"taxonomy":"product_tag","embeddable":true,"href":"https:\/\/loosen.lt\/en\/wp-json\/wp\/v2\/product_tag?post=43507"}],"curies":[{"name":"wp","href":"https:\/\/api.w.org\/{rel}","templated":true}]}}