{"id":43522,"date":"2026-04-29T21:30:50","date_gmt":"2026-04-29T21:30:50","guid":{"rendered":"https:\/\/loosen.lt\/?post_type=product&#038;p=43522"},"modified":"2026-04-29T21:31:07","modified_gmt":"2026-04-29T21:31:07","slug":"swanson-l-arginine-100-kapsuliu","status":"publish","type":"product","link":"https:\/\/loosen.lt\/en\/product\/swanson-l-arginine-100-kapsuliu\/","title":{"rendered":"Swanson L-arginine \u2013 100 kapsuli\u0173"},"content":{"rendered":"<p><strong>Sudedamosios dalys:<\/strong> L-argininas, kapsul\u0117s apvalkalas (\u017eelatina), emulsiklis \u2013 riebal\u0173 r\u016bg\u0161\u010di\u0173 magnio druskos.<\/p>\n<table>\n<tbody>\n<tr>\n<td width=\"160\">Maistin\u0117 vert\u0117<\/td>\n<td width=\"160\">1 kapsul\u0117je<\/td>\n<td width=\"160\">2 kapsul\u0117se<\/td>\n<\/tr>\n<tr>\n<td width=\"160\">L-argininas<\/td>\n<td width=\"160\">500mg<\/td>\n<td width=\"160\">1000mg<\/td>\n<\/tr>\n<\/tbody>\n<\/table>\n<p>&nbsp;<\/p>\n<div><strong>Vartojimas:<\/strong> suaugusiems vartoti po 1 kapsul\u0119 1\u20132 kartus per dien\u0105 valgant, u\u017egeriant vandeniu.<\/div>\n<div><\/div>\n<div><strong>Laikymo s\u0105lygos:<\/strong><\/div>\n<div><\/div>\n<div>Laikyti v\u0117sioje, sausoje vietoje. Laikyti vaikams nepasiekiamoje vietoje.<\/div>\n<div>Gamintojas: Swanson Health Products Inc., JAV.<\/div>\n<div>Grynas kiekis: 68 g (100 kapsuli\u0173).<\/div>\n<div>Geriausias iki (termino pabaigos): geriausias vartoti iki termino, nurodyto ant pakuot\u0117s \u0161ono, vir\u0161aus arba jos apa\u010dioje.<\/div>\n<div><\/div>\n<div><strong>\u012esp\u0117jimas:<\/strong><\/div>\n<div><\/div>\n<div>Maisto papildas n\u0117ra maisto pakaitalas. Svarbu \u012fvairi ir subalansuota mityba bei sveikas gyvenimo b\u016bdas. Jeigu esate n\u0117\u0161\u010dia, maitinate kr\u016btimi ar vartojate kitus vaistus, prie\u0161 vartojim\u0105 pasitarkite su gydytoju ar vaistininku. Nevir\u0161ykite nustatytos rekomenduojamos doz\u0117s.<\/div>\n","protected":false},"excerpt":{"rendered":"<div>Swanson L-argininas, 100 kapsuli\u0173 \u2013 maisto papildas su L-argininu<\/div>\n<div><\/div>\n<div><strong>Pagrindin\u0117s savyb\u0117s:<\/strong><\/div>\n<div><\/div>\n<ul>\n<li>Dalyvauja baltym\u0173 sintez\u0117s procesuose<\/li>\n<li>Svarbus azoto oksido gamybai, palaikan\u010diai normali\u0105 kraujotak\u0105<\/li>\n<\/ul>\n","protected":false},"featured_media":43524,"comment_status":"open","ping_status":"closed","template":"","meta":{"inline_featured_image":false},"product_brand":[],"product_cat":[159,118],"product_tag":[],"class_list":{"0":"post-43522","1":"product","2":"type-product","3":"status-publish","4":"has-post-thumbnail","6":"product_cat-akcijos","7":"product_cat-raumenims","9":"first","10":"instock","11":"sale","12":"shipping-taxable","13":"purchasable","14":"product-type-simple"},"_links":{"self":[{"href":"https:\/\/loosen.lt\/en\/wp-json\/wp\/v2\/product\/43522","targetHints":{"allow":["GET"]}}],"collection":[{"href":"https:\/\/loosen.lt\/en\/wp-json\/wp\/v2\/product"}],"about":[{"href":"https:\/\/loosen.lt\/en\/wp-json\/wp\/v2\/types\/product"}],"replies":[{"embeddable":true,"href":"https:\/\/loosen.lt\/en\/wp-json\/wp\/v2\/comments?post=43522"}],"wp:featuredmedia":[{"embeddable":true,"href":"https:\/\/loosen.lt\/en\/wp-json\/wp\/v2\/media\/43524"}],"wp:attachment":[{"href":"https:\/\/loosen.lt\/en\/wp-json\/wp\/v2\/media?parent=43522"}],"wp:term":[{"taxonomy":"product_brand","embeddable":true,"href":"https:\/\/loosen.lt\/en\/wp-json\/wp\/v2\/product_brand?post=43522"},{"taxonomy":"product_cat","embeddable":true,"href":"https:\/\/loosen.lt\/en\/wp-json\/wp\/v2\/product_cat?post=43522"},{"taxonomy":"product_tag","embeddable":true,"href":"https:\/\/loosen.lt\/en\/wp-json\/wp\/v2\/product_tag?post=43522"}],"curies":[{"name":"wp","href":"https:\/\/api.w.org\/{rel}","templated":true}]}}