{"id":43537,"date":"2026-04-29T21:27:57","date_gmt":"2026-04-29T21:27:57","guid":{"rendered":"https:\/\/loosen.lt\/?post_type=product&#038;p=43537"},"modified":"2026-04-29T21:27:57","modified_gmt":"2026-04-29T21:27:57","slug":"nutrend-flexit-gold-drink-400-g-apelsinu-skonio","status":"publish","type":"product","link":"https:\/\/loosen.lt\/en\/product\/nutrend-flexit-gold-drink-400-g-apelsinu-skonio\/","title":{"rendered":"Nutrend Flexit Gold Drink 400 g apelsin\u0173 skonio"},"content":{"rendered":"<div><strong>Sudedamosios dalys:<\/strong> hidrolizuotas kolagenas (\u012fskaitant \u017euv\u0173 kolagen\u0105, 2,5 % \u2013 Noticol\u00ae), maltodekstrinas, gliukozamino sulfato kalio druska i\u0161 v\u0117\u017eiagyvi\u0173, chondroitino sulfatas. R\u016bg\u0161tingum\u0105 reguliuoja citrin\u0173 ir obuoli\u0173 r\u016bg\u0161tys, papildomai \u012fd\u0117ta aromatini\u0173 med\u017eiag\u0173. Sud\u0117tyje taip pat yra MSM (metilsulfonilmetanas), pluo\u0161tin\u0117s bosvelijos ekstraktas (20 % beta-bosvelin\u0117s r\u016bg\u0161ties, 10 % acetyl-keto-beta-bosvelin\u0117s r\u016bg\u0161ties \u2013 Boswellin\u00ae PS), hialurono r\u016bg\u0161ties (natrio druska), vitamino C (L-askorbo r\u016bg\u0161tis), vitamino B6 (piridoksino hidrochloridas) ir vitamino D (cholekalciferolis). Stabilizatoriai \u2013 akacij\u0173 sakai ir ksantano derva, lipnum\u0105 reguliuoja monokalcio fosfatas ir silicio dioksidas. Skonio ir saldumo suteikimui naudojami sukraloz\u0117 ir steviolio glikozidai, o spalvai \u2013 beta karotenas.<\/div>\n<div><\/div>\n<div><strong>Alergen\u0173 informacija:<\/strong> Sud\u0117tyje yra \u017euvies ir v\u0117\u017eiagyvi\u0173. Gali b\u016bti nedideli\u0173 sojos ir pieno baltym\u0173 p\u0117dsak\u0173.<\/div>\n<div><\/div>\n<div>\n<table>\n<tbody>\n<tr>\n<td width=\"214\">Maistin\u0117 vert\u0117<\/td>\n<td width=\"214\">100g<\/td>\n<td width=\"214\">1 porcijoje \u2013 20 g<\/td>\n<\/tr>\n<tr>\n<td width=\"214\">Vitamino C<\/td>\n<td width=\"214\">500 mg (625% RMV*)<\/td>\n<td width=\"214\">100 mg (125% RMV*)<\/td>\n<\/tr>\n<tr>\n<td width=\"214\">Vitamino B6<\/td>\n<td width=\"214\">25 mg (1786% RMV*)<\/td>\n<td width=\"214\">5 mg (357% RMV*)<\/td>\n<\/tr>\n<tr>\n<td width=\"214\">Vitamino D3<\/td>\n<td width=\"214\">37,5 \u00b5g (750% RMV*)<\/td>\n<td width=\"214\">7,5 \u00b5g (150% RMV*)<\/td>\n<\/tr>\n<tr>\n<td width=\"214\">Kolageno baltymai<\/td>\n<td width=\"214\">45000mg<\/td>\n<td width=\"214\">9000mg<\/td>\n<\/tr>\n<tr>\n<td width=\"214\">Chondroitino sulfato<\/td>\n<td width=\"214\">6000mg<\/td>\n<td width=\"214\">1200mg<\/td>\n<\/tr>\n<tr>\n<td width=\"214\">Gliukozamino sulfato<\/td>\n<td width=\"214\">7500mg<\/td>\n<td width=\"214\">1500mg<\/td>\n<\/tr>\n<tr>\n<td width=\"214\">Metilsulfonilmetano (MSM)<\/td>\n<td width=\"214\">1500mg<\/td>\n<td width=\"214\">300mg<\/td>\n<\/tr>\n<tr>\n<td width=\"214\">Pluo\u0161tin\u0117s bosvelios<\/td>\n<td width=\"214\">1000mg<\/td>\n<td width=\"214\">200mg<\/td>\n<\/tr>\n<tr>\n<td width=\"214\">Hialurono r\u016bg\u0161ties (natrio druska)<\/td>\n<td width=\"214\">100mg<\/td>\n<td width=\"214\">20mg<\/td>\n<\/tr>\n<tr>\n<td width=\"214\">* RMV% \u2013 referencin\u0117 maistin\u0117 vert\u0117<\/td>\n<td width=\"214\">&nbsp;<\/td>\n<td width=\"214\">&nbsp;<\/td>\n<\/tr>\n<\/tbody>\n<\/table>\n<\/div>\n<p>&nbsp;<\/p>\n<div><strong>Vartojimas:<\/strong> I\u0161mai\u0161ykite 20 g produkto (apie 3\/4 kau\u0161elio) 250\u2013300 ml vandens. Gerkite ryte, ant tu\u0161\u010dio skrand\u017eio, ir papildomai pasir\u016bpinkite pakankamu skys\u010di\u0173 vartojimu.<\/div>\n<div><\/div>\n<div><strong>Laikymo s\u0105lygos:<\/strong><\/div>\n<div><\/div>\n<div>Laikyti v\u0117sioje, sausoje vietoje. Laikyti vaikams nepasiekiamoje vietoje.<\/div>\n<div>Gamintojas: NUTREND D.S., a.s., Chv\u00e1lkovice 604, 779 00 Olomouc, \u010cekijos Respublika.<\/div>\n<div>Grynas kiekis: 400g.<\/div>\n<div>Geriausias iki (termino pabaigos): geriausias vartoti iki termino, nurodyto ant pakuot\u0117s \u0161ono, vir\u0161aus arba jos apa\u010dioje.<\/div>\n<div><\/div>\n<div><strong>\u012esp\u0117jimas:<\/strong><\/div>\n<div><\/div>\n<div>Maisto papildas n\u0117ra maisto pakaitalas. Svarbu \u012fvairi ir subalansuota mityba bei sveikas gyvenimo b\u016bdas. Jeigu esate n\u0117\u0161\u010dia, maitinate kr\u016btimi ar vartojate kitus vaistus, prie\u0161 vartojim\u0105 pasitarkite su gydytoju ar vaistininku. Nevir\u0161ykite nustatytos rekomenduojamos doz\u0117s.<\/div>\n","protected":false},"excerpt":{"rendered":"<div>NUTREND FLEXIT GOLD DRINK 400 g \u2013 maisto papildas, turintis net 8 kartus daugiau chondroitino ir 5 kartus daugiau glukozamino nei \u012fprastasis NUTREND FLEXIT<\/div>\n<div><\/div>\n<div><strong>Pagrindin\u0117s savyb\u0117s:<\/strong><\/div>\n<div><\/div>\n<ul>\n<li><strong>Vitaminas C:<\/strong> Prisideda prie normalaus kolageno susidarymo, kuris palaiko od\u0105, kremzles, kaulus, dantis ir kraujagysli\u0173 funkcij\u0105; prisideda prie normalaus imuniteto palaikymo ir apsaugos nuo oksidacinio streso<\/li>\n<li><strong>Vitaminas B6:<\/strong> Palaiko normali\u0105 baltym\u0173 ir glikogeno apykait\u0105, nerv\u0173 sistemos funkcij\u0105 ir hormono veikl\u0105<\/li>\n<li><strong>Vitaminas D3:<\/strong> Prisideda prie normalaus kalcio ir fosforo pasisavinimo, palaiko kaul\u0173 ir raumen\u0173 funkcij\u0105, imunitet\u0105 ir normali\u0105 dant\u0173 b\u016bkl\u0119<\/li>\n<li><strong>Kolagenas:<\/strong> palaiko odos b\u016bkl\u0119<\/li>\n<\/ul>\n","protected":false},"featured_media":43539,"comment_status":"open","ping_status":"closed","template":"","meta":{"inline_featured_image":false},"product_brand":[],"product_cat":[159,116],"product_tag":[],"class_list":{"0":"post-43537","1":"product","2":"type-product","3":"status-publish","4":"has-post-thumbnail","6":"product_cat-akcijos","7":"product_cat-kaulams-ir-sanariams","9":"first","10":"outofstock","11":"sale","12":"shipping-taxable","13":"purchasable","14":"product-type-simple"},"_links":{"self":[{"href":"https:\/\/loosen.lt\/en\/wp-json\/wp\/v2\/product\/43537","targetHints":{"allow":["GET"]}}],"collection":[{"href":"https:\/\/loosen.lt\/en\/wp-json\/wp\/v2\/product"}],"about":[{"href":"https:\/\/loosen.lt\/en\/wp-json\/wp\/v2\/types\/product"}],"replies":[{"embeddable":true,"href":"https:\/\/loosen.lt\/en\/wp-json\/wp\/v2\/comments?post=43537"}],"wp:featuredmedia":[{"embeddable":true,"href":"https:\/\/loosen.lt\/en\/wp-json\/wp\/v2\/media\/43539"}],"wp:attachment":[{"href":"https:\/\/loosen.lt\/en\/wp-json\/wp\/v2\/media?parent=43537"}],"wp:term":[{"taxonomy":"product_brand","embeddable":true,"href":"https:\/\/loosen.lt\/en\/wp-json\/wp\/v2\/product_brand?post=43537"},{"taxonomy":"product_cat","embeddable":true,"href":"https:\/\/loosen.lt\/en\/wp-json\/wp\/v2\/product_cat?post=43537"},{"taxonomy":"product_tag","embeddable":true,"href":"https:\/\/loosen.lt\/en\/wp-json\/wp\/v2\/product_tag?post=43537"}],"curies":[{"name":"wp","href":"https:\/\/api.w.org\/{rel}","templated":true}]}}