{"id":43547,"date":"2026-04-29T21:23:42","date_gmt":"2026-04-29T21:23:42","guid":{"rendered":"https:\/\/loosen.lt\/?post_type=product&#038;p=43547"},"modified":"2026-04-29T21:23:42","modified_gmt":"2026-04-29T21:23:42","slug":"biotech-mega-burner-90-kapsuliu","status":"publish","type":"product","link":"https:\/\/loosen.lt\/en\/product\/biotech-mega-burner-90-kapsuliu\/","title":{"rendered":"BioTech Mega Burner \u2013 90 kapsuli\u0173"},"content":{"rendered":"<div><strong>Sudedamosios dalys:<\/strong> L-karnitino L-tartratas (42%), CLA milteliai (16%) su gliceridais, kukur\u016bz\u0173 sirupo kietosiomis med\u017eiagomis ir natrio kazeinatu, Briaunotosios garcinijos vaisi\u0173 ekstraktas (16%), kapsul\u0117s apvalkalas i\u0161 \u017eelatinos su glaz\u016bravimo med\u017eiaga, da\u017eikliais ir r\u016bg\u0161tingum\u0105 reguliuojan\u010diomis med\u017eiagomis, riebal\u0173 r\u016bg\u0161\u010di\u0173 magnio druskos bei silicio dioksidas, gele\u017eies fumaratas, acetil-L-karnitinas (1,2%), kajeno ir juod\u0173j\u0173 pipir\u0173 vaisi\u0173 ekstraktai, cinko oksidas, vitaminai ir mineralai: D-pantotenatas, kalcis, niacinas, vitaminai B6, B12, folio r\u016bg\u0161tis, chromo (III) chloridas ir kalio jodidas.<\/div>\n<div><\/div>\n<div><strong>Alergenai:<\/strong> gali tur\u0117ti p\u0117dsak\u0173 pieno (\u012fskaitant laktoz\u0119), soj\u0173, \u017eem\u0117s rie\u0161ut\u0173, kit\u0173 rie\u0161ut\u0173, sezamo s\u0117kl\u0173, glitimo turin\u010di\u0173 gr\u016bd\u0173, kiau\u0161ini\u0173, v\u0117\u017eiagyvi\u0173 ir \u017euvies.<\/div>\n<div><\/div>\n<div>\n<table>\n<tbody>\n<tr>\n<td width=\"321\">Maistin\u0117 vert\u0117<\/td>\n<td width=\"321\">3 kapsul\u0117se<\/td>\n<\/tr>\n<tr>\n<td width=\"321\">L-karnitinas<\/td>\n<td width=\"321\">715mg<\/td>\n<\/tr>\n<tr>\n<td width=\"321\">Briaunotosios garcinijos vaisi\u0173 ekstraktas<\/td>\n<td width=\"321\">375mg<\/td>\n<\/tr>\n<tr>\n<td width=\"321\">i\u0161 kurio HCA<\/td>\n<td width=\"321\">225mg<\/td>\n<\/tr>\n<tr>\n<td width=\"321\">CLA (konjuguota linolo r\u016bg\u0161tis)<\/td>\n<td width=\"321\">235mg<\/td>\n<\/tr>\n<tr>\n<td width=\"321\">Chromas<\/td>\n<td width=\"321\">34\u00b5g (84%*)<\/td>\n<\/tr>\n<tr>\n<td width=\"321\">Jodas<\/td>\n<td width=\"321\">94\u00b5g (63%*)<\/td>\n<\/tr>\n<tr>\n<td width=\"321\">Gele\u017eis<\/td>\n<td width=\"321\">17 mg (125%*)<\/td>\n<\/tr>\n<tr>\n<td width=\"321\">Cinkas<\/td>\n<td width=\"321\">7mg (75%*)<\/td>\n<\/tr>\n<tr>\n<td width=\"321\">Pantoteno r\u016bg\u0161tis<\/td>\n<td width=\"321\">7mg (115%*)<\/td>\n<\/tr>\n<tr>\n<td width=\"321\">Niacinas<\/td>\n<td width=\"321\">6mg (35%*)<\/td>\n<\/tr>\n<tr>\n<td width=\"321\">Vitaminas B6<\/td>\n<td width=\"321\">1,4mg (99%*)<\/td>\n<\/tr>\n<tr>\n<td width=\"321\">Folio r\u016bg\u0161tis<\/td>\n<td width=\"321\">244\u00b5g (122%*)<\/td>\n<\/tr>\n<tr>\n<td width=\"321\">Vitaminas B12<\/td>\n<td width=\"321\">2,8\u00b5g (114%*)<\/td>\n<\/tr>\n<tr>\n<td width=\"321\">Kajeno pipir\u0173 vaisi\u0173 ekstraktas<\/td>\n<td width=\"321\">30mg<\/td>\n<\/tr>\n<tr>\n<td width=\"321\">Juodieji pipir\u0173 vaisi\u0173 milteliai<\/td>\n<td width=\"321\">30mg<\/td>\n<\/tr>\n<tr>\n<td width=\"321\">*referencin\u0117 maistin\u0117 vert\u0117<\/td>\n<td width=\"321\">&nbsp;<\/td>\n<\/tr>\n<\/tbody>\n<\/table>\n<p>&nbsp;<\/p>\n<\/div>\n<div><strong>Vartojimas:<\/strong> Gerkite po 3 kapsules kart\u0105 per dien\u0105, 30 minu\u010di\u0173 prie\u0161 pagrindin\u012f valg\u012f, u\u017egerdami stikline vandens.<\/div>\n<div><\/div>\n<div><strong>Laikymo s\u0105lygos:<\/strong><\/div>\n<div><\/div>\n<div>Laikyti v\u0117sioje, sausoje vietoje. Laikyti vaikams nepasiekiamoje vietoje.<\/div>\n<div>Gamintojas: BioTech USA Kft. 1033 Budapest, Huszti ut 60., Vengrija.<\/div>\n<div>Grynas kiekis:\u00a0 72 g (90 kapsuli\u0173).<\/div>\n<div>Geriausias iki (termino pabaigos): geriausias vartoti iki termino, nurodyto ant pakuot\u0117s \u0161ono, vir\u0161aus arba jos apa\u010dioje.<\/div>\n<div>Partija: \u017er. ant pakuot\u0117s.<\/div>\n<div><\/div>\n<div><strong>\u012esp\u0117jimas:<\/strong><\/div>\n<div><\/div>\n<div>Maisto papildas n\u0117ra maisto pakaitalas. Svarbu \u012fvairi ir subalansuota mityba bei sveikas gyvenimo b\u016bdas. Jeigu esate n\u0117\u0161\u010dia, maitinate kr\u016btimi ar vartojate kitus vaistus, prie\u0161 vartojim\u0105 pasitarkite su gydytoju ar vaistininku. Nevir\u0161ykite nustatytos rekomenduojamos doz\u0117s.<\/div>\n","protected":false},"excerpt":{"rendered":"<div>BioTech Mega Burner \u2013 tai be kofeino maisto papildas su L-karnitinu, CLA, garcinija, kajenu, juod\u0173j\u0173 pipir\u0173 ekstraktais, vitaminais ir mineralais<\/div>\n<div><\/div>\n<div><strong>Pagrindin\u0117s savyb\u0117s:<\/strong><\/div>\n<p>&nbsp;<\/p>\n<ul>\n<li><strong>L-karnitinas:<\/strong> Palaiko normali\u0105 energijos apykait\u0105, ma\u017eina nuovarg\u012f<\/li>\n<li><strong>CLA:<\/strong> Padeda palaikyti normal\u0173 riebal\u0173 metabolizm\u0105<\/li>\n<li><strong>Garcinijos ekstraktas (HCA):<\/strong> Padeda reguliuoti riebal\u0173 kaupim\u0105si<\/li>\n<li><strong>Chromas:<\/strong> Palaiko normali\u0105 gliukoz\u0117s koncentracij\u0105 kraujyje<\/li>\n<li><strong>Jodas:<\/strong> Palaiko skydliauk\u0117s funkcij\u0105 ir energijos apykait\u0105<\/li>\n<li><strong>Gele\u017eis:<\/strong> Ma\u017eina pavargimo jausm\u0105, palaiko deguonies transport\u0105<\/li>\n<li><strong>Vitaminai B6, B12, Niacinas, Pantoteno r\u016bg\u0161tis, Folio r\u016bg\u0161tis:<\/strong> Palaiko energijos apykait\u0105, ma\u017eina nuovarg\u012f<\/li>\n<li><strong>Kajeno pipir\u0173 ekstraktas:<\/strong> Palaiko med\u017eiag\u0173 apykait\u0105 ir termogenez\u0119<\/li>\n<li><strong>Juodieji pipirai:<\/strong> Palaiko med\u017eiag\u0173 \u012fsisavinim\u0105<\/li>\n<\/ul>\n","protected":false},"featured_media":43549,"comment_status":"open","ping_status":"closed","template":"","meta":{"inline_featured_image":false},"product_brand":[],"product_cat":[159,120],"product_tag":[],"class_list":{"0":"post-43547","1":"product","2":"type-product","3":"status-publish","4":"has-post-thumbnail","6":"product_cat-akcijos","7":"product_cat-svorio-kontrolei","9":"first","10":"instock","11":"sale","12":"shipping-taxable","13":"purchasable","14":"product-type-simple"},"_links":{"self":[{"href":"https:\/\/loosen.lt\/en\/wp-json\/wp\/v2\/product\/43547","targetHints":{"allow":["GET"]}}],"collection":[{"href":"https:\/\/loosen.lt\/en\/wp-json\/wp\/v2\/product"}],"about":[{"href":"https:\/\/loosen.lt\/en\/wp-json\/wp\/v2\/types\/product"}],"replies":[{"embeddable":true,"href":"https:\/\/loosen.lt\/en\/wp-json\/wp\/v2\/comments?post=43547"}],"wp:featuredmedia":[{"embeddable":true,"href":"https:\/\/loosen.lt\/en\/wp-json\/wp\/v2\/media\/43549"}],"wp:attachment":[{"href":"https:\/\/loosen.lt\/en\/wp-json\/wp\/v2\/media?parent=43547"}],"wp:term":[{"taxonomy":"product_brand","embeddable":true,"href":"https:\/\/loosen.lt\/en\/wp-json\/wp\/v2\/product_brand?post=43547"},{"taxonomy":"product_cat","embeddable":true,"href":"https:\/\/loosen.lt\/en\/wp-json\/wp\/v2\/product_cat?post=43547"},{"taxonomy":"product_tag","embeddable":true,"href":"https:\/\/loosen.lt\/en\/wp-json\/wp\/v2\/product_tag?post=43547"}],"curies":[{"name":"wp","href":"https:\/\/api.w.org\/{rel}","templated":true}]}}