{"id":43557,"date":"2026-04-29T21:21:58","date_gmt":"2026-04-29T21:21:58","guid":{"rendered":"https:\/\/loosen.lt\/?post_type=product&#038;p=43557"},"modified":"2026-04-29T21:21:58","modified_gmt":"2026-04-29T21:21:58","slug":"biotech-multi-mineral-complex-100-tableciu","status":"publish","type":"product","link":"https:\/\/loosen.lt\/en\/product\/biotech-multi-mineral-complex-100-tableciu\/","title":{"rendered":"BioTech Multi Mineral Complex -100 table\u010di\u0173"},"content":{"rendered":"<div><strong>Sudedamosios dalys:<\/strong> u\u017epildas (celiulioz\u0117s gelis), kalcio karbonatas, kalcio druskos su ortofosforo r\u016bg\u0161timi, magnio oksidas, tablet\u0117s danga (polivinilo alkoholio ir polietilenglikolio kopolimeras, polivinilo alkoholis), lipnum\u0105 reguliuojan\u010dios med\u017eiagos (talkas, riebal\u0173 r\u016bg\u0161\u010di\u0173 mono- ir digliceridai, magnio druskos, silicio dioksidas), gele\u017eies fumaratas, cinko oksidas, mangano sulfatas, vario sulfatas, natrio molibdatas, natrio selenitas, kalio jodidas, chromo (III) chloridas.<\/div>\n<div><\/div>\n<div><strong>Alergenai:<\/strong> gali tur\u0117ti p\u0117dsak\u0173 pieno (\u012fskaitant laktoz\u0119), soj\u0173, \u017eem\u0117s rie\u0161ut\u0173, kit\u0173 rie\u0161ut\u0173, sezamo s\u0117kl\u0173, glitimo turin\u010di\u0173 gr\u016bd\u0173, kiau\u0161ini\u0173, v\u0117\u017eiagyvi\u0173 ir \u017euvies.<\/div>\n<div><\/div>\n<div>\n<table>\n<tbody>\n<tr>\n<td width=\"321\">Maistin\u0117 vert\u0117<\/td>\n<td width=\"321\">&nbsp;<\/td>\n<\/tr>\n<tr>\n<td width=\"321\">Kalcis<\/td>\n<td width=\"321\">1000mg (125%*)<\/td>\n<\/tr>\n<tr>\n<td width=\"321\">Fosforas<\/td>\n<td width=\"321\">150mg (21%*)<\/td>\n<\/tr>\n<tr>\n<td width=\"321\">Magnis<\/td>\n<td width=\"321\">350mg (93%*)<\/td>\n<\/tr>\n<tr>\n<td width=\"321\">Gele\u017eis<\/td>\n<td width=\"321\">17mg (121%*)<\/td>\n<\/tr>\n<tr>\n<td width=\"321\">Cinkas<\/td>\n<td width=\"321\">15mg (150%*)<\/td>\n<\/tr>\n<tr>\n<td width=\"321\">Manganas<\/td>\n<td width=\"321\">4,5mg (225%*)<\/td>\n<\/tr>\n<tr>\n<td width=\"321\">Varis<\/td>\n<td width=\"321\">2mg (200%*)<\/td>\n<\/tr>\n<tr>\n<td width=\"321\">Selenas<\/td>\n<td width=\"321\">26\u03bcg (47%*)<\/td>\n<\/tr>\n<tr>\n<td width=\"321\">Chromas<\/td>\n<td width=\"321\">25\u03bcg (63%*)<\/td>\n<\/tr>\n<tr>\n<td width=\"321\">Molibdenas<\/td>\n<td width=\"321\">25\u03bcg (50%*)<\/td>\n<\/tr>\n<tr>\n<td width=\"321\">Jodas<\/td>\n<td width=\"321\">150\u03bcg (100%*)<\/td>\n<\/tr>\n<tr>\n<td width=\"321\">*referencin\u0117 maistin\u0117 vert\u0117<\/td>\n<td width=\"321\">&nbsp;<\/td>\n<\/tr>\n<\/tbody>\n<\/table>\n<\/div>\n<div><\/div>\n<div><\/div>\n<div><strong>Vartojimas:<\/strong> rekomenduojama gerti po vien\u0105 tablet\u0119 tris kartus per dien\u0105, u\u017egeriant stikline vandens.<\/div>\n<div><\/div>\n<div><strong>Laikymo s\u0105lygos:<\/strong><\/div>\n<div><\/div>\n<div>Laikyti v\u0117sioje, sausoje vietoje. Laikyti vaikams nepasiekiamoje vietoje.<\/div>\n<div>Gamintojas: BioTech USA Kft. 1033 Budapest, Huszti ut 60., Vengrija.<\/div>\n<div>Grynas kiekis:\u00a0 100 table\u010di\u0173 (33 porcijos)<\/div>\n<div>Geriausias iki (termino pabaigos): geriausias vartoti iki termino, nurodyto ant pakuot\u0117s \u0161ono, vir\u0161aus arba jos apa\u010dioje.<\/div>\n<div>Partija: \u017er. ant pakuot\u0117s.<\/div>\n<div><\/div>\n<div><strong>\u012esp\u0117jimas:<\/strong><\/div>\n<div><\/div>\n<div>Maisto papildas n\u0117ra maisto pakaitalas. Svarbu \u012fvairi ir subalansuota mityba bei sveikas gyvenimo b\u016bdas. Jeigu esate n\u0117\u0161\u010dia, maitinate kr\u016btimi ar vartojate kitus vaistus, prie\u0161 vartojim\u0105 pasitarkite su gydytoju ar vaistininku. Nevir\u0161ykite nustatytos rekomenduojamos doz\u0117s.<\/div>\n","protected":false},"excerpt":{"rendered":"<div>BioTech Multi Mineral Complex \u2013 tai mineral\u0173 kompleksas tablet\u0117mis, kuriame yra esmini\u0173 mineral\u0173, toki\u0173 kaip kalcis, magnis, fosforas, gele\u017eis, cinkas ir kt.<\/div>\n<div><\/div>\n<div><strong>Pagrindin\u0117s savyb\u0117s:<\/strong><\/div>\n<div><\/div>\n<div><strong>Kalcis<\/strong><\/div>\n<ul>\n<li>Palaiko kaulus ir dantis, normal\u0173 raumen\u0173 funkcij\u0105, kraujo kre\u0161\u0117jim\u0105<\/li>\n<\/ul>\n<div><strong>Magnis<\/strong><\/div>\n<ul>\n<li>Dalyvauja energijos gamyboje, raumen\u0173 ir nerv\u0173 funkcijoje, kaul\u0173 mineralizacijoje, elektrolit\u0173 pusiausvyroje<\/li>\n<\/ul>\n<div><strong>Fosforas<\/strong><\/div>\n<ul>\n<li>Svarbus kaulams, dantims, energijos panaudojimui, l\u0105steli\u0173 strukt\u016brai<\/li>\n<\/ul>\n<div><strong>Gele\u017eis<\/strong><\/div>\n<ul>\n<li>Reikalinga hemoglobino gamybai, deguonies transportui, ma\u017eina nuovarg\u012f<\/li>\n<\/ul>\n<div><strong>Cinkas<\/strong><\/div>\n<ul>\n<li>Palaiko imunin\u0119 sistem\u0105, baltym\u0173 sintez\u0119, l\u0105steli\u0173 dalijim\u0105si, skonio suvokim\u0105<\/li>\n<\/ul>\n<div><strong>Manganas<\/strong><\/div>\n<ul>\n<li>Dalyvauja angliavandeni\u0173, riebal\u0173, baltym\u0173 apykaitoje, kaul\u0173 formavime, antioksidacin\u0117je apsaugoje<\/li>\n<\/ul>\n<div><strong>Varis<\/strong><\/div>\n<ul>\n<li>Dalyvauja gele\u017eies apykaitoje, kolageno gamyboje, nerv\u0173 sistemos funkcijoje<\/li>\n<\/ul>\n<div><strong>Jodas<\/strong><\/div>\n<ul>\n<li>Reikalingas skydliauk\u0117s hormon\u0173 sintezei, normaliam metabolizmui<\/li>\n<\/ul>\n<div><strong>Chromas<\/strong><\/div>\n<ul>\n<li>Palaiko normali\u0105 gliukoz\u0117s apykait\u0105 ir makroelement\u0173 metabolizm\u0105<\/li>\n<\/ul>\n<div><strong>Selenas<\/strong><\/div>\n<ul>\n<li>Dalyvauja antioksidacin\u0117je apsaugoje, palaiko skydliauk\u0117s funkcij\u0105<\/li>\n<\/ul>\n<div><strong>Molibdenas<\/strong><\/div>\n<ul>\n<li>Reikalingas ferment\u0173 funkcijai, dalyvauja chemin\u0117se apykaitos reakcijose<\/li>\n<\/ul>\n","protected":false},"featured_media":43559,"comment_status":"open","ping_status":"closed","template":"","meta":{"inline_featured_image":false},"product_brand":[],"product_cat":[124],"product_tag":[],"class_list":{"0":"post-43557","1":"product","2":"type-product","3":"status-publish","4":"has-post-thumbnail","6":"product_cat-bendrai-sveikatai","8":"first","9":"instock","10":"sale","11":"shipping-taxable","12":"purchasable","13":"product-type-simple"},"_links":{"self":[{"href":"https:\/\/loosen.lt\/en\/wp-json\/wp\/v2\/product\/43557","targetHints":{"allow":["GET"]}}],"collection":[{"href":"https:\/\/loosen.lt\/en\/wp-json\/wp\/v2\/product"}],"about":[{"href":"https:\/\/loosen.lt\/en\/wp-json\/wp\/v2\/types\/product"}],"replies":[{"embeddable":true,"href":"https:\/\/loosen.lt\/en\/wp-json\/wp\/v2\/comments?post=43557"}],"wp:featuredmedia":[{"embeddable":true,"href":"https:\/\/loosen.lt\/en\/wp-json\/wp\/v2\/media\/43559"}],"wp:attachment":[{"href":"https:\/\/loosen.lt\/en\/wp-json\/wp\/v2\/media?parent=43557"}],"wp:term":[{"taxonomy":"product_brand","embeddable":true,"href":"https:\/\/loosen.lt\/en\/wp-json\/wp\/v2\/product_brand?post=43557"},{"taxonomy":"product_cat","embeddable":true,"href":"https:\/\/loosen.lt\/en\/wp-json\/wp\/v2\/product_cat?post=43557"},{"taxonomy":"product_tag","embeddable":true,"href":"https:\/\/loosen.lt\/en\/wp-json\/wp\/v2\/product_tag?post=43557"}],"curies":[{"name":"wp","href":"https:\/\/api.w.org\/{rel}","templated":true}]}}