{"id":43567,"date":"2026-04-29T21:20:00","date_gmt":"2026-04-29T21:20:00","guid":{"rendered":"https:\/\/loosen.lt\/?post_type=product&#038;p=43567"},"modified":"2026-04-29T21:20:00","modified_gmt":"2026-04-29T21:20:00","slug":"biotech-l-arginine-90-tableciu","status":"publish","type":"product","link":"https:\/\/loosen.lt\/en\/product\/biotech-l-arginine-90-tableciu\/","title":{"rendered":"BioTech L-Arginine \u2013 90 table\u010di\u0173"},"content":{"rendered":"<p><strong>Sudedamosios dalys:<\/strong> L-arginino hidrochloridas (85 %), kapsul\u0117s apvalkalas (\u017eelatina, glaz\u016bravimo med\u017eiaga \u2013 \u0161elakas, da\u017eiklis \u2013 gele\u017eies oksidai ir hidroksidai, r\u016bg\u0161tingum\u0105 reguliuojan\u010dios med\u017eiagos \u2013 amonio ir kalio hidroksidai), lipnum\u0105 reguliuojan\u010dios med\u017eiagos (riebal\u0173 r\u016bg\u0161\u010di\u0173 magnio druskos, silicio dioksidas).<\/p>\n<table>\n<tbody>\n<tr>\n<td width=\"321\">Maistin\u0117 vert\u0117<\/td>\n<td width=\"321\">1 kapsul\u0117je<\/td>\n<\/tr>\n<tr>\n<td width=\"321\">L-arginino hidrochloridas<\/td>\n<td width=\"321\">1000mg<\/td>\n<\/tr>\n<tr>\n<td width=\"321\">i\u0161 kurio L-argininas<\/td>\n<td width=\"321\">825mg<\/td>\n<\/tr>\n<\/tbody>\n<\/table>\n<p>&nbsp;<\/p>\n<div><strong>Vartojimas:<\/strong> Vartokite po vien\u0105 kapsul\u0119 per dien\u0105, u\u017esigeriant vandeniu. Treniruo\u010di\u0173 dienomis \u2013 prie\u0161 treniruot\u0119, poilsio \u2013 prie\u0161 mieg\u0105. Nevir\u0161ykite doz\u0117s.<\/div>\n<div><\/div>\n<div><strong>Laikymo s\u0105lygos:<\/strong><\/div>\n<div><\/div>\n<div>Laikyti v\u0117sioje, sausoje vietoje. Laikyti vaikams nepasiekiamoje vietoje.<\/div>\n<div>Gamintojas: BioTech USA Kft. 1033 Budapest, Huszti ut 60., Vengrija.<\/div>\n<div>Grynas kiekis: 90 kapsuli\u0173 (90 porcij\u0173)<\/div>\n<div>Geriausias iki (termino pabaigos): geriausias vartoti iki termino, nurodyto ant pakuot\u0117s \u0161ono, vir\u0161aus arba jos apa\u010dioje.<\/div>\n<div>Partija: \u017er. ant pakuot\u0117s.<\/div>\n<div><\/div>\n<div><strong>\u012esp\u0117jimas:<\/strong><\/div>\n<div><\/div>\n<div>Maisto papildas n\u0117ra maisto pakaitalas. Svarbu \u012fvairi ir subalansuota mityba bei sveikas gyvenimo b\u016bdas. Jeigu esate n\u0117\u0161\u010dia, maitinate kr\u016btimi ar vartojate kitus vaistus, prie\u0161 vartojim\u0105 pasitarkite su gydytoju ar vaistininku. Nevir\u0161ykite nustatytos rekomenduojamos doz\u0117s.<\/div>\n","protected":false},"excerpt":{"rendered":"<div>BioTech L-Arginine \u2013 tai kapsul\u0117mis vartojamas maisto papildas su L-arginino hidrochloridu, skirtas papildyti mityb\u0105 aminor\u016bg\u0161timi, reikalinga baltym\u0173 sintezei organizme<\/div>\n<div><\/div>\n<div><strong>Pagrindin\u0117s savyb\u0117s:<\/strong><\/div>\n<p>&nbsp;<\/p>\n<ul>\n<li>Dalyvauja baltym\u0173 sintez\u0117s procesuose<\/li>\n<li>Svarbus azoto oksido gamybai, palaikan\u010diai normali\u0105 kraujotak\u0105<\/li>\n<\/ul>\n","protected":false},"featured_media":43569,"comment_status":"open","ping_status":"closed","template":"","meta":{"inline_featured_image":false},"product_brand":[],"product_cat":[159,118],"product_tag":[],"class_list":{"0":"post-43567","1":"product","2":"type-product","3":"status-publish","4":"has-post-thumbnail","6":"product_cat-akcijos","7":"product_cat-raumenims","9":"first","10":"instock","11":"sale","12":"shipping-taxable","13":"purchasable","14":"product-type-simple"},"_links":{"self":[{"href":"https:\/\/loosen.lt\/en\/wp-json\/wp\/v2\/product\/43567","targetHints":{"allow":["GET"]}}],"collection":[{"href":"https:\/\/loosen.lt\/en\/wp-json\/wp\/v2\/product"}],"about":[{"href":"https:\/\/loosen.lt\/en\/wp-json\/wp\/v2\/types\/product"}],"replies":[{"embeddable":true,"href":"https:\/\/loosen.lt\/en\/wp-json\/wp\/v2\/comments?post=43567"}],"wp:featuredmedia":[{"embeddable":true,"href":"https:\/\/loosen.lt\/en\/wp-json\/wp\/v2\/media\/43569"}],"wp:attachment":[{"href":"https:\/\/loosen.lt\/en\/wp-json\/wp\/v2\/media?parent=43567"}],"wp:term":[{"taxonomy":"product_brand","embeddable":true,"href":"https:\/\/loosen.lt\/en\/wp-json\/wp\/v2\/product_brand?post=43567"},{"taxonomy":"product_cat","embeddable":true,"href":"https:\/\/loosen.lt\/en\/wp-json\/wp\/v2\/product_cat?post=43567"},{"taxonomy":"product_tag","embeddable":true,"href":"https:\/\/loosen.lt\/en\/wp-json\/wp\/v2\/product_tag?post=43567"}],"curies":[{"name":"wp","href":"https:\/\/api.w.org\/{rel}","templated":true}]}}