{"id":43577,"date":"2026-04-29T21:18:07","date_gmt":"2026-04-29T21:18:07","guid":{"rendered":"https:\/\/loosen.lt\/?post_type=product&#038;p=43577"},"modified":"2026-04-29T21:18:07","modified_gmt":"2026-04-29T21:18:07","slug":"activlab-melisa","status":"publish","type":"product","link":"https:\/\/loosen.lt\/en\/product\/activlab-melisa\/","title":{"rendered":"ActivLab Melisa"},"content":{"rendered":"<div><strong>Sudedamosios dalys:<\/strong> sorbitoliai (u\u017epildas), vaistin\u0117s melisos (Melissa officinalis) ekstraktas, riebal\u0173 r\u016bg\u0161\u010di\u0173 magnio druskos (lipnumui reguliuoti), silicio dioksidas.<\/div>\n<div><\/div>\n<div><strong>Alergenai:<\/strong> gali tur\u0117ti p\u0117dsak\u0173 pieno (\u012fskaitant laktoz\u0119), soj\u0173, \u017eem\u0117s rie\u0161ut\u0173, kit\u0173 rie\u0161ut\u0173, sezamo s\u0117kl\u0173, glitimo turin\u010di\u0173 gr\u016bd\u0173, kiau\u0161ini\u0173, v\u0117\u017eiagyvi\u0173 ir \u017euvies.<\/div>\n<div><\/div>\n<div>\n<table>\n<tbody>\n<tr>\n<td width=\"214\">Maistin\u0117 vert\u0117<\/td>\n<td width=\"214\">1 tablet\u0117je<\/td>\n<td width=\"214\">2 tablet\u0117se<\/td>\n<\/tr>\n<tr>\n<td width=\"214\">Melisos \u017eoleli\u0173 ekstraktas<\/td>\n<td width=\"214\">150mg<\/td>\n<td width=\"214\">300mg<\/td>\n<\/tr>\n<tr>\n<td width=\"214\">kuris atitinka d\u017eiovintos melisos<\/td>\n<td width=\"214\">1500mg<\/td>\n<td width=\"214\">3000mg<\/td>\n<\/tr>\n<\/tbody>\n<\/table>\n<\/div>\n<p>&nbsp;<\/p>\n<div><strong>Vartojimas:<\/strong> po 1 tablet\u0119 2 kartus per dien\u0105.<\/div>\n<div><\/div>\n<div><strong>Laikymo s\u0105lygos:<\/strong><\/div>\n<div><\/div>\n<div>Laikyti v\u0117sioje, sausoje vietoje. Laikyti vaikams nepasiekiamoje vietoje.<\/div>\n<div>Gamintojas: Fitness Trading, Robert Szulborski, ul. Sitarska 16, 18-300 Zambr\u00f3w, Lenkija.<\/div>\n<div>Grynas kiekis:\u00a0 30 table\u010di\u0173 (15 g.).<\/div>\n<div>Geriausias iki (termino pabaigos): geriausias vartoti iki termino, nurodyto ant pakuot\u0117s \u0161ono, vir\u0161aus arba jos apa\u010dioje.<\/div>\n<div>Partija: \u017er. ant pakuot\u0117s.<\/div>\n<div><\/div>\n<div><strong>\u012esp\u0117jimas:<\/strong><\/div>\n<div><\/div>\n<div>Maisto papildas n\u0117ra maisto pakaitalas. Svarbu \u012fvairi ir subalansuota mityba bei sveikas gyvenimo b\u016bdas. Jeigu esate n\u0117\u0161\u010dia, maitinate kr\u016btimi ar vartojate kitus vaistus, prie\u0161 vartojim\u0105 pasitarkite su gydytoju ar vaistininku. Nevir\u0161ykite nustatytos rekomenduojamos doz\u0117s.<\/div>\n","protected":false},"excerpt":{"rendered":"<div>Activlab Melisa \u2013 maisto papildas su melisos (Melissa officinalis) ekstraktu<\/div>\n<div><\/div>\n<div><strong>Pagrindin\u0117s savyb\u0117s:<\/strong><\/div>\n<div><\/div>\n<ul>\n<li>Streso ir nerimo palaikymas<\/li>\n<li>Miego kokyb\u0117s palaikymas<\/li>\n<li>Vir\u0161kinimo sistemos palaikymas<\/li>\n<\/ul>\n","protected":false},"featured_media":43579,"comment_status":"open","ping_status":"closed","template":"","meta":{"inline_featured_image":false},"product_brand":[],"product_cat":[117],"product_tag":[],"class_list":{"0":"post-43577","1":"product","2":"type-product","3":"status-publish","4":"has-post-thumbnail","6":"product_cat-nervu-sistemai","8":"first","9":"instock","10":"sale","11":"shipping-taxable","12":"purchasable","13":"product-type-simple"},"_links":{"self":[{"href":"https:\/\/loosen.lt\/en\/wp-json\/wp\/v2\/product\/43577","targetHints":{"allow":["GET"]}}],"collection":[{"href":"https:\/\/loosen.lt\/en\/wp-json\/wp\/v2\/product"}],"about":[{"href":"https:\/\/loosen.lt\/en\/wp-json\/wp\/v2\/types\/product"}],"replies":[{"embeddable":true,"href":"https:\/\/loosen.lt\/en\/wp-json\/wp\/v2\/comments?post=43577"}],"wp:featuredmedia":[{"embeddable":true,"href":"https:\/\/loosen.lt\/en\/wp-json\/wp\/v2\/media\/43579"}],"wp:attachment":[{"href":"https:\/\/loosen.lt\/en\/wp-json\/wp\/v2\/media?parent=43577"}],"wp:term":[{"taxonomy":"product_brand","embeddable":true,"href":"https:\/\/loosen.lt\/en\/wp-json\/wp\/v2\/product_brand?post=43577"},{"taxonomy":"product_cat","embeddable":true,"href":"https:\/\/loosen.lt\/en\/wp-json\/wp\/v2\/product_cat?post=43577"},{"taxonomy":"product_tag","embeddable":true,"href":"https:\/\/loosen.lt\/en\/wp-json\/wp\/v2\/product_tag?post=43577"}],"curies":[{"name":"wp","href":"https:\/\/api.w.org\/{rel}","templated":true}]}}