{"id":43607,"date":"2026-05-06T23:52:36","date_gmt":"2026-05-06T23:52:36","guid":{"rendered":"https:\/\/loosen.lt\/?post_type=product&#038;p=43607"},"modified":"2026-05-06T23:52:37","modified_gmt":"2026-05-06T23:52:37","slug":"biotech-spirulina-100-tableciu","status":"publish","type":"product","link":"https:\/\/loosen.lt\/en\/product\/biotech-spirulina-100-tableciu\/","title":{"rendered":"BioTech Spirulina \u2013 100 table\u010di\u0173"},"content":{"rendered":"<div><strong>Sudedamosios dalys:<\/strong> Spirulinos (Arthrospira platensis) milteliai (turintys sieros dioksido) 48%, u\u017epildas (celiulioz\u0117s gelis), tablet\u0117s dangalas [stabilizatoriai (polivinilo alkoholio-polietilenglikolio kopolimeras, polivinilo alkoholis), lipnum\u0105 reguliuojan\u010dios med\u017eiagos (talkas, riebal\u0173 r\u016bg\u0161\u010di\u0173 mono- ir digliceridai)], papildomos lipnum\u0105 reguliuojan\u010dios med\u017eiagos (riebal\u0173 r\u016bg\u0161\u010di\u0173 magnio druskos, silicio dioksidas).<\/div>\n<div><\/div>\n<div><strong>Alergenai:<\/strong> sieros dioksidas. Produktas pagamintas gamykloje, kurioje taip pat gaminami maisto produktai, turintys pieno, kiau\u0161ini\u0173, glitimo, sojos, v\u0117\u017eiagyvi\u0173, sieros dioksido ir rie\u0161ut\u0173.<\/div>\n<div><\/div>\n<div>\n<table>\n<tbody>\n<tr>\n<td width=\"214\">Maistin\u0117 vert\u0117<\/td>\n<td width=\"214\">4 tablet\u0117se<\/td>\n<td width=\"214\">8 tablet\u0117se<\/td>\n<\/tr>\n<tr>\n<td width=\"214\">Spirulinos (Arthrospira platensis) milteliai<\/td>\n<td width=\"214\">1800mg<\/td>\n<td width=\"214\">3600mg<\/td>\n<\/tr>\n<\/tbody>\n<\/table>\n<\/div>\n<p>&nbsp;<\/p>\n<div><strong>Vartojimas:<\/strong> Vartokite po 4 tabletes du kartus per dien\u0105, u\u017egerdami stikline vandens. Nevir\u0161ykite rekomenduojamos doz\u0117s.<\/div>\n<div><\/div>\n<div><strong>Laikymo s\u0105lygos:<\/strong><\/div>\n<div><\/div>\n<div>Laikyti v\u0117sioje, sausoje vietoje. Laikyti vaikams nepasiekiamoje vietoje.<\/div>\n<div>Gamintojas: BioTech USA Kft. 1033 Budapest, Huszti ut 60., Vengrija.<\/div>\n<div>Grynas kiekis: 93,2 g (100 table\u010di\u0173).<\/div>\n<div>Geriausias iki (termino pabaigos): geriausias vartoti iki termino, nurodyto ant pakuot\u0117s \u0161ono, vir\u0161aus arba jos apa\u010dioje.<\/div>\n<div>Partija: \u017er. ant pakuot\u0117s.<\/div>\n<div><\/div>\n<div><strong>\u012esp\u0117jimas:<\/strong><\/div>\n<div><\/div>\n<div>Maisto papildas n\u0117ra maisto pakaitalas. Svarbu \u012fvairi ir subalansuota mityba bei sveikas gyvenimo b\u016bdas. Jeigu esate n\u0117\u0161\u010dia, maitinate kr\u016btimi ar vartojate kitus vaistus, prie\u0161 vartojim\u0105 pasitarkite su gydytoju ar vaistininku. Nevir\u0161ykite nustatytos rekomenduojamos doz\u0117s.<\/div>\n","protected":false},"excerpt":{"rendered":"<div>BioTech Spirulina \u2013 maisto papildas tablet\u0117mis, kuriame yra nat\u016bralios spirulinos (Arthrospira platensis)<\/div>\n<div><\/div>\n<div><strong>Pagrindin\u0117s savyb\u0117s:<\/strong><\/div>\n<div><\/div>\n<ul>\n<li>Baltym\u0173 \u0161altinis<\/li>\n<li>Vitamin\u0173 ir mineral\u0173 \u0161altinis<\/li>\n<li>Antioksidant\u0173 \u0161altinis<\/li>\n<li>Imunin\u0117s sistemos palaikymas<\/li>\n<\/ul>\n","protected":false},"featured_media":43609,"comment_status":"open","ping_status":"closed","template":"","meta":{"inline_featured_image":false},"product_brand":[],"product_cat":[124,126],"product_tag":[],"class_list":{"0":"post-43607","1":"product","2":"type-product","3":"status-publish","4":"has-post-thumbnail","6":"product_cat-bendrai-sveikatai","7":"product_cat-ilgaamziskumui","9":"first","10":"instock","11":"sale","12":"shipping-taxable","13":"purchasable","14":"product-type-simple"},"_links":{"self":[{"href":"https:\/\/loosen.lt\/en\/wp-json\/wp\/v2\/product\/43607","targetHints":{"allow":["GET"]}}],"collection":[{"href":"https:\/\/loosen.lt\/en\/wp-json\/wp\/v2\/product"}],"about":[{"href":"https:\/\/loosen.lt\/en\/wp-json\/wp\/v2\/types\/product"}],"replies":[{"embeddable":true,"href":"https:\/\/loosen.lt\/en\/wp-json\/wp\/v2\/comments?post=43607"}],"wp:featuredmedia":[{"embeddable":true,"href":"https:\/\/loosen.lt\/en\/wp-json\/wp\/v2\/media\/43609"}],"wp:attachment":[{"href":"https:\/\/loosen.lt\/en\/wp-json\/wp\/v2\/media?parent=43607"}],"wp:term":[{"taxonomy":"product_brand","embeddable":true,"href":"https:\/\/loosen.lt\/en\/wp-json\/wp\/v2\/product_brand?post=43607"},{"taxonomy":"product_cat","embeddable":true,"href":"https:\/\/loosen.lt\/en\/wp-json\/wp\/v2\/product_cat?post=43607"},{"taxonomy":"product_tag","embeddable":true,"href":"https:\/\/loosen.lt\/en\/wp-json\/wp\/v2\/product_tag?post=43607"}],"curies":[{"name":"wp","href":"https:\/\/api.w.org\/{rel}","templated":true}]}}