{"id":43612,"date":"2026-05-06T23:51:20","date_gmt":"2026-05-06T23:51:20","guid":{"rendered":"https:\/\/loosen.lt\/?post_type=product&#038;p=43612"},"modified":"2026-05-06T23:51:21","modified_gmt":"2026-05-06T23:51:21","slug":"activlab-zma-90-kapsuliu","status":"publish","type":"product","link":"https:\/\/loosen.lt\/en\/product\/activlab-zma-90-kapsuliu\/","title":{"rendered":"ActivLab ZMA \u2013 90 kapsuli\u0173"},"content":{"rendered":"<div><strong>Sudedamosios dalys:<\/strong> magnio bisglicinatas, kapsul\u0117 (\u017eelatina, indigotino da\u017eiklis), cinko bisglicinatas, lipnum\u0105 reguliuojanti med\u017eiaga: magnio riebal\u0173 r\u016bg\u0161\u010di\u0173 druskos, vitaminas B6 (piridoksino hidrochloridas).<\/div>\n<div><\/div>\n<div><strong>Alergenai:<\/strong> gali tur\u0117ti gr\u016bd\u0173 su glitimu, sojos ir pieno produkt\u0173.<\/div>\n<div><\/div>\n<div>\n<table>\n<tbody>\n<tr>\n<td width=\"214\">Maistin\u0117 vert\u0117<\/td>\n<td width=\"214\">3 kapsul\u0117se<\/td>\n<\/tr>\n<tr>\n<td width=\"214\">Magnis<\/td>\n<td width=\"214\">400 mg (107%*)<\/td>\n<\/tr>\n<tr>\n<td width=\"214\">Cinkas<\/td>\n<td width=\"214\">15 mg (150%*)<\/td>\n<\/tr>\n<tr>\n<td width=\"214\">Vitaminas B6<\/td>\n<td width=\"214\">10,5 mg (750%*)<\/td>\n<\/tr>\n<tr>\n<td width=\"214\">*RMV \u2013 referencin\u0117 maistin\u0117 vert\u0117<\/td>\n<td width=\"214\">&nbsp;<\/td>\n<\/tr>\n<\/tbody>\n<\/table>\n<\/div>\n<div><\/div>\n<div><\/div>\n<div><strong>Vartojimas:<\/strong> Rekomenduojama vartoti 3 kapsules per dien\u0105, tarp valgi\u0173 arba prie\u0161 mieg\u0105.<\/div>\n<div><\/div>\n<div><strong>Laikymo s\u0105lygos:<\/strong><\/div>\n<div><\/div>\n<div>Laikyti v\u0117sioje, sausoje vietoje. Laikyti vaikams nepasiekiamoje vietoje.<\/div>\n<div>Gamintojas: Unipro Sp. Z o.o., Targowisko 553, 32-015 Klaj, Lenkija.<\/div>\n<div>Grynas kiekis: 90 kapsuli\u0173 (76,5g).<\/div>\n<div>Geriausias iki (termino pabaigos): geriausias vartoti iki termino, nurodyto ant pakuot\u0117s \u0161ono, vir\u0161aus arba jos apa\u010dioje.<\/div>\n<div>Partija: \u017er. ant pakuot\u0117s.<\/div>\n<div><\/div>\n<div><strong>\u012esp\u0117jimas:<\/strong><\/div>\n<div><\/div>\n<div>Maisto papildas n\u0117ra maisto pakaitalas. Svarbu \u012fvairi ir subalansuota mityba bei sveikas gyvenimo b\u016bdas. Jeigu esate n\u0117\u0161\u010dia, maitinate kr\u016btimi ar vartojate kitus vaistus, prie\u0161 vartojim\u0105 pasitarkite su gydytoju ar vaistininku. Nevir\u0161ykite nustatytos rekomenduojamos doz\u0117s.<\/div>\n","protected":false},"excerpt":{"rendered":"<div>Activlab ZMA \u2013 cinko, magnio ir vitamino B6 kompleksas, idealus aktyviems sportininkams<\/div>\n<div><\/div>\n<div><strong>Pagrindin\u0117s savyb\u0117s:<\/strong><\/div>\n<div><\/div>\n<ul>\n<li><strong>Cinkas:<\/strong> palaiko pa\u017einimo funkcij\u0105, vaisingum\u0105 ir baltym\u0173 sintez\u0119<\/li>\n<li><strong>Magnis:<\/strong> ma\u017eina nuovarg\u012f, palaiko nerv\u0173 ir raumen\u0173 funkcijas<\/li>\n<li><strong>Vitaminas B6:<\/strong> palaiko energijos apykait\u0105, baltym\u0173 ir glikogeno apykait\u0105, imunitet\u0105<\/li>\n<\/ul>\n","protected":false},"featured_media":43614,"comment_status":"open","ping_status":"closed","template":"","meta":{"inline_featured_image":false},"product_brand":[],"product_cat":[124],"product_tag":[],"class_list":{"0":"post-43612","1":"product","2":"type-product","3":"status-publish","4":"has-post-thumbnail","6":"product_cat-bendrai-sveikatai","8":"first","9":"instock","10":"sale","11":"shipping-taxable","12":"purchasable","13":"product-type-simple"},"_links":{"self":[{"href":"https:\/\/loosen.lt\/en\/wp-json\/wp\/v2\/product\/43612","targetHints":{"allow":["GET"]}}],"collection":[{"href":"https:\/\/loosen.lt\/en\/wp-json\/wp\/v2\/product"}],"about":[{"href":"https:\/\/loosen.lt\/en\/wp-json\/wp\/v2\/types\/product"}],"replies":[{"embeddable":true,"href":"https:\/\/loosen.lt\/en\/wp-json\/wp\/v2\/comments?post=43612"}],"wp:featuredmedia":[{"embeddable":true,"href":"https:\/\/loosen.lt\/en\/wp-json\/wp\/v2\/media\/43614"}],"wp:attachment":[{"href":"https:\/\/loosen.lt\/en\/wp-json\/wp\/v2\/media?parent=43612"}],"wp:term":[{"taxonomy":"product_brand","embeddable":true,"href":"https:\/\/loosen.lt\/en\/wp-json\/wp\/v2\/product_brand?post=43612"},{"taxonomy":"product_cat","embeddable":true,"href":"https:\/\/loosen.lt\/en\/wp-json\/wp\/v2\/product_cat?post=43612"},{"taxonomy":"product_tag","embeddable":true,"href":"https:\/\/loosen.lt\/en\/wp-json\/wp\/v2\/product_tag?post=43612"}],"curies":[{"name":"wp","href":"https:\/\/api.w.org\/{rel}","templated":true}]}}