{"id":37273,"date":"2024-02-19T09:01:38","date_gmt":"2024-02-19T09:01:38","guid":{"rendered":"https:\/\/loosen.lt\/cbd-ella\/"},"modified":"2025-02-18T13:57:25","modified_gmt":"2025-02-18T13:57:25","slug":"cbd-ella","status":"publish","type":"page","link":"https:\/\/loosen.lt\/lv\/cbd-ella\/","title":{"rendered":"CBD e\u013c\u013ca"},"content":{"rendered":"<h1>Kas ir CBD e\u013c\u013ca?<\/h1>\n<p>CBD e\u013c\u013ca, sa\u012bsin\u0101jums no kanabidiola e\u013c\u013cas, ir produkts, kas satur koncentr\u0113tu kanabidiola formu, savienojumu, kas atrodams ka\u0146epju aug\u0101. At\u0161\u0137ir\u012bb\u0101 no THC (tetrahidrokanabinola), cita labi zin\u0101ma kanabino\u012bda, kas atrodams marihu\u0101n\u0101, CBD nav psihoakt\u012bvs, tas noz\u012bm\u0113, ka tas nav apreibino\u0161s. CBD e\u013c\u013cu parasti ieg\u016bst no r\u016bpnieciskiem ka\u0146epju augiem, kuros ir augsts CBD un zems THC saturs. Ekstrakcijas process ietver da\u017e\u0101das metodes, lai atdal\u012btu CBD no augu materi\u0101la, ieg\u016bstot koncentr\u0113tu ka\u0146epju e\u013c\u013cu.<\/p>\n<p><strong>Kas ir pilna spektra CBD ka\u0146epju e\u013c\u013ca?<\/strong><\/p>\n<p>Ja CBD e\u013c\u013ca ir mar\u0137\u0113ta ar pilnu spektru, tas noz\u012bm\u0113, ka t\u0101 satur daudzus kanabino\u012bdus, terp\u0113nus un citus savienojumus, kas atrodami ka\u0146epju aug\u0101, un, pats galvenais, THC \u0161eit netiek no\u0146emts.<\/p>\n<p><strong>Kas ir pla\u0161a spektra CBD e\u013c\u013ca?<\/strong><\/p>\n<p>Pla\u0161a spektra <a href=\"https:\/\/loosen.lt\/lv\/produkts\/loosen-30-pilna-spektra-cbd-ella\/\">CBD e\u013c\u013ca<\/a>, kas ieg\u016bta no ka\u0146ep\u0113m, var satur\u0113t tikai da\u017eus kanabino\u012bdus, iz\u0146emot CBD. Ar\u012b galven\u0101 at\u0161\u0137ir\u012bba \u0161eit ir t\u0101, ka ekstrakcijas laik\u0101 tiek no\u0146emts THC. T\u0101 k\u0101 taj\u0101 ir maz\u0101ks kanabino\u012bdu saturs, pla\u0161a spektra e\u013c\u013ca ir maz\u0101k efekt\u012bva nek\u0101 pilna spektra CBD e\u013c\u013cas.<\/p>\n<h2>Kas ir kanabidiols?<\/h2>\n<p>Kanabidiols (CBD) ir viens no vair\u0101kiem kanabino\u012bdu savienojumiem, kas atrodami ka\u0146epju aug\u0101. Tas nav psihoakt\u012bvs, kas noz\u012bm\u0113, ka tas nerada reibino\u0161u saj\u016btu, kas parasti ir saist\u012bta ar marihu\u0101nu.<\/p>\n<h2>K\u0101 tiek izmantota CBD e\u013c\u013ca?<\/h2>\n<p>Ies\u0101c\u0113jiem ieteicams s\u0101kt ar 5-8 pilieniem un, ja nepiecie\u0161ams, palielin\u0101t, l\u012bdz sasniedzat sev piem\u0113rotu daudzumu. CBD daudzums ir atkar\u012bgs no j\u016bsu person\u012bgaj\u0101m vajadz\u012bb\u0101m. Ieteicams pilin\u0101t \u0101r\u0113ji.<\/p>\n<h2>K\u0101du CBD devu izv\u0113l\u0113ties?<\/h2>\n<p>Atkar\u012bb\u0101 no \u0137erme\u0146a svara un vielmai\u0146as, pareiz\u0101 CBD e\u013c\u013cas deva var at\u0161\u0137irties no cilv\u0113ka uz cilv\u0113ku. Ieteicams s\u0101kt ar nelielu devu (5-8 pilieni) un pak\u0101peniski to palielin\u0101t, l\u012bdz tiek sasniegts v\u0113lamais rezult\u0101ts. Piev\u0113rsiet uzman\u012bbu tam, k\u0101 j\u016bsu \u0137ermenis rea\u0123\u0113 uz da\u017e\u0101d\u0101m dev\u0101m, un atrodiet sev piem\u0113rot\u0101ko daudzumu.<\/p>\n<h3>K\u0101 uzglab\u0101t CBD e\u013c\u013cu?<\/h3>\n<p>Lai pan\u0101ktu maksim\u0101lu iesp\u0113jamo efektu, <a href=\"https:\/\/loosen.lt\/lv\/?attachment_id=37568#main\">CBD e\u013c\u013ca<\/a> j\u0101uzglab\u0101 v\u0113s\u0101, tum\u0161\u0101 viet\u0101, prom no gaismas, un CBD produkti j\u0101uzglab\u0101 to ori\u0123in\u0101laj\u0101 iepakojum\u0101, jo gaisa iedarb\u012bba var iev\u0113rojami samazin\u0101t ka\u0146epju e\u013c\u013cas efektivit\u0101ti. Lab\u0101kie z\u012bmoli iepako savu CBD e\u013c\u013cu tum\u0161a stikla pudel\u0113s, lai samazin\u0101tu gaismas iedarb\u012bbu.<\/p>\n<h3>Cik ilgi saglab\u0101jas CBD e\u013c\u013ca?<\/h3>\n<p>CBD e\u013c\u013cas glab\u0101\u0161anas laiks parasti ir no viena l\u012bdz diviem gadiem atkar\u012bb\u0101 no t\u0101, k\u0101 t\u0101 tiek uzglab\u0101ta. Siltums, gaisma un gaiss ir faktori, kas var pa\u0101trin\u0101t savienojumu sadal\u012b\u0161anos, t\u0101p\u0113c CBD vienm\u0113r j\u0101uzglab\u0101 herm\u0113tisk\u0101 pudel\u0113 tums\u0101. CBD e\u013c\u013ca, kuras der\u012bguma termi\u0146\u0161 ir beidzies, neb\u016bs tik sp\u0113c\u012bga un efekt\u012bva.<\/p>\n<h3>Vai CBD izraisa atkar\u012bbu?<\/h3>\n<p>Saska\u0146\u0101 ar likumu CBD ir kontrol\u0113jama viela, kurai teor\u0113tiski vajadz\u0113tu b\u016bt atkar\u012bbu izraiso\u0161\u0101m \u012bpa\u0161\u012bb\u0101m. Tom\u0113r p\u0113t\u012bjumi liecina, ka tas t\u0101 nav. Saska\u0146\u0101 ar Pasaules Vesel\u012bbas organiz\u0101cijas (PVO) 2017. gada datiem, CBD e\u013c\u013ca neizraisa atkar\u012bbu un nerada \u013caunpr\u0101t\u012bgas izmanto\u0161anas risku. \u012as\u0101k sakot, tas neizraisa atkar\u012bbu. CBD ir liels potenci\u0101ls daudziem lietojumiem, t\u0101p\u0113c tas ir tik popul\u0101rs. T\u0101 pievilc\u012bba simtiem lietot\u0101ju vis\u0101 pasaul\u0113 da\u013c\u0113ji ir saist\u012bta ar to, ka tas nerada atkar\u012bbu. Protams, ja v\u0113laties, lai \u0161\u0137iedras ka\u0146epju priek\u0161roc\u012bbas b\u016btu efekt\u012bvas, jums tas ir j\u0101padara par ieradumu.<\/p>\n<h3>K\u0101 darbojas CBD e\u013c\u013ca?<\/h3>\n<p>CBD e\u013c\u013ca darbojas, mijiedarbojoties ar \u0137erme\u0146a endokanabino\u012bdu sist\u0113mu (ECS). Vair\u0101ku fiziolo\u0123isko un kognit\u012bvo procesu, tostarp garast\u0101vok\u013ca, miega, apet\u012btes, asinsrites un s\u0101pju, regul\u0113\u0161ana liel\u0101 m\u0113r\u0101 ir atkar\u012bga no m\u016bsu sare\u017e\u0123\u012bt\u0101s endokanabino\u012bdu sist\u0113mas. CBD mijiedarbojas ar diviem galvenajiem ECS receptoriem, CB1 un CB2, kas galvenok\u0101rt atrodami attiec\u012bgi smadzen\u0113s un \u0161\u016bn\u0101s, kas saist\u012btas ar im\u016bnsist\u0113mu. Lai gan CBD tie\u0161i nesaist\u0101s ar \u0161iem receptoriem, tas stimul\u0113 papildu endokannabino\u012bdu ra\u017eo\u0161anu ar \u0161iem receptoriem.<\/p>\n<h3>CBD e\u013c\u013ca un t\u0101s blakuspar\u0101d\u012bbas:<\/h3>\n<p>Lai gan CBD parasti ir labi panesams, da\u017eiem cilv\u0113kiem var rasties t\u0101das blakuspar\u0101d\u012bbas k\u0101 sausa mute, reibonis, apet\u012btes izmai\u0146as, caureja vai nogurums. \u0160\u012bs blakuspar\u0101d\u012bbas parasti ir vieglas un \u012bslaic\u012bgas, ta\u010du t\u0101s var at\u0161\u0137irties atkar\u012bb\u0101 no individu\u0101l\u0101s jut\u012bbas un devas.<\/p>\n","protected":false},"excerpt":{"rendered":"<p>Kas ir CBD e\u013c\u013ca? CBD e\u013c\u013ca, sa\u012bsin\u0101jums no kanabidiola e\u013c\u013cas, ir produkts, kas satur koncentr\u0113tu kanabidiola formu, savienojumu, kas atrodams ka\u0146epju aug\u0101. At\u0161\u0137ir\u012bb\u0101 no THC (tetrahidrokanabinola), cita labi zin\u0101ma kanabino\u012bda, kas atrodams marihu\u0101n\u0101, CBD nav psihoakt\u012bvs, tas noz\u012bm\u0113, ka tas nav apreibino\u0161s. CBD e\u013c\u013cu parasti ieg\u016bst no r\u016bpnieciskiem ka\u0146epju augiem, kuros ir augsts CBD un [&#8230;]\n","protected":false},"author":17,"featured_media":0,"parent":0,"menu_order":0,"comment_status":"closed","ping_status":"closed","template":"","meta":{"inline_featured_image":false,"footnotes":""},"class_list":["post-37273","page","type-page","status-publish","hentry"],"_links":{"self":[{"href":"https:\/\/loosen.lt\/lv\/wp-json\/wp\/v2\/pages\/37273","targetHints":{"allow":["GET"]}}],"collection":[{"href":"https:\/\/loosen.lt\/lv\/wp-json\/wp\/v2\/pages"}],"about":[{"href":"https:\/\/loosen.lt\/lv\/wp-json\/wp\/v2\/types\/page"}],"author":[{"embeddable":true,"href":"https:\/\/loosen.lt\/lv\/wp-json\/wp\/v2\/users\/17"}],"replies":[{"embeddable":true,"href":"https:\/\/loosen.lt\/lv\/wp-json\/wp\/v2\/comments?post=37273"}],"version-history":[{"count":1,"href":"https:\/\/loosen.lt\/lv\/wp-json\/wp\/v2\/pages\/37273\/revisions"}],"predecessor-version":[{"id":37504,"href":"https:\/\/loosen.lt\/lv\/wp-json\/wp\/v2\/pages\/37273\/revisions\/37504"}],"wp:attachment":[{"href":"https:\/\/loosen.lt\/lv\/wp-json\/wp\/v2\/media?parent=37273"}],"curies":[{"name":"wp","href":"https:\/\/api.w.org\/{rel}","templated":true}]}}