{"id":37275,"date":"2022-10-19T13:48:47","date_gmt":"2022-10-19T13:48:47","guid":{"rendered":"https:\/\/loosen.lt\/buj\/"},"modified":"2024-05-12T14:53:31","modified_gmt":"2024-05-12T14:53:31","slug":"buj","status":"publish","type":"page","link":"https:\/\/loosen.lt\/lv\/buj\/","title":{"rendered":"BUJ"},"content":{"rendered":"\n\t<section class=\"section\" id=\"section_1594743375\">\n\t\t<div class=\"section-bg fill\" >\n\t\t\t\t\t\t\t\t\t\n\t\t\t\n\n\t\t<\/div>\n\n\t\t\n\n\t\t<div class=\"section-content relative\">\n\t\t\t\n<div class=\"row\"  id=\"row-26884731\">\n\n\t<div id=\"col-1598014135\" class=\"col small-12 large-12\"  >\n\t\t\t\t<div class=\"col-inner\"  >\n\t\t\t\n\t\t\t\n\t<div id=\"gap-699591315\" class=\"gap-element clearfix\" style=\"display:block; height:auto;\">\n\t\t\n<style>\n#gap-699591315 {\n  padding-top: 50px;\n}\n<\/style>\n\t<\/div>\n\t\n<h1 style=\"margin-bottom: 0px; text-align: center;\"><span style=\"font-size: 140%;\">B.U.J.<\/span><\/h1>\n\t<div id=\"gap-41120408\" class=\"gap-element clearfix\" style=\"display:block; height:auto;\">\n\t\t\n<style>\n#gap-41120408 {\n  padding-top: 30px;\n}\n<\/style>\n\t<\/div>\n\t\n\t\t<\/div>\n\t\t\t\t\t<\/div>\n\n\t\n<\/div>\n\t\t<\/div>\n\n\t\t\n<style>\n#section_1594743375 {\n  padding-top: 0px;\n  padding-bottom: 0px;\n}\n<\/style>\n\t<\/section>\n\t\n\n\t<section class=\"section duk\" id=\"section_2118481924\">\n\t\t<div class=\"section-bg fill\" >\n\t\t\t\t\t\t\t\t\t\n\t\t\t\n\n\t\t<\/div>\n\n\t\t\n\n\t\t<div class=\"section-content relative\">\n\t\t\t\n<div class=\"row\"  id=\"row-1236365962\">\n\n\t<div id=\"col-1688660136\" class=\"col small-12 large-12\"  >\n\t\t\t\t<div class=\"col-inner\"  >\n\t\t\t\n\t\t\t\n<div class=\"accordion\">\n\t<div id=\"accordion-3275181386\" class=\"accordion-item\">\n\t\t<a id=\"accordion-3275181386-label\" class=\"accordion-title plain\" href=\"#accordion-item-vai-cbd-ir-likum\u012bgs?\" aria-expanded=\"false\" aria-controls=\"accordion-3275181386-content\" >\n\t\t\t<button class=\"toggle\" aria-label=\"Toggle\"><i class=\"icon-angle-down\"><\/i><\/button>\n\t\t\t<span>Vai CBD ir likum\u012bgs?<\/span>\n\t\t<\/a>\n\t\t<div id=\"accordion-3275181386-content\" class=\"accordion-inner\" aria-labelledby=\"accordion-3275181386-label\" >\n\t\t\t\n<p>Lietuv\u0101 var leg\u0101li p\u0101rdot un izmantot CBD ka\u0146epes, kas ieg\u016btas no r\u016bpnieciskaj\u0101m ka\u0146ep\u0113m un satur maz\u0101k nek\u0101 0,2% THC.<\/p>\n\t\t<\/div>\n\t<\/div>\n\t\n\t<div id=\"accordion-3358395818\" class=\"accordion-item\">\n\t\t<a id=\"accordion-3358395818-label\" class=\"accordion-title plain\" href=\"#accordion-item-vai-jums-ir-bezmaksas-pieg\u0101de?\" aria-expanded=\"false\" aria-controls=\"accordion-3358395818-content\" >\n\t\t\t<button class=\"toggle\" aria-label=\"Toggle\"><i class=\"icon-angle-down\"><\/i><\/button>\n\t\t\t<span>Vai jums ir bezmaksas pieg\u0101de?<\/span>\n\t\t<\/a>\n\t\t<div id=\"accordion-3358395818-content\" class=\"accordion-inner\" aria-labelledby=\"accordion-3358395818-label\" >\n\t\t\t\n<p>J\u0101, pieg\u0101d\u0101jam preces bez maksas no 45 EUR.<\/p>\n\t\t<\/div>\n\t<\/div>\n\t\n\t<div id=\"accordion-1246751739\" class=\"accordion-item\">\n\t\t<a id=\"accordion-1246751739-label\" class=\"accordion-title plain\" href=\"#accordion-item-cik-ilgs-laiks-nepiecie\u0161ams-pre\u010du-pieg\u0101dei?\" aria-expanded=\"false\" aria-controls=\"accordion-1246751739-content\" >\n\t\t\t<button class=\"toggle\" aria-label=\"Toggle\"><i class=\"icon-angle-down\"><\/i><\/button>\n\t\t\t<span>Cik ilgs laiks nepiecie\u0161ams pre\u010du pieg\u0101dei?<\/span>\n\t\t<\/a>\n\t\t<div id=\"accordion-1246751739-content\" class=\"accordion-inner\" aria-labelledby=\"accordion-1246751739-label\" >\n\t\t\t\n<p>Pieg\u0101des laiks var at\u0161\u0137irties atkar\u012bb\u0101 no izv\u0113l\u0113t\u0101 pieg\u0101des pakalpojuma, atra\u0161an\u0101s vietas un citiem faktoriem, ta\u010du parasti pieg\u0101d\u0101jam 1-3 dienu laik\u0101.<\/p>\n\t\t<\/div>\n\t<\/div>\n\t\n\t<div id=\"accordion-697791341\" class=\"accordion-item\">\n\t\t<a id=\"accordion-697791341-label\" class=\"accordion-title plain\" href=\"#accordion-item-vai-es-varu-izmantot-atlaides-kodu,-ja-prece-jau-ir-p\u0101rdo\u0161an\u0101?\" aria-expanded=\"false\" aria-controls=\"accordion-697791341-content\" >\n\t\t\t<button class=\"toggle\" aria-label=\"Toggle\"><i class=\"icon-angle-down\"><\/i><\/button>\n\t\t\t<span>Vai es varu izmantot atlaides kodu, ja prece jau ir p\u0101rdo\u0161an\u0101?<\/span>\n\t\t<\/a>\n\t\t<div id=\"accordion-697791341-content\" class=\"accordion-inner\" aria-labelledby=\"accordion-697791341-label\" >\n\t\t\t\n<p>M\u016bsu preces nav sakraujamas, t\u0101p\u0113c j\u016bs nevarat.<\/p>\n\t\t<\/div>\n\t<\/div>\n\t\n\t<div id=\"accordion-3989630892\" class=\"accordion-item\">\n\t\t<a id=\"accordion-3989630892-label\" class=\"accordion-title plain\" href=\"#accordion-item-vai-j\u016bs-pieg\u0101d\u0101jat-cbd-produktus-uz-\u0101rzem\u0113m?\" aria-expanded=\"false\" aria-controls=\"accordion-3989630892-content\" >\n\t\t\t<button class=\"toggle\" aria-label=\"Toggle\"><i class=\"icon-angle-down\"><\/i><\/button>\n\t\t\t<span>Vai j\u016bs pieg\u0101d\u0101jat CBD produktus uz \u0101rzem\u0113m?<\/span>\n\t\t<\/a>\n\t\t<div id=\"accordion-3989630892-content\" class=\"accordion-inner\" aria-labelledby=\"accordion-3989630892-label\" >\n\t\t\t\n<p>J\u0101, m\u0113s pieg\u0101d\u0101jam savus produktus uz vis\u0101m Eiropas valst\u012bm.<\/p>\n\t\t<\/div>\n\t<\/div>\n\t\n<\/div>\n<div class=\"accordion\">\n\t<div id=\"accordion-3622021981\" class=\"accordion-item\">\n\t\t<a id=\"accordion-3622021981-label\" class=\"accordion-title plain\" href=\"#accordion-item-kur-es-varu-atrast-pas\u016bt\u012bjuma-izseko\u0161anas-kodu?\" aria-expanded=\"false\" aria-controls=\"accordion-3622021981-content\" >\n\t\t\t<button class=\"toggle\" aria-label=\"Toggle\"><i class=\"icon-angle-down\"><\/i><\/button>\n\t\t\t<span>Kur es varu atrast pas\u016bt\u012bjuma izseko\u0161anas kodu?<\/span>\n\t\t<\/a>\n\t\t<div id=\"accordion-3622021981-content\" class=\"accordion-inner\" aria-labelledby=\"accordion-3622021981-label\" >\n\t\t\t\n<p>P\u0113c nos\u016bt\u012b\u0161anas uz e-pastu Uz e-pasta adresi, kuru nor\u0101d\u012bj\u0101t pirkuma laik\u0101, tiks nos\u016bt\u012bta izseko\u0161anas saite. Izmantojot \u0161o saiti, varat izsekot sava s\u016bt\u012bjuma gaitai, izmantojot izv\u0113l\u0113to pieg\u0101des veidu.<\/p>\n\t\t<\/div>\n\t<\/div>\n\t\n<\/div>\n\t\t<\/div>\n\t\t\t\t\t<\/div>\n\n\t\n<\/div>\n\t<div id=\"gap-1513041602\" class=\"gap-element clearfix\" style=\"display:block; height:auto;\">\n\t\t\n<style>\n#gap-1513041602 {\n  padding-top: 50px;\n}\n<\/style>\n\t<\/div>\n\t\n\t\t<\/div>\n\n\t\t\n<style>\n#section_2118481924 {\n  padding-top: 0px;\n  padding-bottom: 0px;\n}\n<\/style>\n\t<\/section>\n\t\n","protected":false},"excerpt":{"rendered":"","protected":false},"author":17,"featured_media":0,"parent":0,"menu_order":0,"comment_status":"closed","ping_status":"closed","template":"page-blank.php","meta":{"inline_featured_image":false,"footnotes":""},"class_list":["post-37275","page","type-page","status-publish","hentry"],"_links":{"self":[{"href":"https:\/\/loosen.lt\/lv\/wp-json\/wp\/v2\/pages\/37275","targetHints":{"allow":["GET"]}}],"collection":[{"href":"https:\/\/loosen.lt\/lv\/wp-json\/wp\/v2\/pages"}],"about":[{"href":"https:\/\/loosen.lt\/lv\/wp-json\/wp\/v2\/types\/page"}],"author":[{"embeddable":true,"href":"https:\/\/loosen.lt\/lv\/wp-json\/wp\/v2\/users\/17"}],"replies":[{"embeddable":true,"href":"https:\/\/loosen.lt\/lv\/wp-json\/wp\/v2\/comments?post=37275"}],"version-history":[{"count":0,"href":"https:\/\/loosen.lt\/lv\/wp-json\/wp\/v2\/pages\/37275\/revisions"}],"wp:attachment":[{"href":"https:\/\/loosen.lt\/lv\/wp-json\/wp\/v2\/media?parent=37275"}],"curies":[{"name":"wp","href":"https:\/\/api.w.org\/{rel}","templated":true}]}}