{"id":37308,"date":"2022-08-17T13:18:00","date_gmt":"2022-08-17T13:18:00","guid":{"rendered":"https:\/\/loosen.lt\/milakie-produkti\/"},"modified":"2024-05-13T18:59:37","modified_gmt":"2024-05-13T18:59:37","slug":"milakie-produkti","status":"publish","type":"page","link":"https:\/\/loosen.lt\/lv\/milakie-produkti\/","title":{"rendered":"M\u012b\u013c\u0101kie produkti"},"content":{"rendered":"[yith_wcwl_wishlist]\n","protected":false},"excerpt":{"rendered":"","protected":false},"author":17,"featured_media":0,"parent":0,"menu_order":0,"comment_status":"closed","ping_status":"closed","template":"","meta":{"inline_featured_image":false,"footnotes":""},"class_list":["post-37308","page","type-page","status-publish","hentry"],"_links":{"self":[{"href":"https:\/\/loosen.lt\/lv\/wp-json\/wp\/v2\/pages\/37308","targetHints":{"allow":["GET"]}}],"collection":[{"href":"https:\/\/loosen.lt\/lv\/wp-json\/wp\/v2\/pages"}],"about":[{"href":"https:\/\/loosen.lt\/lv\/wp-json\/wp\/v2\/types\/page"}],"author":[{"embeddable":true,"href":"https:\/\/loosen.lt\/lv\/wp-json\/wp\/v2\/users\/17"}],"replies":[{"embeddable":true,"href":"https:\/\/loosen.lt\/lv\/wp-json\/wp\/v2\/comments?post=37308"}],"version-history":[{"count":0,"href":"https:\/\/loosen.lt\/lv\/wp-json\/wp\/v2\/pages\/37308\/revisions"}],"wp:attachment":[{"href":"https:\/\/loosen.lt\/lv\/wp-json\/wp\/v2\/media?parent=37308"}],"curies":[{"name":"wp","href":"https:\/\/api.w.org\/{rel}","templated":true}]}}