{"id":37339,"date":"2024-03-20T11:47:16","date_gmt":"2024-03-20T11:47:16","guid":{"rendered":"https:\/\/loosen.lt\/lojalitates-punkti\/"},"modified":"2025-07-22T12:14:52","modified_gmt":"2025-07-22T12:14:52","slug":"lojalitates-punkti","status":"publish","type":"page","link":"https:\/\/loosen.lt\/lv\/lojalitates-punkti\/","title":{"rendered":"Lojalit\u0101tes punkti"},"content":{"rendered":"<p><strong>Lojalit\u0101tes punkti<\/strong><\/p>\n<p>Iep\u0113rkoties interneta veikal\u0101 Loosen, vari sav\u0101kt lojalit\u0101tes punktus, kurus p\u0113c tam var apmain\u012bt pret eiro un izmantot iep\u0113rkoties, t\u0101d\u0113j\u0101di samazinot iepirkumu groza apjomu!<\/p>\n<p><strong>Lojalit\u0101tes punktu apr\u0113\u0137in\u0101\u0161ana:<\/strong><\/p>\n<p>CBD kategorija:<br \/>\n1 izt\u0113r\u0113ts eiro ir vien\u0101ds ar 5 punktiem. T\u0101tad, izt\u0113r\u0113jot 100 eiro, ieg\u016bsit 500 lojalit\u0101tes punktus.<\/p>\n<p>Svar\u012bgi \u0146emt v\u0113r\u0101, ka pieg\u0101dei izt\u0113r\u0113t\u0101 summa punktus nepelna.<\/p>\n<p>Lojalit\u0101tes punktus varat apmain\u012bt pret eiro. 100 punkti = 1 eiro.<\/p>\n<p><strong>Lojalit\u0101tes punktu izmanto\u0161ana:<\/strong><\/p>\n<p>Lai skat\u012btu savus lojalit\u0101tes punktus, piesakieties sav\u0101 kont\u0101 un noklik\u0161\u0137iniet uz lodzi\u0146a &#8220;mani punkti&#8221;. Jums tie b\u016bs j\u0101apmaina pret atlai\u017eu kuponu, kura kodu ievad\u012bsiet nor\u0113\u0137inoties.<\/p>\n<p>UAB Ajomus grupe patur ties\u012bbas vienpus\u0113ji main\u012bt Loosen.lt lojalit\u0101tes programmas noteikumus, iepriek\u0161 nebr\u012bdinot Loosen klientus, ta\u010du ap\u0146emas public\u0113t inform\u0101ciju par izmai\u0146\u0101m m\u0101jaslap\u0101 <a href=\"https:\/\/loosen.lt\/lv\/lojalitates-punkti\/\">https:\/\/loosen.lt\/lv\/lojalitates-punkti <\/a><\/p>\n","protected":false},"excerpt":{"rendered":"<p>Lojalit\u0101tes punkti Iep\u0113rkoties interneta veikal\u0101 Loosen, vari sav\u0101kt lojalit\u0101tes punktus, kurus p\u0113c tam var apmain\u012bt pret eiro un izmantot iep\u0113rkoties, t\u0101d\u0113j\u0101di samazinot iepirkumu groza apjomu! Lojalit\u0101tes punktu apr\u0113\u0137in\u0101\u0161ana: CBD kategorija: 1 izt\u0113r\u0113ts eiro ir vien\u0101ds ar 5 punktiem. T\u0101tad, izt\u0113r\u0113jot 100 eiro, ieg\u016bsit 500 lojalit\u0101tes punktus. Svar\u012bgi \u0146emt v\u0113r\u0101, ka pieg\u0101dei izt\u0113r\u0113t\u0101 summa punktus nepelna. [&#8230;]\n","protected":false},"author":17,"featured_media":0,"parent":0,"menu_order":0,"comment_status":"closed","ping_status":"closed","template":"","meta":{"inline_featured_image":false,"footnotes":""},"class_list":["post-37339","page","type-page","status-publish","hentry"],"_links":{"self":[{"href":"https:\/\/loosen.lt\/lv\/wp-json\/wp\/v2\/pages\/37339","targetHints":{"allow":["GET"]}}],"collection":[{"href":"https:\/\/loosen.lt\/lv\/wp-json\/wp\/v2\/pages"}],"about":[{"href":"https:\/\/loosen.lt\/lv\/wp-json\/wp\/v2\/types\/page"}],"author":[{"embeddable":true,"href":"https:\/\/loosen.lt\/lv\/wp-json\/wp\/v2\/users\/17"}],"replies":[{"embeddable":true,"href":"https:\/\/loosen.lt\/lv\/wp-json\/wp\/v2\/comments?post=37339"}],"version-history":[{"count":1,"href":"https:\/\/loosen.lt\/lv\/wp-json\/wp\/v2\/pages\/37339\/revisions"}],"predecessor-version":[{"id":40982,"href":"https:\/\/loosen.lt\/lv\/wp-json\/wp\/v2\/pages\/37339\/revisions\/40982"}],"wp:attachment":[{"href":"https:\/\/loosen.lt\/lv\/wp-json\/wp\/v2\/media?parent=37339"}],"curies":[{"name":"wp","href":"https:\/\/api.w.org\/{rel}","templated":true}]}}