{"id":37340,"date":"2022-12-02T15:29:36","date_gmt":"2022-12-02T15:29:36","guid":{"rendered":"https:\/\/loosen.lt\/piegade-un-atgriesana\/"},"modified":"2025-02-18T13:50:32","modified_gmt":"2025-02-18T13:50:32","slug":"piegade-un-atgriesana","status":"publish","type":"page","link":"https:\/\/loosen.lt\/lv\/piegade-un-atgriesana\/","title":{"rendered":"Pieg\u0101de un atgrie\u0161ana"},"content":{"rendered":"\n\t<section class=\"section\" id=\"section_1515081024\">\n\t\t<div class=\"section-bg fill\" >\n\t\t\t\t\t\t\t\t\t\n\t\t\t\n\n\t\t<\/div>\n\n\t\t\n\n\t\t<div class=\"section-content relative\">\n\t\t\t\n<div class=\"row\"  id=\"row-1475165906\">\n\n\t<div id=\"col-1912407906\" class=\"col small-12 large-12\"  >\n\t\t\t\t<div class=\"col-inner\"  >\n\t\t\t\n\t\t\t\n\t<div id=\"gap-693045777\" class=\"gap-element clearfix\" style=\"display:block; height:auto;\">\n\t\t\n<style>\n#gap-693045777 {\n  padding-top: 50px;\n}\n<\/style>\n\t<\/div>\n\t\n<h1 style=\"margin-bottom: 0px; text-align: center;\"><span style=\"font-size: 140%;\"> Pre\u010du pieg\u0101de un atgrie\u0161ana <\/span><\/h1>\n\t<div id=\"gap-1808563981\" class=\"gap-element clearfix\" style=\"display:block; height:auto;\">\n\t\t\n<style>\n#gap-1808563981 {\n  padding-top: 30px;\n}\n<\/style>\n\t<\/div>\n\t\n\t\t<\/div>\n\t\t\t\t\t<\/div>\n\n\t\n<\/div>\n\t\t<\/div>\n\n\t\t\n<style>\n#section_1515081024 {\n  padding-top: 0px;\n  padding-bottom: 0px;\n}\n<\/style>\n\t<\/section>\n\t\n\n\t<section class=\"section duk\" id=\"section_716842722\">\n\t\t<div class=\"section-bg fill\" >\n\t\t\t\t\t\t\t\t\t\n\t\t\t\n\n\t\t<\/div>\n\n\t\t\n\n\t\t<div class=\"section-content relative\">\n\t\t\t\n<div class=\"row\"  id=\"row-375427608\">\n\n\t<div id=\"col-1521677120\" class=\"col small-12 large-12\"  >\n\t\t\t\t<div class=\"col-inner\"  >\n\t\t\t\n\t\t\t\n<div><strong>Pieg\u0101de<\/strong><\/div>\n<div><\/div>\n<div>Preces tiek pieg\u0101d\u0101tas Lietuv\u0101 1-3 darba dienu laik\u0101 uzreiz p\u0113c apmaksas. Ja preces mums nav noliktav\u0101, pirc\u0113js par to tiek inform\u0113ts person\u012bg\u0101 zi\u0146ojum\u0101, mobilaj\u0101 zvan\u0101 vai e-past\u0101. (Saist\u012bb\u0101 ar COVID-19 situ\u0101ciju pasaul\u0113 un sv\u0113tku periodu, s\u016bt\u012bjumi var aizkav\u0113ties)<\/div>\n<div><\/div>\n<div><strong>NAUDAS ATMAKSAS GARANTIJA<\/strong><\/div>\n<div><\/div>\n<div><\/div>\n<div><\/div>\n<div>Ja ieg\u0101d\u0101t\u0101 prece neatbilst J\u016bsu vajadz\u012bb\u0101m, atgrieziet to mums 14 kalend\u0101ro dienu laik\u0101 p\u0113c ieg\u0101des un sa\u0146emiet atmaksu. L\u016bdzu, inform\u0113jiet m\u016bs pa e-pastu, ka v\u0113laties atgriezt preci. pa e-pastu info@loosen.lt. L\u016bdzu, nor\u0101diet prec\u012bzu inform\u0101ciju par produktu un pirc\u0113ja bankas konta numuru, uz kuru j\u0101p\u0101rskaita atmaksa, un iesniedziet pirkuma dokumenta kopiju. Samaks\u0101t\u0101 nauda, \u200b\u200bieskaitot Pirc\u0113ja samaks\u0101tos pieg\u0101des izdevumus, tiek atmaks\u0101ta 14 dienu laik\u0101 no pazi\u0146ojuma par atk\u0101p\u0161anos no l\u012bguma sa\u0146em\u0161anas dienas, ta\u010du mums ir ties\u012bbas naudu neatmaks\u0101t, kam\u0113r nesa\u0146emam preces vai apliecin\u0101jumu, ka prece ir nos\u016bt\u012bta. Prece ir j\u0101atgrie\u017e par saviem l\u012bdzek\u013ciem.<\/div>\n<div><\/div>\n<div><\/div>\n<div><strong>Naudas atdo\u0161anas garantija neattiecas uz:<\/strong><\/div>\n<div><\/div>\n<ol>\n<li>Ja precei ir boj\u0101ts izskats.<\/li>\n<li>Ja prece ir boj\u0101ta klienta vainas d\u0113\u013c.<\/li>\n<li>Ja prece tiek atgriezta bez ori\u0123in\u0101l\u0101 iepakojuma, nepiln\u012bga u.c.<\/li>\n<\/ol>\n\t\t<\/div>\n\t\t\t\t\t<\/div>\n\n\t\n<\/div>\n\t<div id=\"gap-1284396528\" class=\"gap-element clearfix\" style=\"display:block; height:auto;\">\n\t\t\n<style>\n#gap-1284396528 {\n  padding-top: 50px;\n}\n<\/style>\n\t<\/div>\n\t\n\t\t<\/div>\n\n\t\t\n<style>\n#section_716842722 {\n  padding-top: 0px;\n  padding-bottom: 0px;\n}\n<\/style>\n\t<\/section>\n\t\n","protected":false},"excerpt":{"rendered":"","protected":false},"author":17,"featured_media":0,"parent":0,"menu_order":0,"comment_status":"closed","ping_status":"closed","template":"page-blank.php","meta":{"inline_featured_image":false,"footnotes":""},"class_list":["post-37340","page","type-page","status-publish","hentry"],"_links":{"self":[{"href":"https:\/\/loosen.lt\/lv\/wp-json\/wp\/v2\/pages\/37340","targetHints":{"allow":["GET"]}}],"collection":[{"href":"https:\/\/loosen.lt\/lv\/wp-json\/wp\/v2\/pages"}],"about":[{"href":"https:\/\/loosen.lt\/lv\/wp-json\/wp\/v2\/types\/page"}],"author":[{"embeddable":true,"href":"https:\/\/loosen.lt\/lv\/wp-json\/wp\/v2\/users\/17"}],"replies":[{"embeddable":true,"href":"https:\/\/loosen.lt\/lv\/wp-json\/wp\/v2\/comments?post=37340"}],"version-history":[{"count":3,"href":"https:\/\/loosen.lt\/lv\/wp-json\/wp\/v2\/pages\/37340\/revisions"}],"predecessor-version":[{"id":38741,"href":"https:\/\/loosen.lt\/lv\/wp-json\/wp\/v2\/pages\/37340\/revisions\/38741"}],"wp:attachment":[{"href":"https:\/\/loosen.lt\/lv\/wp-json\/wp\/v2\/media?parent=37340"}],"curies":[{"name":"wp","href":"https:\/\/api.w.org\/{rel}","templated":true}]}}