{"id":37346,"date":"2022-08-11T13:10:42","date_gmt":"2022-08-11T13:10:42","guid":{"rendered":"https:\/\/loosen.lt\/privatuma-politika\/"},"modified":"2024-05-15T02:58:55","modified_gmt":"2024-05-15T02:58:55","slug":"privatuma-politika","status":"publish","type":"page","link":"https:\/\/loosen.lt\/lv\/privatuma-politika\/","title":{"rendered":"Priv\u0101tuma politika"},"content":{"rendered":"\n\t<section class=\"section\" id=\"section_1001027037\">\n\t\t<div class=\"section-bg fill\" >\n\t\t\t\t\t\t\t\t\t\n\t\t\t\n\n\t\t<\/div>\n\n\t\t\n\n\t\t<div class=\"section-content relative\">\n\t\t\t <div class=\"row\"  id=\"row-1265248928\"> \n\t<div id=\"col-1517422633\" class=\"col small-12 large-12\"  >\n\t\t\t\t<div class=\"col-inner\"  >\n\t\t\t\n\t\t\t \t<div id=\"gap-1253703342\" class=\"gap-element clearfix\" style=\"display:block; height:auto;\">\n\t\t\n<style>\n#gap-1253703342 {\n  padding-top: 50px;\n}\n<\/style>\n\t<\/div>\n\t\r\n<h1 style=\"margin-bottom: 0px; text-align: center;\"><span style=\"font-size: 140%;\">Priv\u0101tuma politika<\/span><\/h1>\r\n\t<div id=\"gap-1619356191\" class=\"gap-element clearfix\" style=\"display:block; height:auto;\">\n\t\t\n<style>\n#gap-1619356191 {\n  padding-top: 30px;\n}\n<\/style>\n\t<\/div>\n\t \t\t<\/div>\n\t\t\t\t\t<\/div>\n\n\t <\/div> \t\t<\/div>\n\n\t\t\n<style>\n#section_1001027037 {\n  padding-top: 0px;\n  padding-bottom: 0px;\n}\n<\/style>\n\t<\/section>\n\t \n\t<section class=\"section\" id=\"section_455189620\">\n\t\t<div class=\"section-bg fill\" >\n\t\t\t\t\t\t\t\t\t\n\t\t\t\n\n\t\t<\/div>\n\n\t\t\n\n\t\t<div class=\"section-content relative\">\n\t\t\t <div class=\"row\"  id=\"row-1427890349\"> \n\t<div id=\"col-731882813\" class=\"col small-12 large-12\"  >\n\t\t\t\t<div class=\"col-inner\"  >\n\t\t\t\n\t\t\t\r\n<p>\r\n&#13;\r\n<p>\u0160aj\u0101 priv\u0101tuma politik\u0101 ir izkl\u0101st\u012bti Ajomus grupe, UAB <span style=\"color: var( --e-global-color-text ); font-family: var( --e-global-typography-text-font-family ), Sans-serif; font-weight: var( --e-global-typography-text-font-weight );\">elektronisk\u0101 veikala (www.loosen.lt) lietot\u0101ju personas datu apstr\u0101des principi saska\u0146\u0101 ar Visp\u0101r\u012bgo personas datu aizsardz\u012bbas regulu (ES) 2016\/679. <\/span><\/p>&#13;\r\n<p><\/p><\/p>\r\n<p>\r\n&#13;\r\n<p>Datu apstr\u0101d\u0101t\u0101js un p\u0101rvaldnieks &#8211; Ajomus grupe, UAB, \u010d.k. 306526615, A. Baranauska a. 14, Anyk\u0161\u010diai., LT-29132, Tel.: +37066263620, E-pasts. info@loosen.lt<\/p>&#13;\r\n<p><\/p><\/p>\r\n<p>\r\n&#13;\r\n<p>M\u0113s nodro\u0161in\u0101m, ka visi j\u016bsu dati tiek apstr\u0101d\u0101ti un uzglab\u0101ti saska\u0146\u0101 ar pras\u012bb\u0101m, kas noteiktas Lietuvas Republikas Fizisko personu datu aizsardz\u012bbas likum\u0101 un citos ties\u012bbu aktos, kas regul\u0113 personas datu aizsardz\u012bbu Lietuvas Republik\u0101, piem\u0113rojot nepiecie\u0161amo organizatorisko un tehnisko. pas\u0101kumus, lai aizsarg\u0101tu J\u016bsu datus no nejau\u0161as vai nelikum\u012bgas izpau\u0161anas, izn\u012bcin\u0101\u0161anas, p\u0101rveido\u0161anas, k\u0101 ar\u012b pat no nelikum\u012bg\u0101m apstr\u0101des darb\u012bb\u0101m.<\/p>&#13;\r\n<p><\/p><\/p>\r\n<p>\r\n&#13;\r\n<p><strong>1. Kas ir personas dati?<\/strong><\/p>&#13;\r\n<p><\/p><\/p>\r\n<p>\r\n&#13;\r\n<p>Personas dati \u2013 jebkura inform\u0101cija, kas saist\u012bta ar fizisku personu \u2013 datu subjektu, kura identit\u0101te ir zin\u0101ma vai nosak\u0101ma tie\u0161i vai netie\u0161i.<\/p>&#13;\r\n<p><\/p><\/p>\r\n<p>\r\n&#13;\r\n<p><strong>2. Dati un to izmanto\u0161ana interneta veikal\u0101 www.loosen.lt<\/strong><\/p>&#13;\r\n<p><\/p><\/p>\r\n<p>\r\n&#13;\r\n<p><strong>2.1. Sav\u0101kto datu veidi <\/strong><\/p>&#13;\r\n<p><\/p><\/p>\r\n<p>\r\n&#13;\r\n<p>Re\u0123istr\u0113joties interneta veikal\u0101 www.loosen.lt, J\u016bs sniedzat \u0161\u0101dus datus: <strong>v\u0101rds, dzim\u0161anas datums, e-pasta adrese, t\u0101lrunis, adrese.<\/strong><\/p>&#13;\r\n<p><\/p><\/p>\r\n<p>\r\n&#13;\r\n<p>Da\u013cas \u0161o datu snieg\u0161ana ir nepiecie\u0161ama, lai izmantotu interneta veikala www.loosen.lt pakalpojumus. Re\u0123istr\u0113joties J\u016bs apstiprin\u0101t, ka esat vismaz 18 gadus vecs un sniegtie re\u0123istr\u0101cijas dati ir pareizi.  Ajomus grupe, UAB neuz\u0146emas atbild\u012bbu par re\u0123istr\u0101cijas laik\u0101 sniegtajiem nepareiziem datiem un no t\u0101 izrieto\u0161ajiem trauc\u0113jumiem interneta veikala pakalpojumu darb\u012bb\u0101.<\/p>&#13;\r\n<p><\/p><\/p>\r\n<p>\r\n&#13;\r\n<p><strong>2.1.1. Apkopoto datu izmanto\u0161ana<\/strong><\/p>&#13;\r\n<p><\/p><\/p>\r\n<p>\r\n&#13;\r\n<p>Re\u0123istr\u0101cijas laik\u0101 www.loosen.lt interneta veikal\u0101 sniegtie konta dati tiek izmantoti \u0161\u0101diem m\u0113r\u0137iem:<\/p>&#13;\r\n<p><\/p><\/p>\r\n<p>\r\n&#13;\r\n<p><strong>&#8211; E-pasts:<\/strong> izmanto, lai piesl\u0113gtu lietot\u0101ju e-veikala kontam, lai identific\u0113tu lietot\u0101ju e-veikala sist\u0113m\u0101, inform\u0113tu lietot\u0101ju par main\u012bto pas\u016bt\u012bjuma izpildes statusu, k\u0101 ar\u012b m\u0101rketinga nol\u016bkos &#8211; lai nos\u016bt\u012btu bi\u013ceteni.<\/p>&#13;\r\n<p><\/p><\/p>\r\n<p>\r\n&#13;\r\n<p><strong>&#8211; V\u0101rds, uzv\u0101rds, t\u0101lru\u0146a numurs un adrese:<\/strong> izmanto lietot\u0101ja pas\u016bt\u012bjuma apstr\u0101dei interneta veikal\u0101, kop\u0101 ar lietot\u0101ju pas\u016bt\u012bjuma izpildes probl\u0113mu risin\u0101\u0161anai, citu lietot\u0101jiem radu\u0161os jaut\u0101jumu risin\u0101\u0161anai, k\u0101 ar\u012b m\u0101rketinga nol\u016bkos.<\/p>&#13;\r\n<p><\/p><\/p>\r\n<p>\r\n&#13;\r\n<p><strong>&#8211; Dzim\u0161anas datums:<\/strong> izmanto, lai apstiprin\u0101tu lietot\u0101ja sp\u0113ju izmantot tie\u0161saistes veikala pakalpojumus (lietot\u0101jam j\u0101b\u016bt vismaz 18 gadus vecam).<\/p>&#13;\r\n<p><\/p><\/p>\r\n<p>\r\n&#13;\r\n<p>J\u016bs jebkur\u0101 laik\u0101 varat atteikties no jaunumu sa\u0146em\u0161anas, bi\u013ceten\u0101 noklik\u0161\u0137inot uz atteik\u0161an\u0101s saites.<\/p>&#13;\r\n<p><\/p><\/p>\r\n<p>\r\n&#13;\r\n<p>Ja J\u016bsu personas dati ir main\u012bju\u0161ies, l\u016bdzam tos nekav\u0113joties atjaunin\u0101t, piesl\u0113dzoties interneta veikala www.loosen.lt kont\u0101 \u2013 \u0161o datu neatjaunin\u0101\u0161ana var rad\u012bt probl\u0113mas, izmantojot interneta veikala pakalpojumus (piem\u0113ram, nav iesp\u0113jams atrisin\u0101t probl\u0113mas ar pas\u016bt\u012bjuma izpildi nepareizi nor\u0101d\u012btas kontaktinform\u0101cijas d\u0113\u013c).<\/p>&#13;\r\n<p><\/p><\/p>\r\n<p>\r\n&#13;\r\n<p><strong>3. Personas datu glab\u0101\u0161anas ilgums<\/strong><\/p>&#13;\r\n<p><\/p><\/p>\r\n<p>\r\n&#13;\r\n<p>Elektroniskaj\u0101 veikal\u0101 www.loosen.lt sniegtie lietot\u0101ja konta dati tiek glab\u0101ti tik ilgi, kam\u0113r darbojas elektroniskais veikals.<\/p>&#13;\r\n<p><b>4. Datu koplieto\u0161ana<\/b><\/p>&#13;\r\n<p><\/p><\/p>\r\n<p>\r\n&#13;\r\n<p>M\u0113s vienm\u0113r sarg\u0101jam j\u016bsu datus un piepras\u0101m, lai to dar\u012btu visi m\u016bsu partneri un pakalpojumu sniedz\u0113ji, kuriem ir piek\u013cuve j\u016bsu datiem. J\u016bsu datus var apskat\u012bt: &#8211; m\u0101jas lapas satura mitin\u0101\u0161anas pakalpojumu sniedz\u0113ji &#8211; m\u0101rketinga pakalpojumu sniedz\u0113ji &#8211; projektu izstr\u0101des komanda <\/p>&#13;\r\n<p><\/p><\/p>\r\n<p>\r\n&#13;\r\n<p>M\u0113s pie\u0146emam maks\u0101jumus, izmantojot <strong>NEOPAY.<\/strong> Ja esat izv\u0113l\u0113jies \u0161o maks\u0101jumu, j\u016bsu dati tiks p\u0101rs\u016bt\u012bti uz <strong>NEOPAY<\/strong>, tostarp inform\u0101cija, kas nepiecie\u0161ama maks\u0101juma apstr\u0101dei vai atbalstam, piem\u0113ram, pirkuma summa un nor\u0113\u0137inu inform\u0101cija. Papildinform\u0101ciju skatiet <a href=\"https:\/\/neopay.online\/lt\/privacy-policy.html\" target=\"_blank\" rel=\"noopener\">Neopay priv\u0101tuma politik\u0101.<\/a><\/p>&#13;\r\n<p><b>5. J\u016bsu ties\u012bbas<\/b><\/p>&#13;\r\n<ul>&#13;\r\n<li>Jums ir ties\u012bbas zin\u0101t, k\u0101dus personas datus m\u0113s esam apkopoju\u0161i par jums.<\/li>&#13;\r\n<li>Jums ir ties\u012bbas uzzin\u0101t, k\u0101diem datu sa\u0146\u0113m\u0113jiem J\u016bsu personas dati ir sniegti un ir sniegti p\u0113d\u0113j\u0101 1 (viena) gada laik\u0101.<\/li>&#13;\r\n<li>Jums ir ties\u012bbas piepras\u012bt nepareizu, nepiln\u012bgu vai neprec\u012bzu datu labo\u0161anu.<\/li>&#13;\r\n<li>Jums ir ties\u012bbas piepras\u012bt par jums sav\u0101kto personas datu dz\u0113\u0161anu.<\/li>&#13;\r\n<li>Jums ir ties\u012bbas piepras\u012bt p\u0101rtraukt j\u016bsu sav\u0101kto personas datu apstr\u0101di.<\/li>&#13;\r\n<\/ul>&#13;\r\n<p>Ja v\u0113laties sa\u0146emt inform\u0101ciju par apkopoto inform\u0101ciju par saviem personas datiem vai pieteikties nepareizu, nepiln\u012bgu vai neprec\u012bzu datu apstr\u0101dei un piepras\u012bt labojumus, nos\u016btiet mums piepras\u012bjumu pa e-pastu. uz e-pasta adresi info@loosen.lt, v\u0113stules galven\u0113 nor\u0101dot &#8220;Piepras\u012bt datu iev\u0101k\u0161anu&#8221;. <\/p>&#13;\r\n<p>M\u0113s varam l\u016bgt apstiprin\u0101t personu apliecino\u0161u dokumentu, kas \u013cauj pareizi identific\u0113t. P\u0113c J\u016bsu identit\u0101tes apstiprin\u0101\u0161anas inform\u0101cija par J\u016bsu apstr\u0101d\u0101tajiem datiem tiek sniegta 30 (tr\u012bsdesmit) kalend\u0101ro dienu laik\u0101 no rakstisk\u0101 piepras\u012bjuma iesnieg\u0161anas dienas. <\/p>&#13;\r\n<p>Inform\u0101cija tiek sniegta bez maksas. Ja m\u0113s konstat\u0113sim, ka piepras\u012bjumi ir ac\u012bmredzami nepamatoti vai nesam\u0113r\u012bgi, jo \u012bpa\u0161i to atk\u0101rtota satura d\u0113\u013c, m\u0113s varam iekas\u0113t sapr\u0101t\u012bgu maksu, \u0146emot v\u0113r\u0101 administrat\u012bv\u0101s izmaksas, kas saist\u012btas ar inform\u0101cijas vai pazi\u0146ojumu snieg\u0161anu vai piepras\u012btaj\u0101m darb\u012bb\u0101m, vai atteikties r\u012bkoties saska\u0146\u0101 ar piepras\u012bjumu. . <\/p>&#13;\r\n<h1><strong style=\"color: #7a7a7a; font-size: 16px;\">6. Priv\u0101tuma politikas der\u012bgums un atjaunin\u0101jumi<\/strong><\/h1>&#13;\r\n<p><\/p><\/p>\r\n<p>\r\n&#13;\r\n<p>\u0160\u012b priv\u0101tuma politika ir sp\u0113k\u0101 no 2023. gada. 31. decembris <\/p>&#13;\r\n<p><\/p><\/p>\r\n<p>\r\n&#13;\r\n<p>Visi Priv\u0101tuma politikas atjaunin\u0101jumi tiks public\u0113ti \u0161aj\u0101 lap\u0101.<\/p>&#13;\r\n<p><\/p><\/p>\r\n<p>\r\n&#13;\r\n<p>Priv\u0101tuma politika p\u0113d\u0113jo reizi atjaunin\u0101ta: 2024 22. janv\u0101ris <\/p>&#13;\r\n<p><\/p><\/p>\r\n\t<div id=\"gap-803874802\" class=\"gap-element clearfix\" style=\"display:block; height:auto;\">\n\t\t\n<style>\n#gap-803874802 {\n  padding-top: 50px;\n}\n<\/style>\n\t<\/div>\n\t \t\t<\/div>\n\t\t\t\t\t<\/div>\n\n\t <\/div> \t\t<\/div>\n\n\t\t\n<style>\n#section_455189620 {\n  padding-top: 0px;\n  padding-bottom: 0px;\n}\n<\/style>\n\t<\/section>\n\t\r\n","protected":false},"excerpt":{"rendered":"","protected":false},"author":17,"featured_media":0,"parent":0,"menu_order":0,"comment_status":"closed","ping_status":"open","template":"page-blank.php","meta":{"inline_featured_image":false,"footnotes":""},"class_list":["post-37346","page","type-page","status-publish","hentry"],"_links":{"self":[{"href":"https:\/\/loosen.lt\/lv\/wp-json\/wp\/v2\/pages\/37346","targetHints":{"allow":["GET"]}}],"collection":[{"href":"https:\/\/loosen.lt\/lv\/wp-json\/wp\/v2\/pages"}],"about":[{"href":"https:\/\/loosen.lt\/lv\/wp-json\/wp\/v2\/types\/page"}],"author":[{"embeddable":true,"href":"https:\/\/loosen.lt\/lv\/wp-json\/wp\/v2\/users\/17"}],"replies":[{"embeddable":true,"href":"https:\/\/loosen.lt\/lv\/wp-json\/wp\/v2\/comments?post=37346"}],"version-history":[{"count":0,"href":"https:\/\/loosen.lt\/lv\/wp-json\/wp\/v2\/pages\/37346\/revisions"}],"wp:attachment":[{"href":"https:\/\/loosen.lt\/lv\/wp-json\/wp\/v2\/media?parent=37346"}],"curies":[{"name":"wp","href":"https:\/\/api.w.org\/{rel}","templated":true}]}}