{"id":37353,"date":"2022-08-25T14:09:48","date_gmt":"2022-08-25T14:09:48","guid":{"rendered":"https:\/\/loosen.lt\/par\/"},"modified":"2025-07-22T12:13:47","modified_gmt":"2025-07-22T12:13:47","slug":"par","status":"publish","type":"page","link":"https:\/\/loosen.lt\/lv\/par\/","title":{"rendered":"Par"},"content":{"rendered":"\n\t<section class=\"section\" id=\"section_2032801155\">\n\t\t<div class=\"section-bg fill\" >\n\t\t\t\t\t\t\t\t\t\n\t\t\t\n\n\t\t<\/div>\n\n\t\t\n\n\t\t<div class=\"section-content relative\">\n\t\t\t\n<div class=\"row row-large align-middle\"  id=\"row-1342270588\">\n\n\t<div id=\"col-326057924\" class=\"col small-12 large-12\"  >\n\t\t\t\t<div class=\"col-inner\"  >\n\t\t\t\n\t\t\t\n\t<div id=\"gap-1201887329\" class=\"gap-element clearfix\" style=\"display:block; height:auto;\">\n\t\t\n<style>\n#gap-1201887329 {\n  padding-top: 30px;\n}\n<\/style>\n\t<\/div>\n\t\n<div class=\"row align-middle\"  id=\"row-1519669881\">\n\n\t<div id=\"col-1951317722\" class=\"col medium-4 small-12 large-4\"  >\n\t\t\t\t<div class=\"col-inner\"  >\n\t\t\t\n\t\t\t\n<p>Loosen rad\u0101s no vienk\u0101r\u0161a, bet svar\u012bga jaut\u0101juma \u2013 kas \u012bsti darbojas?<\/p>\n<p>M\u016bsu komandu veido cilv\u0113ki, kas piekopj akt\u012bvu dz\u012bvesveidu, tostarp profesion\u0101li sportisti no t\u0101d\u0101m jom\u0101m k\u0101 peld\u0113\u0161ana vai c\u012b\u0146as m\u0101ksla. M\u0113s mekl\u0113j\u0101m uztura bag\u0101tin\u0101t\u0101jus, kuriem var\u0113tu uztic\u0113ties \u2013 dabiskus, efekt\u012bvus, bez nevajadz\u012bg\u0101m piedev\u0101m vai tuk\u0161iem sol\u012bjumiem.<\/p>\n<p>M\u016bs interes\u0113 ne tikai sabalans\u0113ts uzturs, bet ar\u012b dabiski, uz zin\u0101tni balst\u012bti veidi, k\u0101 stiprin\u0101t organismu \u2013 s\u0101kot no t\u012br\u0101m sast\u0101vda\u013c\u0101m l\u012bdz pat alternat\u012bv\u0101s medic\u012bnas principiem.<\/p>\n<p>Kop\u0101 ar \u0101rstiem un zin\u0101tniekiem m\u0113s izv\u0113l\u0113j\u0101mies tikai to, ko pa\u0161i drosm\u012bgi lietojam \u2013 sertific\u0113tus, augstas kvalit\u0101tes uztura bag\u0101tin\u0101t\u0101jus, kas patie\u0161\u0101m pal\u012bdz justies lab\u0101k.<br \/>\n<a href=\"https:\/\/loosen.lt\/papildu-parduotuve\/\" class=\"button secondary is-underline\"  >\n\t\t<span>Uzticies tam, kas ir dabisks.<\/span>\n\t<i class=\"icon-angle-right\" aria-hidden=\"true\" ><\/i><\/a>\n\n\t\t<\/div>\n\t\t\t\t\t<\/div>\n\n\t\n\n\t<div id=\"col-455537224\" class=\"col medium-8 small-12 large-8\"  >\n\t\t\t\t<div class=\"col-inner\"  >\n\t\t\t\n\t\t\t\n\t\t<\/div>\n\t\t\t\t\t<\/div>\n\n\t\n<\/div>\n\t\t<\/div>\n\t\t\t\t\t<\/div>\n\n\t\n<\/div>\n\t\t<\/div>\n\n\t\t\n<style>\n#section_2032801155 {\n  padding-top: 0px;\n  padding-bottom: 0px;\n}\n<\/style>\n\t<\/section>\n\t\n","protected":false},"excerpt":{"rendered":"","protected":false},"author":17,"featured_media":0,"parent":0,"menu_order":0,"comment_status":"closed","ping_status":"closed","template":"page-blank.php","meta":{"inline_featured_image":false,"footnotes":""},"class_list":["post-37353","page","type-page","status-publish","hentry"],"_links":{"self":[{"href":"https:\/\/loosen.lt\/lv\/wp-json\/wp\/v2\/pages\/37353","targetHints":{"allow":["GET"]}}],"collection":[{"href":"https:\/\/loosen.lt\/lv\/wp-json\/wp\/v2\/pages"}],"about":[{"href":"https:\/\/loosen.lt\/lv\/wp-json\/wp\/v2\/types\/page"}],"author":[{"embeddable":true,"href":"https:\/\/loosen.lt\/lv\/wp-json\/wp\/v2\/users\/17"}],"replies":[{"embeddable":true,"href":"https:\/\/loosen.lt\/lv\/wp-json\/wp\/v2\/comments?post=37353"}],"version-history":[{"count":3,"href":"https:\/\/loosen.lt\/lv\/wp-json\/wp\/v2\/pages\/37353\/revisions"}],"predecessor-version":[{"id":40980,"href":"https:\/\/loosen.lt\/lv\/wp-json\/wp\/v2\/pages\/37353\/revisions\/40980"}],"wp:attachment":[{"href":"https:\/\/loosen.lt\/lv\/wp-json\/wp\/v2\/media?parent=37353"}],"curies":[{"name":"wp","href":"https:\/\/api.w.org\/{rel}","templated":true}]}}