{"id":39713,"date":"2025-04-14T13:00:57","date_gmt":"2025-04-14T13:00:57","guid":{"rendered":"https:\/\/loosen.lt\/hlorella\/"},"modified":"2025-04-15T16:43:15","modified_gmt":"2025-04-15T16:43:15","slug":"hlorella","status":"publish","type":"page","link":"https:\/\/loosen.lt\/lv\/hlorella\/","title":{"rendered":"Hlorella"},"content":{"rendered":"<h1><strong>Kas ir horella?<\/strong><\/h1>\n<div>Hlorella ir mikroskopiskas vien\u0161\u016bnas za\u013c\u0101s a\u013c\u0123es, kas dabiski aug sald\u016bden\u012b. Tas ir \u013coti sens organisms, kam piem\u012bt unik\u0101las \u012bpa\u0161\u012bbas, kas padar\u012bju\u0161as to par popul\u0101ru uztura bag\u0101tin\u0101t\u0101ju. Hlorella ir unik\u0101la ar savu bag\u0101t\u012bgo uzturvielu sast\u0101vu, kas ir bag\u0101ts ar olbaltumviel\u0101m, vitam\u012bniem, miner\u0101lviel\u0101m, antioksidantiem un, pats galvenais, hlorofilu.<\/div>\n<div><\/div>\n<h2><strong>Korellas v\u0113sture:<\/strong><\/h2>\n<div><\/div>\n<div>St\u0101sts par hlorellu aizs\u0101k\u0101s 1890. gad\u0101, kad t\u0101 tika atkl\u0101ta k\u0101 mikroskopiska za\u013ca\u013c\u0123e. Hlorella k\u013cuva popul\u0101ra k\u0101 uztura bag\u0101tin\u0101t\u0101js Jap\u0101n\u0101 1940. gados, \u012bpa\u0161i p\u0113c Otr\u0101 pasaules kara, kad tika risin\u0101ts p\u0101rtikas tr\u016bkums. V\u0113l\u0101k tas k\u013cuva par svar\u012bgu p\u0101rtikas avotu pat NASA kosmosa izp\u0113t\u0113. M\u016bsdien\u0101s hlorella tiek pla\u0161i nov\u0113rt\u0113ta t\u0101s uzturv\u0113rt\u012bbas un vesel\u012bbu veicino\u0161o \u012bpa\u0161\u012bbu d\u0113\u013c, k\u013c\u016bstot par popul\u0101ru uztura bag\u0101tin\u0101t\u0101ju vesel\u012bga dz\u012bvesveida entuziastiem vis\u0101 pasaul\u0113.<\/div>\n<div><\/div>\n<h2><strong>Hlorella tradicion\u0101laj\u0101 medic\u012bn\u0101:<\/strong><\/h2>\n<div><\/div>\n<div>Hlorella, pateicoties t\u0101s unik\u0101lajam uztura sast\u0101vam, tiek nov\u0113rt\u0113ta gan m\u016bsdienu, gan tradicion\u0101laj\u0101 medic\u012bn\u0101. Tas ir dabisks vitam\u012bnu, miner\u0101lvielu, antioksidantu un fito\u0137\u012bmisko vielu avots, t\u0101p\u0113c to bie\u017ei izmanto k\u0101 uztura bag\u0101tin\u0101t\u0101ju ikdienas uztura papildin\u0101\u0161anai. Pateicoties augstajam hlorofila saturam, hlorella var pal\u012bdz\u0113t uztur\u0113t visp\u0101r\u0113jo labsaj\u016btu.<\/div>\n<div><\/div>\n<div>Tradicion\u0101laj\u0101 \u0137\u012bnie\u0161u medic\u012bn\u0101 hlorella da\u017ek\u0101rt tiek uzskat\u012bta par labv\u0113l\u012bgu pal\u012bgl\u012bdzekli nel\u012bdzsvarota \u0137erme\u0146a gad\u012bjum\u0101, ko bie\u017ei pied\u0113v\u0113 ener\u0123ijas &#8220;I\u0146 un ja\u0146&#8221; \u012bpa\u0161\u012bb\u0101m. Tas var b\u016bt noder\u012bgi cilv\u0113kiem, kuri j\u016btas satriekti vai v\u0113las atg\u016bt l\u012bdzsvaru p\u0113c stresa periodiem.<\/div>\n<div><\/div>\n<div><\/div>\n<div>\n<h2><strong>Chorolles galven\u0101s iez\u012bmes:<\/strong><\/h2>\n<div><\/div>\n<h3><strong>D vitam\u012bns:<\/strong><\/h3>\n<div>Svar\u012bgi kalcija uzs\u016bk\u0161anai, stiprina kaulus un musku\u013cus, k\u0101 ar\u012b pal\u012bdz stiprin\u0101t im\u016bnsist\u0113mu. Daudziem cilv\u0113kiem tr\u016bkst D vitam\u012bna, it \u012bpa\u0161i ziemas m\u0113ne\u0161os, t\u0101p\u0113c \u0161is papildin\u0101jums var b\u016bt \u013coti izdev\u012bgs.<\/div>\n<div><\/div>\n<h3><strong>Folijsk\u0101be (B9 vitam\u012bns):<\/strong><\/h3>\n<div>Veicina norm\u0101lu asins veido\u0161anos un im\u016bnsist\u0113mas darb\u012bbu, k\u0101 ar\u012b ir svar\u012bgi gr\u016btniec\u0113m.<\/div>\n<div><\/div>\n<h3><strong>B12 vitam\u012bns:<\/strong><\/h3>\n<div>Svar\u012bgi nervu sist\u0113mas darb\u012bbai, ener\u0123ijas metabolismam un noguruma mazin\u0101\u0161anai. \u0160is vitam\u012bns ar\u012b pal\u012bdz uztur\u0113t labu asinsriti.<\/div>\n<div><\/div>\n<h3><strong>Biot\u012bns (B7 vitam\u012bns):<\/strong><\/h3>\n<div>Piedal\u0101s ener\u0123ijas metabolism\u0101 un pal\u012bdz uztur\u0113t vesel\u012bgu \u0101du, matus un nagus. Tas ir t\u0101 sauktais &#8220;skaistuma vitam\u012bns&#8221;, kas pal\u012bdz c\u012bn\u012bties ar \u0101das probl\u0113m\u0101m un matu izkri\u0161anu.<\/div>\n<div><\/div>\n<h3><strong>Dzelzs:<\/strong><\/h3>\n<div>Svar\u012bgi sarkano asins \u0161\u016bnu ra\u017eo\u0161anai, pal\u012bdz nodro\u0161in\u0101t norm\u0101lu sk\u0101bek\u013ca transportu organism\u0101 un ener\u0123ijas vielmai\u0146u. \u0160is miner\u0101ls ir \u012bpa\u0161i svar\u012bgs tiem, kam ir nogurums vai an\u0113mija.<\/div>\n<div><\/div>\n<h3><strong>Magnijs:<\/strong><\/h3>\n<div>Pal\u012bdz uztur\u0113t norm\u0101lu musku\u013cu un nervu darb\u012bbu, k\u0101 ar\u012b ir svar\u012bgi elektrol\u012btu l\u012bdzsvaram un musku\u013cu relaks\u0101cijai p\u0113c treni\u0146a.<\/div>\n<div><\/div>\n<h3><strong>Sel\u0113ns:<\/strong><\/h3>\n<div>Stiprina im\u016bnsist\u0113mu, aizsarg\u0101 ar\u012b pret oksidat\u012bvo stresu un atbalsta vairogdziedzera darb\u012bbu.<\/div>\n<div><\/div>\n<h3><strong>Mang\u0101ns:<\/strong><\/h3>\n<div>Svar\u012bgi kaulu vesel\u012bbai, vielmai\u0146ai un pal\u012bdz c\u012bn\u012bties ar iekaisumiem.<\/div>\n<\/div>\n<div><\/div>\n<div>\n<h2>Horellas izmanto\u0161anas veidi:<\/h2>\n<div><\/div>\n<h3>Chorella pulveris:<\/h3>\n<div><\/div>\n<ul>\n<li><strong>Ar \u016bdeni:<\/strong> pievienojiet pusi t\u0113jkarotes hlorellas pulvera gl\u0101zei \u016bdens un pak\u0101peniski palieliniet devu.<\/li>\n<li><strong>Sula\/Sm\u016btiji:<\/strong> sajauciet ar sulu vai sm\u016btijiem, lai uzlabotu gar\u0161u.<\/li>\n<li><strong>\u0112dien\u0101:<\/strong> pievieno sal\u0101tiem, zup\u0101m vai jogurtam.<\/li>\n<\/ul>\n<p>&nbsp;<\/p>\n<h3>Chorella tabletes\/kapsulas:<\/h3>\n<div><\/div>\n<ul>\n<li><strong>Uzdzerot \u016bdeni:<\/strong> Norijiet tableti, uzdzerot gl\u0101zi \u016bdens, atbilsto\u0161i ieteicamajai devai (parasti 6-10 dien\u0101).<\/li>\n<\/ul>\n<div><\/div>\n<h3>Horellas \u0161\u0137idrais ekstrakts:<\/h3>\n<div><\/div>\n<ul>\n<li><strong>Pilieni ar \u016bdeni:<\/strong> pievienojiet \u016bdenim 10-20 pilienus.<\/li>\n<li><strong>Citos dz\u0113rienos:<\/strong> sajauciet ar sulu vai koktei\u013ciem.<\/li>\n<\/ul>\n<h2><strong>Chorella piedevu uzglab\u0101\u0161ana:<\/strong><\/h2>\n<div><\/div>\n<div>1. Uzglab\u0101t v\u0113s\u0101, saus\u0101 un tum\u0161\u0101 viet\u0101.<\/div>\n<div><\/div>\n<div>2. Sarg\u0101t no mitruma.<\/div>\n<div><\/div>\n<div>3. Uzglab\u0101t b\u0113rniem nepieejam\u0101 viet\u0101.<\/div>\n<div><\/div>\n<div>4. Izpildiet iepakojuma nor\u0101d\u012bjumus.<\/div>\n<div><\/div>\n<div>5. P\u0101rbaudiet der\u012bguma termi\u0146u.<\/div>\n<div><\/div>\n<div>6. Nelietot, ja iepakojums ir boj\u0101ts.<\/div>\n<div><\/div>\n<h2><strong>Lab\u0101kais laiks horellas lieto\u0161anai:<\/strong><\/h2>\n<div><\/div>\n<div>Hlorellu var lietot gan no r\u012bta, gan pusdien\u0101s, jo t\u0101 var pal\u012bdz\u0113t da\u017eiem cilv\u0113kiem justies ener\u0123isk\u0101kiem t\u0101s uzturv\u0113rt\u012bbas d\u0113\u013c. Tom\u0113r ietekme var at\u0161\u0137irties atkar\u012bb\u0101 no indiv\u012bda \u0137erme\u0146a. Ja atkl\u0101jat, ka hlorella pal\u012bdz mazin\u0101t nogurumu vai uzlabo visp\u0101r\u0113jo pa\u0161saj\u016btu, to var lietot ar\u012b vakar\u0101, ta\u010du ir svar\u012bgi sekot l\u012bdzi \u0137erme\u0146a reakcijai un, ja t\u0101 dod vair\u0101k ener\u0123ijas, nelietot to v\u0113lu vakar\u0101, lai netrauc\u0113tu miegu.<\/div>\n<\/div>\n<div><\/div>\n<div>\n<h2><strong>K\u0101 izv\u0113l\u0113ties kvalitat\u012bvus horellas uztura bag\u0101tin\u0101t\u0101jus?<\/strong><\/h2>\n<div><\/div>\n<ul>\n<li><strong>Ra\u017eo\u0161anas avots:<\/strong> Izv\u0113lieties organisko hlorellu, kas audz\u0113ta t\u012br\u0101s viet\u0101s.<\/li>\n<li>Izejvielu kvalit\u0101te: p\u0101rliecinieties, ka izstr\u0101d\u0101jum\u0101 nav smago met\u0101lu un pies\u0101r\u0146ot\u0101ju.<\/li>\n<li><strong>Forma:<\/strong> Izv\u0113lieties \u0113rtu formu \u2013 pulveri, tabletes, kapsulas vai \u0161\u0137idro ekstraktu.<\/li>\n<li><strong>Papildu sast\u0101vda\u013cas:<\/strong> Izvairieties no produktiem ar m\u0101ksl\u012bg\u0101m piedev\u0101m un konservantiem.<\/li>\n<li><strong>Atsauksmes:<\/strong> lasiet citu lietot\u0101ju atsauksmes par ra\u017eot\u0101ju un produktu.<\/li>\n<li><strong>Cena:<\/strong> Neizv\u0113lies p\u0101r\u0101k l\u0113tu, bet nep\u0101rmaks\u0101 ar\u012b par d\u0101rg\u0101m prec\u0113m.<\/li>\n<\/ul>\n<p>&nbsp;<\/p>\n<h2><strong>Chorolle un t\u0101s iesp\u0113jam\u0101s blakuspar\u0101d\u012bbas:<\/strong><\/h2>\n<div><\/div>\n<ul>\n<li><strong>Uzp\u016b\u0161an\u0101s<\/strong> \u2013 augsts \u0161\u0137iedrvielu saturs var izrais\u012bt v\u0113dera uzp\u016b\u0161anos, \u0137ermenim piel\u0101gojoties uztura bag\u0101tin\u0101t\u0101jiem.<\/li>\n<li><strong>Caureja<\/strong> &#8211; hlorella var veicin\u0101t \u0101tr\u0101ku zarnu kust\u012bbu, kas var izrais\u012bt caureju.<\/li>\n<li><strong>Nogurums<\/strong> \u2013 da\u017eiem cilv\u0113kiem hlorella s\u0101kotn\u0113ji var izrais\u012bt nogurumu, jo \u0137ermenis piel\u0101gojas detoksik\u0101cijas procesam.<\/li>\n<li><strong>G\u0101ze<\/strong> \u2013 \u0160\u0137iedrvielas un detoksik\u0101cijas sekas var izrais\u012bt vair\u0101k g\u0101zu gremo\u0161anas trakt\u0101.<\/li>\n<li><strong>Za\u013ci izk\u0101rn\u012bjumi<\/strong> \u2013 augstais hlorofila saturs hlorellas var izrais\u012bt izk\u0101rn\u012bjumu za\u013cumu.<\/li>\n<li><strong>Slikta d\u016b\u0161a<\/strong> \u2013 da\u017eiem cilv\u0113kiem var rasties slikta d\u016b\u0161a, \u012bpa\u0161i, ja vi\u0146i s\u0101k lietot hlorellu lielos daudzumos.<\/li>\n<\/ul>\n<\/div>\n","protected":false},"excerpt":{"rendered":"<p>Kas ir horella? Hlorella ir mikroskopiskas vien\u0161\u016bnas za\u013c\u0101s a\u013c\u0123es, kas dabiski aug sald\u016bden\u012b. Tas ir \u013coti sens organisms, kam piem\u012bt unik\u0101las \u012bpa\u0161\u012bbas, kas padar\u012bju\u0161as to par popul\u0101ru uztura bag\u0101tin\u0101t\u0101ju. Hlorella ir unik\u0101la ar savu bag\u0101t\u012bgo uzturvielu sast\u0101vu, kas ir bag\u0101ts ar olbaltumviel\u0101m, vitam\u012bniem, miner\u0101lviel\u0101m, antioksidantiem un, pats galvenais, hlorofilu. Korellas v\u0113sture: St\u0101sts par hlorellu aizs\u0101k\u0101s [&#8230;]\n","protected":false},"author":17,"featured_media":0,"parent":0,"menu_order":0,"comment_status":"closed","ping_status":"closed","template":"","meta":{"inline_featured_image":false,"footnotes":""},"class_list":["post-39713","page","type-page","status-publish","hentry"],"_links":{"self":[{"href":"https:\/\/loosen.lt\/lv\/wp-json\/wp\/v2\/pages\/39713","targetHints":{"allow":["GET"]}}],"collection":[{"href":"https:\/\/loosen.lt\/lv\/wp-json\/wp\/v2\/pages"}],"about":[{"href":"https:\/\/loosen.lt\/lv\/wp-json\/wp\/v2\/types\/page"}],"author":[{"embeddable":true,"href":"https:\/\/loosen.lt\/lv\/wp-json\/wp\/v2\/users\/17"}],"replies":[{"embeddable":true,"href":"https:\/\/loosen.lt\/lv\/wp-json\/wp\/v2\/comments?post=39713"}],"version-history":[{"count":1,"href":"https:\/\/loosen.lt\/lv\/wp-json\/wp\/v2\/pages\/39713\/revisions"}],"predecessor-version":[{"id":39722,"href":"https:\/\/loosen.lt\/lv\/wp-json\/wp\/v2\/pages\/39713\/revisions\/39722"}],"wp:attachment":[{"href":"https:\/\/loosen.lt\/lv\/wp-json\/wp\/v2\/media?parent=39713"}],"curies":[{"name":"wp","href":"https:\/\/api.w.org\/{rel}","templated":true}]}}