{"id":37207,"date":"2024-04-17T14:25:02","date_gmt":"2024-04-17T14:25:02","guid":{"rendered":"https:\/\/loosen.lt\/produktas\/kordicepss-senu-kapsulas-n90\/"},"modified":"2025-02-20T14:40:13","modified_gmt":"2025-02-20T14:40:13","slug":"kordicepss-senu-kapsulas-n90","status":"publish","type":"product","link":"https:\/\/loosen.lt\/lv\/produkts\/kordicepss-senu-kapsulas-n90\/","title":{"rendered":"Kordicepss s\u0113\u0146u kapsulas N90"},"content":{"rendered":"<p><strong>Kordicepsas s\u0113nes \u012bpa\u0161\u012bbas:<\/strong><\/p>\n<\/p>\n<p><strong> Fizisk\u0101s aktivit\u0101tes*:<\/strong><\/p>\n<\/p>\n<p>P\u0113t\u012bjumi, kas public\u0113ti J Diet Suppl. 2017 gads. liecina, ka Cordyceps militaris pozit\u012bvi ietekm\u0113 cilv\u0113kus, kuri nodarbojas ar intens\u012bv\u0101m fizisk\u0101m aktivit\u0101t\u0113m vai tren\u0113jas. Ilgsto\u0161a \u0161\u012bs s\u0113nes lieto\u0161ana var sniegt daudz priek\u0161roc\u012bbu, k\u0101 liecina zin\u0101tniskie p\u0113t\u012bjumi.<\/p>\n<\/p>\n<p><strong>Elpo\u0161anas sist\u0113mas st\u0101voklis*:<\/strong><\/p>\n<p>P\u0113t\u012bjum\u0101, ko 2013. gad\u0101 veica Mu W, Song YL, tika nov\u0113rots, ka Cordyceps sinensis labv\u0113l\u012bgi ietekm\u0113 elpce\u013cus. Tas var uzlabot fizisko aktivit\u0101ti un dz\u012bves kvalit\u0101ti da\u017eiem pacientiem ar hronisku obstrukt\u012bvu plau\u0161u slim\u012bbu (HOPS). Tom\u0113r p\u0101rliecino\u0161i secin\u0101jumi par Cordyceps sinensis iedarb\u012bgumu un dro\u0161\u012bbu v\u0113l nav izdar\u012bti.<\/p>\n<\/p>\n<p><strong>Vesel\u012bga sirds*:<\/strong><\/p>\n<\/p>\n<p>P\u0113t\u012bjum\u0101, kas public\u0113ts J. Pharmacol. Sci. 2010. gad\u0101 pel\u0113m tika nov\u0113rots, ka Kordicepss var pal\u012bdz\u0113t uztur\u0113t sirds vesel\u012bbu, samazinot tauku l\u012bmeni asin\u012bs un \u0101rst\u0113jot aritmiju. Augsts tauku l\u012bmenis asin\u012bs (hiperlipid\u0113mija) ir viens no galvenajiem sirds slim\u012bbu riska faktoriem. 2020. gad\u0101 veikto p\u0113t\u012bjumu anal\u012bze liecina, ka kordyceps\u0101 eso\u0161\u0101 galven\u0101 biolo\u0123iski akt\u012bv\u0101 sast\u0101vda\u013ca &#8211; kordycep\u012bns &#8211; var pal\u012bdz\u0113t samazin\u0101t triglicer\u012bdu, kop\u0113j\u0101 holester\u012bna un zema bl\u012bvuma lipoprote\u012bnu (ZBL) l\u012bmeni asin\u012bs.<\/p>\n<\/p>\n<p><strong>K\u0101di ir popul\u0101r\u0101kie \u0161\u012bs s\u0113nes izmanto\u0161anas veidi?<\/strong> Viena no izplat\u012bt\u0101kaj\u0101m metod\u0113m ir Cordyceps kapsulas, kas ir piem\u0113rotas veg\u0101niem.<\/p>\n<\/p>\n<p><strong>Pat\u0113ri\u0146\u0161:<\/strong> pieaugu\u0161ajiem lietot 1-3 tabletes dien\u0101, uzdzerot gl\u0101zi \u016bdens. Lietojiet kop\u0101 ar p\u0101rtiku.<br \/>Nep\u0101rsniedziet ieteicamo devu.<\/p>\n<\/p>\n<p><strong>Sast\u0101vda\u013cas:<\/strong> Kordiceps ekstrakts, mikrokrist\u0101lisk\u0101 celuloze k\u0101 saistviela, magnija karbon\u0101ts, r\u012bsu milti, sil\u012bcija dioks\u012bds k\u0101 saistviela, hidroksipropilmetilceluloze k\u0101 stabilizators, ieg\u016bt\u0101s koncentr\u0101cijas attiec\u012bba (15:1).<\/p>\n<\/p>\n<table>\n<tbody>\n<tr>\n<td> <\/td>\n<td>1 tablete satur:<\/td>\n<td>2 tabletes satur:<\/td>\n<td>RMV*, %<\/td>\n<\/tr>\n<tr>\n<td>Kordicepsas s\u0113\u0146u ekstrakts<\/td>\n<td><span style=\"font-weight: 400;\">500 mg<\/span><\/td>\n<td><span style=\"font-weight: 400;\">1000 mg<\/span><\/td>\n<td><span style=\"font-weight: 400;\">&#8211;<\/span><\/td>\n<\/tr>\n<\/tbody>\n<\/table>\n<div>RMV* &#8211; nav noteikta uzturv\u0113rt\u012bbas atsauces v\u0113rt\u012bba<\/div>\n<div> <\/div>\n<div> <\/div>\n<div><strong>Uzglab\u0101\u0161anas apst\u0101k\u013ci:<\/strong> uzglab\u0101t tum\u0161\u0101 viet\u0101, temperat\u016br\u0101, kas nav augst\u0101ka par +25 \u00b0C, b\u0113rniem nepieejam\u0101 viet\u0101.<\/div>\n<div> <\/div>\n<div> <\/div>\n<div><strong>Ra\u017eot\u0101js<\/strong>: UAB, Ajomus grupe, A. Baranausko a. 14, LT-29132 Anyk\u0161\u010di\u0173 r.<\/div>\n<div> <\/div>\n<div> <\/div>\n<div><strong>Puse<\/strong>: skat\u012bt. uz iepakojuma.<\/div>\n<div> <\/div>\n<div> <\/div>\n<div><strong>Lab\u0101kais pirms: <\/strong><\/div>\n<div> <\/div>\n<div> <\/div>\n<div><strong>Br\u012bdin\u0101jums:<\/strong> Uztura bag\u0101tin\u0101t\u0101js nav p\u0101rtikas aizst\u0101j\u0113js. Svar\u012bgs ir daudzveid\u012bgs un sabalans\u0113ts uzturs un vesel\u012bgs dz\u012bvesveids. Ja esat gr\u016btniece, barojat b\u0113rnu ar kr\u016bti vai lietojat citas z\u0101les, pirms lieto\u0161anas konsult\u0113jieties ar \u0101rstu vai farmaceitu. Nep\u0101rsniedziet ieteicamo devu.<\/div>\n<div> <\/div>\n<div> <\/div>\n<div> <\/div>\n<div style=\"text-align: center;\"><strong>Svar\u012bgi!<\/strong><\/div>\n<div> * Pie\u0146emot l\u0113mumus par uztura bag\u0101tin\u0101t\u0101ju ieg\u0101di un\/vai lieto\u0161anu, las\u012bt\u0101jiem j\u0101pa\u013caujas tikai uz \u0161aj\u0101 t\u012bmek\u013ca vietn\u0113 sniegto visp\u0101r\u012bgo inform\u0101ciju. Ja Jums ir vesel\u012bbas probl\u0113mas vai patlaban lietojat citas z\u0101les vai uztura bag\u0101tin\u0101t\u0101jus, konsult\u0113jieties ar savu \u0101rstu pirms Kordiceps piedevu lieto\u0161anas. \u0160aj\u0101 rakst\u0101 sniegt\u0101 inform\u0101cija nav 100% apstiprin\u0101ta. \u0160is saturs nav paredz\u0113ts p\u0101rtikas vai uztura bag\u0101tin\u0101t\u0101ju reklam\u0113\u0161anai. Pirms \u0161eit sniegt\u0101s inform\u0101cijas izmanto\u0161anas ieteicams konsult\u0113ties ar \u0101rstu, jo t\u0101 nav uzskat\u0101ma par medic\u012bnisku padomu vai \u0101rst\u0113\u0161anas ieteikumu. Pirms pie\u0146emt l\u0113mumus par savu vesel\u012bbu, iesak\u0101m \u0146emt v\u0113r\u0101 datus no vair\u0101kiem uzticamiem avotiem. Ir svar\u012bgi iev\u0113rot vesel\u012bgu dz\u012bvesveidu un \u0113st daudzveid\u012bgu, sabalans\u0113tu uzturu.<\/div>\n<div> <\/div>\n<div> <\/div>\n<div style=\"text-align: center;\"><strong>Avoti un atsauces:<\/strong><\/div>\n<div> <\/div>\n<div style=\"text-align: center;\">https:\/\/www.forbes.com\/health\/nutrition\/benefits-of-cordyceps\/<\/div>\n<div style=\"text-align: center;\">https:\/\/www.ncbi.nlm.nih.gov\/pmc\/articles\/PMC5236007\/<\/div>\n<div style=\"text-align: center;\">https:\/\/www.ncbi.nlm.nih.gov\/pmc\/articles\/PMC6470429\/<\/div>\n<div style=\"text-align: center;\">https:\/\/www.mdpi.com\/1420-3049\/25\/12\/2735<\/div>\n<div style=\"text-align: center;\">https:\/\/www.ncbi.nlm.nih.gov\/pmc\/articles\/PMC7356751\/#B79-molecules-25-02735<\/div>\n<div> <\/div>\n<div> <\/div>\n","protected":false},"excerpt":{"rendered":"<p>S\u0113ne, kas paz\u012bstama k\u0101 Himalaju zelts, kordycepss. \u0160\u012b s\u0113ne pieder pie paraz\u012btisk\u0101s s\u0113nes formas, kas visbie\u017e\u0101k sastopama uz kukai\u0146u k\u0101puriem, tostarp tauri\u0146iem, skudr\u0101m vai citiem kukai\u0146iem. Interesanti, ka tradicion\u0101laj\u0101 \u0137\u012bnie\u0161u medic\u012bn\u0101 gadsimtiem ilgi izmantot\u0101s s\u0113nes kordicepsas sporas tiek izkais\u012btas uz upura, kas p\u0113c tam p\u0101rkl\u0101jas ar s\u0113ni. Kad kukai\u0146\u0161 iet boj\u0101, s\u0113ne s\u0101k ar to baroties, un mumific\u0113to kukaini kordicepss izmanto, lai izd\u0113tu savas oli\u0146as.<\/p>\n<p>&nbsp;<\/p>\n<p><strong>Iepakojum\u0101 atrad\u012bsiet<\/strong><\/p>\n<ul>\n<li>Augst\u0101k\u0101s kvalit\u0101tes uztura bag\u0101tin\u0101t\u0101js<\/li>\n<li>L\u012bdz 500 mg Kordicepsas s\u0113\u0146u ekstrakta vien\u0101 tablet\u0113<\/li>\n<li>Polisahar\u012bdi: &gt;=30%<\/li>\n<li>No s\u0113nes ieg\u016bt\u0101 ekstrakta koncentr\u0101cija: 15:1<\/li>\n<li>L\u012bdz 90 kapsul\u0101m, pietiek 30-90 dien\u0101m<\/li>\n<li>Veg\u0101niem piem\u0113rots uztura bag\u0101tin\u0101t\u0101js<\/li>\n<\/ul>\n<p>&nbsp;<\/p>\n","protected":false},"featured_media":38180,"comment_status":"open","ping_status":"closed","template":"","meta":{"inline_featured_image":false},"product_brand":[],"product_cat":[158,144],"product_tag":[],"class_list":{"0":"post-37207","1":"product","2":"type-product","3":"status-publish","4":"has-post-thumbnail","6":"product_cat-sirds-un-asins-plusma","7":"product_cat-energija","9":"first","10":"instock","11":"shipping-taxable","12":"purchasable","13":"product-type-simple"},"_links":{"self":[{"href":"https:\/\/loosen.lt\/lv\/wp-json\/wp\/v2\/product\/37207","targetHints":{"allow":["GET"]}}],"collection":[{"href":"https:\/\/loosen.lt\/lv\/wp-json\/wp\/v2\/product"}],"about":[{"href":"https:\/\/loosen.lt\/lv\/wp-json\/wp\/v2\/types\/product"}],"replies":[{"embeddable":true,"href":"https:\/\/loosen.lt\/lv\/wp-json\/wp\/v2\/comments?post=37207"}],"wp:featuredmedia":[{"embeddable":true,"href":"https:\/\/loosen.lt\/lv\/wp-json\/wp\/v2\/media\/38180"}],"wp:attachment":[{"href":"https:\/\/loosen.lt\/lv\/wp-json\/wp\/v2\/media?parent=37207"}],"wp:term":[{"taxonomy":"product_brand","embeddable":true,"href":"https:\/\/loosen.lt\/lv\/wp-json\/wp\/v2\/product_brand?post=37207"},{"taxonomy":"product_cat","embeddable":true,"href":"https:\/\/loosen.lt\/lv\/wp-json\/wp\/v2\/product_cat?post=37207"},{"taxonomy":"product_tag","embeddable":true,"href":"https:\/\/loosen.lt\/lv\/wp-json\/wp\/v2\/product_tag?post=37207"}],"curies":[{"name":"wp","href":"https:\/\/api.w.org\/{rel}","templated":true}]}}