{"id":37221,"date":"2024-01-09T12:20:41","date_gmt":"2024-01-09T12:20:41","guid":{"rendered":"https:\/\/loosen.lt\/produktas\/loosen-15-pilna-spektra-kanepju-ella\/"},"modified":"2025-07-22T12:27:56","modified_gmt":"2025-07-22T12:27:56","slug":"loosen-15-pilna-spektra-kanepju-ella","status":"publish","type":"product","link":"https:\/\/loosen.lt\/lv\/produkts\/loosen-15-pilna-spektra-kanepju-ella\/","title":{"rendered":"LOOSEN 15% pilna spektra ka\u0146epju e\u013c\u013ca"},"content":{"rendered":"<p>Ka\u0146epju s\u0113klu e\u013c\u013ca DELICATE 15% 1500 mg MCT. Ka\u0146epes, no kur\u0101m m\u0113s ra\u017eojam e\u013c\u013cu, ir audz\u0113tas bez m\u0101ksl\u012bg\u0101 m\u0113slojuma, pestic\u012bdiem vai \u0137\u012bmisk\u0101m viel\u0101m. Lai nodro\u0161in\u0101tu m\u016bsu produktu augst\u0101ko kvalit\u0101ti un dro\u0161\u012bbu, m\u0113s veicam pla\u0161as laboratorijas p\u0101rbaudes. Ieteicamais daudzums ir 5-8 pilieni.<\/p>\n<p>&nbsp;<\/p>\n<ul>\n<li>Pilna spektra dabiskie kanabino\u012bdi (CBD, CBDV, CBG, CBC, CBN, CBDA, CBGA, THC, THCV, THCA)<\/li>\n<li>E\u013c\u013ca nesatur toks\u012bnus un smagos met\u0101lus.<\/li>\n<li>10 mililitri (200 pilieni). 1 piliens satur aptuveni 7,5 mg CBD (200 pilieni x 7,5 mg)<\/li>\n<li>Visi m\u016bsu sertifik\u0101ti apstiprina CBD saturu.<\/li>\n<li>\u0160\u012b CBD e\u013c\u013ca ir izgatavota, izmantojot dro\u0161u spirta ekstrakcijas metodi (visdabisk\u0101ko).<\/li>\n<li>Satur maz\u0101k par 0,2% THC.<\/li>\n<\/ul>\n<p>&nbsp;<\/p>\n<p>Ra\u017eot\u0101js: LOOSEN<br \/>\nIzcelsmes valsts: Lietuva<br \/>\nCBD e\u013c\u013cas sast\u0101vs: ka\u0146epju s\u0113klu e\u013c\u013ca.<\/p>\n<p>&nbsp;<\/p>\n<p>E\u013c\u013ca tiek ra\u017eota tikai no r\u016bp\u012bgi atlas\u012bt\u0101m izejviel\u0101m, t\u0101p\u0113c atbilst visaugst\u0101kajiem kvalit\u0101tes standartiem.<\/p>\n<p>&nbsp;<\/p>\n<p><strong>Lieto\u0161ana:<\/strong><br \/>\nParedz\u0113ts profesion\u0101lai lieto\u0161anai.<\/p>\n<p>CBD produkti nav uztura bag\u0101tin\u0101t\u0101js vai p\u0101rtikas aizst\u0101j\u0113js.<\/p>\n<p>&nbsp;<\/p>\n<p><strong>Uzglab\u0101\u0161anas nosac\u012bjumi: uzglab\u0101t istabas temperat\u016br\u0101, prom no saules gaismas un b\u0113rniem nepieejam\u0101 viet\u0101.<\/strong><\/p>\n<p>&nbsp;<\/p>\n<p><strong>Br\u012bdin\u0101jums: Augstas koncentr\u0101cijas e\u013c\u013ca var izkristaliz\u0113ties, ta\u010du tas nav defekts un pietiek ar to, lai e\u013c\u013cu uzsild\u012btu, piem\u0113ram, ieliktu silt\u0101 \u016bden\u012b.<\/strong><\/p>\n<p>&nbsp;<\/p>\n<p><strong>Vair\u0101k inform\u0101cijas par CBD e\u013c\u013c\u0101m var atrast:<\/strong> <a href=\"https:\/\/loosen.lt\/lv\/cbd-ella\/\">\u0160EIT<\/a><\/p>\n","protected":false},"excerpt":{"rendered":"<p>LOOSEN DELICATE ir augstas kvalit\u0101tes, pilna spektra \u0160veices ka\u0146epju e\u013c\u013ca ar 1500 mg CBD katr\u0101 pudel\u0113. Ka\u0146epes, no kur\u0101m m\u0113s ra\u017eojam e\u013c\u013cu, ir audz\u0113tas bez m\u0101ksl\u012bg\u0101 m\u0113slojuma, pestic\u012bdiem vai \u0137\u012bmisk\u0101m viel\u0101m. Ieteicamais daudzums ir 5-8 pilieni.<br \/>\n<strong>Ska\u013cums: 10ml.<\/strong><\/p>\n<p>&nbsp;<\/p>\n<p><strong>Cilv\u0113ki bie\u017ei piedz\u012bvo nogurumu, bezmiegu un stresu. Cilv\u0113kam \u013coti svar\u012bgs ir kvalitat\u012bvs miegs un miers, bez iek\u0161\u0113j\u0101 miera k\u013c\u016bstam aizkaitin\u0101mi un nelaim\u012bgi.<\/strong><\/p>\n","protected":false},"featured_media":37222,"comment_status":"open","ping_status":"closed","template":"","meta":{"inline_featured_image":false},"product_brand":[],"product_cat":[87],"product_tag":[],"class_list":{"0":"post-37221","1":"product","2":"type-product","3":"status-publish","4":"has-post-thumbnail","6":"product_cat-lv-cbd-ella","8":"first","9":"instock","10":"shipping-taxable","11":"purchasable","12":"product-type-simple"},"_links":{"self":[{"href":"https:\/\/loosen.lt\/lv\/wp-json\/wp\/v2\/product\/37221","targetHints":{"allow":["GET"]}}],"collection":[{"href":"https:\/\/loosen.lt\/lv\/wp-json\/wp\/v2\/product"}],"about":[{"href":"https:\/\/loosen.lt\/lv\/wp-json\/wp\/v2\/types\/product"}],"replies":[{"embeddable":true,"href":"https:\/\/loosen.lt\/lv\/wp-json\/wp\/v2\/comments?post=37221"}],"wp:featuredmedia":[{"embeddable":true,"href":"https:\/\/loosen.lt\/lv\/wp-json\/wp\/v2\/media\/37222"}],"wp:attachment":[{"href":"https:\/\/loosen.lt\/lv\/wp-json\/wp\/v2\/media?parent=37221"}],"wp:term":[{"taxonomy":"product_brand","embeddable":true,"href":"https:\/\/loosen.lt\/lv\/wp-json\/wp\/v2\/product_brand?post=37221"},{"taxonomy":"product_cat","embeddable":true,"href":"https:\/\/loosen.lt\/lv\/wp-json\/wp\/v2\/product_cat?post=37221"},{"taxonomy":"product_tag","embeddable":true,"href":"https:\/\/loosen.lt\/lv\/wp-json\/wp\/v2\/product_tag?post=37221"}],"curies":[{"name":"wp","href":"https:\/\/api.w.org\/{rel}","templated":true}]}}