{"id":37267,"date":"2023-12-21T17:38:40","date_gmt":"2023-12-21T17:38:40","guid":{"rendered":"https:\/\/loosen.lt\/produktas\/loosen-amnesia-kanepes-10\/"},"modified":"2025-08-06T14:29:45","modified_gmt":"2025-08-06T14:29:45","slug":"loosen-amnesia-kanepes-10","status":"publish","type":"product","link":"https:\/\/loosen.lt\/lv\/produkts\/loosen-amnesia-kanepes-10\/","title":{"rendered":"LOOSEN AMNESIA ka\u0146epes &#8211; 10%"},"content":{"rendered":"<p><strong>Produkta apraksts:<\/strong><\/p>\n<ul>\n<li>M\u016bsu likum\u012bgie CBD gredzeni tiek ieg\u016bti tikai no augst\u0101k\u0101s kvalit\u0101tes ka\u0146epju celmiem. Cannabis Sativa L. ziedkopas (100%)<\/li>\n<li>Tie ir \u012bpa\u0161i audz\u0113ti, lai ra\u017eotu augstu CBD un zemu THC l\u012bmeni, un tie ir likum\u012bgi ES<\/li>\n<li>Garant\u0113ta kvalit\u0101te \u2013 bez \u0122MO un pestic\u012bdiem<\/li>\n<li>THC maz\u0101k nek\u0101 0,2%<\/li>\n<li>Bez s\u0113kl\u0101m<\/li>\n<li>CBD, CBDA, CBDV, CBG, CBGA, CBC, CBN, THC, THCV, THCA un da\u017e\u0101di fenoli, flavono\u012bdi un terp\u0113ni ir vesel\u012bbu veicino\u0161as \u0137\u012bmiskas vielas.<\/li>\n<li>Produkts ir audz\u0113ts dabiski.<\/li>\n<\/ul>\n<p>&nbsp;<\/p>\n<p>Produkts: ka\u0146epju ziedu t\u0113ja.<br \/>\nRa\u017eot\u0101js: Loosen<br \/>\nIzcelsmes valsts: Lietuva<br \/>\nSast\u0101vda\u013cas: \u0160\u0137iedrainie ka\u0146epju ziedi.<br \/>\nKa\u0146epju veids: Cannabis Sativa L.<br \/>\nLab\u0101kais pirms: skatieties uz iepakojuma.<br \/>\nNeto daudzums: 10g.<br \/>\nCBD saturs: 10%. &lt;0,2% THC<\/p>\n<p>&nbsp;<\/p>\n<p><strong>Lieto\u0161ana:<\/strong><br \/>\nUzlejiet t\u0113ju ar 450 ml 95\u00b0C \u016bdens uz 0,5g ka\u0146epju ziedu un paturiet 5-8 min\u016btes.<\/p>\n<p>&nbsp;<\/p>\n<p><strong>Uzglab\u0101\u0161anas nosac\u012bjumi: Uzglab\u0101t istabas temperat\u016br\u0101, sarg\u0101t no saules gaismas un b\u0113rniem nepieejam\u0101 viet\u0101.<\/strong><\/p>\n<p>&nbsp;<\/p>\n<p><strong>Ja v\u0113laties uzzin\u0101t vair\u0101k par CBD gredzeniem, noklik\u0161\u0137iniet:<\/strong> <a href=\"https:\/\/loosen.lt\/lv\/cbd-kanepes\/\">\u0160EIT<\/a><\/p>\n","protected":false},"excerpt":{"rendered":"<p>LOOSEN AMNESIA Swiss Cannabis &#8211; ir smalks un sp\u0113c\u012bgs citrusaug\u013cu arom\u0101ts.<br \/>\n<strong>Svars: 10g<\/strong><\/p>\n<p>&nbsp;<\/p>\n<p><strong>Cilv\u0113ki bie\u017ei piedz\u012bvo nogurumu, bezmiegu un stresu. Cilv\u0113kam \u013coti svar\u012bgs ir kvalitat\u012bvs miegs un miers, bez iek\u0161\u0113j\u0101 miera k\u013c\u016bstam aizkaitin\u0101mi un nelaim\u012bgi.<\/strong><\/p>\n<p>&nbsp;<\/p>\n","protected":false},"featured_media":37269,"comment_status":"open","ping_status":"closed","template":"","meta":{"inline_featured_image":false},"product_brand":[],"product_cat":[88],"product_tag":[],"class_list":{"0":"post-37267","1":"product","2":"type-product","3":"status-publish","4":"has-post-thumbnail","6":"product_cat-kanepju-ziedi","8":"first","9":"instock","10":"shipping-taxable","11":"purchasable","12":"product-type-simple"},"_links":{"self":[{"href":"https:\/\/loosen.lt\/lv\/wp-json\/wp\/v2\/product\/37267","targetHints":{"allow":["GET"]}}],"collection":[{"href":"https:\/\/loosen.lt\/lv\/wp-json\/wp\/v2\/product"}],"about":[{"href":"https:\/\/loosen.lt\/lv\/wp-json\/wp\/v2\/types\/product"}],"replies":[{"embeddable":true,"href":"https:\/\/loosen.lt\/lv\/wp-json\/wp\/v2\/comments?post=37267"}],"wp:featuredmedia":[{"embeddable":true,"href":"https:\/\/loosen.lt\/lv\/wp-json\/wp\/v2\/media\/37269"}],"wp:attachment":[{"href":"https:\/\/loosen.lt\/lv\/wp-json\/wp\/v2\/media?parent=37267"}],"wp:term":[{"taxonomy":"product_brand","embeddable":true,"href":"https:\/\/loosen.lt\/lv\/wp-json\/wp\/v2\/product_brand?post=37267"},{"taxonomy":"product_cat","embeddable":true,"href":"https:\/\/loosen.lt\/lv\/wp-json\/wp\/v2\/product_cat?post=37267"},{"taxonomy":"product_tag","embeddable":true,"href":"https:\/\/loosen.lt\/lv\/wp-json\/wp\/v2\/product_tag?post=37267"}],"curies":[{"name":"wp","href":"https:\/\/api.w.org\/{rel}","templated":true}]}}